{"id":1650,"date":"2018-11-29T16:20:39","date_gmt":"2018-11-29T21:20:39","guid":{"rendered":"http:\/\/www.oui-iohe.org\/eiestec\/"},"modified":"2021-11-25T20:50:28","modified_gmt":"2021-11-26T01:50:28","slug":"eiestec","status":"publish","type":"page","link":"https:\/\/oui-iohe.org\/pt-br\/eiestec\/","title":{"rendered":"EIESTEC"},"content":{"rendered":"<div class=\"wpb-content-wrapper\"><p>[vc_row][vc_column][vc_custom_heading source=&#8221;post_title&#8221; font_container=&#8221;tag:h1|text_align:left&#8221; use_theme_fonts=&#8221;yes&#8221;][\/vc_column][\/vc_row][vc_row][vc_column width=&#8221;1\/3&#8243;][vc_single_image image=&#8221;1919&#8243; img_size=&#8221;large&#8221; alignment=&#8221;center&#8221;][\/vc_column][vc_column width=&#8221;2\/3&#8243;][vc_custom_heading text=&#8221;Hist\u00f3ria&#8221; use_theme_fonts=&#8221;yes&#8221;][vc_column_text]O <strong>Espa\u00e7o Interamericano de Ensino Superior T\u00e9cnico e Tecnol\u00f3gico (EIESTEC)<\/strong> nasceu em 2014, como o resultado do primeiro encontro promovido pela Organiza\u00e7\u00e3o Universit\u00e1ria Interamericana (OUI), e tem como prop\u00f3sito de fortalecer a forma\u00e7\u00e3o, pesquisa e inova\u00e7\u00e3o das careiras profissionais de curta dura\u00e7\u00e3o das Institui\u00e7\u00f5es de Ensino Superior (IES) t\u00e9cnicas e tecnol\u00f3gicas das Am\u00e9ricas. Este programa atende \u00e0 necessidade das IES de compartilhar suas experi\u00eancias com a finalidade de criar uma rede de comunica\u00e7\u00e3o, integra\u00e7\u00e3o e desenvolvimento adaptada a suas pr\u00f3prias caracter\u00edsticas.<\/p>\n<p>Ap\u00f3s uma s\u00e9rie de quatro reuni\u00f5es anuais, que mobilizaram este setor, a OUI adotou formalmente o EIESTEC como seu \u00faltimo programa em 2018.[\/vc_column_text][\/vc_column][\/vc_row][vc_row full_width=&#8221;stretch_row&#8221; css=&#8221;.vc_custom_1542744654565{padding-top: 20px !important;background-color: #f1f1f1 !important;}&#8221;][vc_column][vc_column_text]Na atualidade, o OUI continua a ser o espa\u00e7o de integra\u00e7\u00e3o por excel\u00eancia promotor da forma\u00e7\u00e3o, investiga\u00e7\u00e3o e inova\u00e7\u00e3o nas Institui\u00e7\u00f5es de Ensino Superior t\u00e9cnico e tecnol\u00f3gico das Am\u00e9ricas, atrav\u00e9s dos eixos que se definem a seguir:<\/p>\n<ul>\n<li><strong>Integra\u00e7\u00e3o<\/strong>: espa\u00e7o para facilitar a colabora\u00e7\u00e3o institucional, identificar as boas pr\u00e1ticas e aproveitar experi\u00eancias consolidadas.<\/li>\n<li><strong>Forma\u00e7\u00e3o<\/strong>: para oferecer oportunidades de desenvolvimento profissional a educadores e diretores do ensino t\u00e9cnico e tecnol\u00f3gico.<\/li>\n<li><strong>Pesquisa<\/strong>: para conhecer mais a respeito da oferta educativa no setor e promover a pesquisa aplicada.<\/li>\n<\/ul>\n<p>[\/vc_column_text][\/vc_column][\/vc_row][vc_row full_width=&#8221;stretch_row&#8221; css=&#8221;.vc_custom_1542744817691{margin-top: -20px !important;background-color: #f1f1f1 !important;}&#8221;][vc_column][vc_separator color=&#8221;iohe-orange&#8221; border_width=&#8221;6&#8243;][vc_custom_heading text=&#8221;Encontro EIESTEC&#8221; font_container=&#8221;tag:h4|text_align:left&#8221; use_theme_fonts=&#8221;yes&#8221; css=&#8221;.vc_custom_1543527685673{margin-bottom: 20px !important;}&#8221;][vc_column_text el_class=&#8221;fw-medium&#8221;]Atendendo o primeiro eixo de Integra\u00e7\u00e3o, a OUI criou o Encontro EIESTEC, que \u00e9 organizado a cada ano em colabora\u00e7\u00e3o com as institui\u00e7\u00f5es e organismos de ensino superior e se consolidou como o espa\u00e7o de encontro por excel\u00eancia das Am\u00e9ricas, dedicado ao setor das Institui\u00e7\u00f5es de Ensino Superior T\u00e9cnico e Tecnol\u00f3gico (IESTT).<\/p>\n<p>Os participantes dos congressos EIETEC assistiram a confer\u00eancias, participaram de pain\u00e9is tem\u00e1ticos e grupos de trabalho, e assistiram a presenta\u00e7\u00f5es das melhores pr\u00e1ticas e de experiencias que tiveram sucesso. S\u00e3o atividades de grande interesse e import\u00e2ncia para as institui\u00e7\u00f5es de forma\u00e7\u00e3o t\u00e9cnica nas Am\u00e9ricas.[\/vc_column_text][\/vc_column][\/vc_row][vc_row full_width=&#8221;stretch_row&#8221; css=&#8221;.vc_custom_1542744897386{background-color: #f1f1f1 !important;}&#8221;][vc_column][vc_separator color=&#8221;iohe-orange&#8221; border_width=&#8221;6&#8243;][vc_custom_heading text=&#8221;Diploma EIESTEC &#8221; font_container=&#8221;tag:h4|text_align:left&#8221; use_theme_fonts=&#8221;yes&#8221; css=&#8221;.vc_custom_1543527706785{margin-bottom: 20px !important;}&#8221;][vc_column_text el_class=&#8221;fw-medium&#8221;]A fim de oferecer programas de treinamento adaptados \u00e0s IESTT, o EIESTEC realizou uma an\u00e1lise das necessidades de treinamento destas para desenvolver e oferecer um produto de treinamento on-line aos membros j\u00e1 em 2019.[\/vc_column_text][\/vc_column][\/vc_row][vc_row][vc_column][vc_btn title=&#8221;Veja nossa oferta de treinamento&#8221; style=&#8221;flat&#8221; shape=&#8221;square&#8221; color=&#8221;iohe-orange&#8221; size=&#8221;lg&#8221; align=&#8221;center&#8221; link=&#8221;url:https%3A%2F%2Foui-iohe.org%2Fpt-br%2Foferta-formativa%2F||target:%20_blank|&#8221;][\/vc_column][\/vc_row]<\/p>\n<\/div>","protected":false},"excerpt":{"rendered":"<p>[vc_row][vc_column][vc_custom_heading source=&#8221;post_title&#8221; font_container=&#8221;tag:h1|text_align:left&#8221; use_theme_fonts=&#8221;yes&#8221;][\/vc_column][\/vc_row][vc_row][vc_column width=&#8221;1\/3&#8243;][vc_single_image image=&#8221;1919&#8243; img_size=&#8221;large&#8221; alignment=&#8221;center&#8221;][\/vc_column][vc_column width=&#8221;2\/3&#8243;][vc_custom_heading text=&#8221;Hist\u00f3ria&#8221; use_theme_fonts=&#8221;yes&#8221;][vc_column_text]O Espa\u00e7o Interamericano de Ensino Superior T\u00e9cnico e Tecnol\u00f3gico (EIESTEC) [&hellip;]<\/p>\n","protected":false},"author":4,"featured_media":1893,"parent":0,"menu_order":0,"comment_status":"closed","ping_status":"closed","template":"","meta":{"_acf_changed":false,"_monsterinsights_skip_tracking":false,"_monsterinsights_sitenote_active":false,"_monsterinsights_sitenote_note":"","_monsterinsights_sitenote_category":0,"footnotes":""},"class_list":["post-1650","page","type-page","status-publish","has-post-thumbnail","hentry"],"acf":[],"aioseo_notices":[],"_links":{"self":[{"href":"https:\/\/oui-iohe.org\/pt-br\/wp-json\/wp\/v2\/pages\/1650","targetHints":{"allow":["GET"]}}],"collection":[{"href":"https:\/\/oui-iohe.org\/pt-br\/wp-json\/wp\/v2\/pages"}],"about":[{"href":"https:\/\/oui-iohe.org\/pt-br\/wp-json\/wp\/v2\/types\/page"}],"author":[{"embeddable":true,"href":"https:\/\/oui-iohe.org\/pt-br\/wp-json\/wp\/v2\/users\/4"}],"replies":[{"embeddable":true,"href":"https:\/\/oui-iohe.org\/pt-br\/wp-json\/wp\/v2\/comments?post=1650"}],"version-history":[{"count":12,"href":"https:\/\/oui-iohe.org\/pt-br\/wp-json\/wp\/v2\/pages\/1650\/revisions"}],"predecessor-version":[{"id":10407,"href":"https:\/\/oui-iohe.org\/pt-br\/wp-json\/wp\/v2\/pages\/1650\/revisions\/10407"}],"wp:featuredmedia":[{"embeddable":true,"href":"https:\/\/oui-iohe.org\/pt-br\/wp-json\/wp\/v2\/media\/1893"}],"wp:attachment":[{"href":"https:\/\/oui-iohe.org\/pt-br\/wp-json\/wp\/v2\/media?parent=1650"}],"curies":[{"name":"wp","href":"https:\/\/api.w.org\/{rel}","templated":true}]}}