{"id":16500,"date":"2024-11-04T14:54:29","date_gmt":"2024-11-04T19:54:29","guid":{"rendered":"https:\/\/oui-iohe.org\/?page_id=16500"},"modified":"2026-01-29T10:09:16","modified_gmt":"2026-01-29T15:09:16","slug":"aula-colaborativa-oui","status":"publish","type":"page","link":"https:\/\/oui-iohe.org\/pt-br\/aula-colaborativa-oui\/","title":{"rendered":"Aula Colaborativa OUI"},"content":{"rendered":"<div class=\"wpb-content-wrapper\"><p>[vc_row][vc_column][vc_custom_heading source=&#8221;post_title&#8221; font_container=&#8221;tag:h1|text_align:left&#8221; use_theme_fonts=&#8221;yes&#8221;][\/vc_column][\/vc_row][vc_row full_width=&#8221;stretch_row&#8221; css=&#8221;.vc_custom_1724879493976{background-color: #f1f1f1 !important;}&#8221;][vc_column][vc_column_text css=&#8221;&#8221;]A Organiza\u00e7\u00e3o Universit\u00e1ria Interamericana (OUI), respondendo aos seus Objetivos Estrat\u00e9gicos, que buscam ampliar os servi\u00e7os a seus membros, estabeleceu este espa\u00e7o de vincula\u00e7\u00e3o interinstitucional para a implementa\u00e7\u00e3o de iniciativas de forma\u00e7\u00e3o com toda a sua membresia atrav\u00e9s da Aula Colaborativa OUI.<br \/>\nEste espa\u00e7o de difus\u00e3o foi desenvolvido para que as institui\u00e7\u00f5es membros da OUI possam compartilhar e promover sua oferta formativa em educa\u00e7\u00e3o continuada, aumentando a visibilidade e o alcance de suas a\u00e7\u00f5es de forma\u00e7\u00e3o, contribuindo para uma din\u00e2mica de relacionamento interamericano sobre as seguintes linhas:<br \/>\n1.Equidade e inclus\u00e3o<br \/>\n2.Pesquisa<br \/>\n3.Lideran\u00e7a<br \/>\n4.Inova\u00e7\u00e3o educacional<br \/>\n5.Internacionaliza\u00e7\u00e3o<br \/>\n6.Objetivos de Desenvolvimento Sustent\u00e1vel (ODS)[\/vc_column_text][\/vc_column][\/vc_row][vc_row][vc_column][vc_toggle title=&#8221;Objetivo&#8221; style=&#8221;round_outline&#8221; color=&#8221;green&#8221; size=&#8221;lg&#8221; css=&#8221;&#8221;]Contar com um espa\u00e7o de promo\u00e7\u00e3o e difus\u00e3o da oferta formativa externa de educa\u00e7\u00e3o continuada, que fortale\u00e7a, facilite e amplie o acesso a diferentes linhas de forma\u00e7\u00e3o oferecidas em colabora\u00e7\u00e3o com as institui\u00e7\u00f5es membros da OUI.[\/vc_toggle][vc_toggle title=&#8221;Dirigido a&#8221; style=&#8221;round_outline&#8221; color=&#8221;green&#8221; size=&#8221;lg&#8221; css=&#8221;&#8221;]Os membros da OUI que tenham sua membresia ativa e especificamente nas \u00e1reas de forma\u00e7\u00e3o continuada das institui\u00e7\u00f5es de educa\u00e7\u00e3o superior.[\/vc_toggle][vc_toggle title=&#8221;Tipos de atividades virtuais e presenciais.&#8221; style=&#8221;round_outline&#8221; color=&#8221;green&#8221; size=&#8221;lg&#8221; css=&#8221;&#8221;]<\/p>\n<ul>\n<li>Cursos completos de no m\u00e1ximo seis semanas.<\/li>\n<li>M\u00f3dulos de cursos de no m\u00e1ximo quatro semanas.<\/li>\n<li>Semin\u00e1rios de um dia m\u00e1ximo com atividades s\u00edncronas e ass\u00edncronas.<\/li>\n<li>Oficinas de at\u00e9 tr\u00eas dias para o desenvolvimento de compet\u00eancias e uso de ferramentas espec\u00edficas.<\/li>\n<\/ul>\n<p>* A dura\u00e7\u00e3o das atividades mencionadas \u00e9 aproximada e qualquer varia\u00e7\u00e3o pode ser discutida com a Dire\u00e7\u00e3o Acad\u00eamica da OUI.[\/vc_toggle][\/vc_column][\/vc_row][vc_row][vc_column][vc_custom_heading text=&#8221;Oferta&#8221; use_theme_fonts=&#8221;yes&#8221; css=&#8221;&#8221;][vc_column_text css=&#8221;&#8221;]Compartilhamos as seguintes possibilidades de forma\u00e7\u00e3o:[\/vc_column_text][\/vc_column][\/vc_row][vc_row][vc_column width=&#8221;1\/2&#8243;][vc_single_image image=&#8221;20035&#8243; img_size=&#8221;medium&#8221; css=&#8221;&#8221;][vc_btn title=&#8221;Oferta Aula Colaborativa OUI&#8221; style=&#8221;flat&#8221; shape=&#8221;square&#8221; color=&#8221;iohe-orange&#8221; size=&#8221;lg&#8221; align=&#8221;left&#8221; css=&#8221;&#8221; link=&#8221;url:https%3A%2F%2Foui-iohe.org%2Fpt-br%2Foferta-aula-colaborativa-oui%2F|target:_blank&#8221;][\/vc_column][vc_column width=&#8221;1\/2&#8243;][vc_single_image image=&#8221;20028&#8243; img_size=&#8221;medium&#8221; css=&#8221;&#8221;][vc_btn title=&#8221;Oferta colaborativa ODS&#8221; style=&#8221;flat&#8221; shape=&#8221;square&#8221; color=&#8221;iohe-orange&#8221; size=&#8221;lg&#8221; align=&#8221;left&#8221; css=&#8221;&#8221; link=&#8221;url:https%3A%2F%2Foui-iohe.org%2Fes%2Foferta-colaborativa-oui-ods%2F|target:_blank&#8221;][\/vc_column][\/vc_row][vc_row][vc_column][vc_separator color=&#8221;iohe-orange&#8221; border_width=&#8221;6&#8243; css=&#8221;&#8221;][vc_toggle title=&#8221;Requisitos e Processo de incorpora\u00e7\u00e3o \u00e0 Aula Colaborativa OUI.&#8221; style=&#8221;round_outline&#8221; color=&#8221;green&#8221; size=&#8221;lg&#8221; css=&#8221;&#8221;]<strong>Requisitos:<\/strong><\/p>\n<ul>\n<li>Ser membro da OUI e estar em dia com suas obriga\u00e7\u00f5es.<\/li>\n<li>Cumprir com as caracter\u00edsticas de um curso virtual\/presencial: conte\u00fados relevantes e atualizados, podendo ser um curso novo ou que j\u00e1 esteja em opera\u00e7\u00e3o, autogerido ou com tutor, gratuito ou com custo, etc.<\/li>\n<li>Dever\u00e1 haver uma revis\u00e3o de conte\u00fados por parte da Dire\u00e7\u00e3o Acad\u00eamica da OUI.<\/li>\n<li>O curso deve estar focado em alguma das linhas de forma\u00e7\u00e3o continuada mencionadas.<\/li>\n<li>Contar com o tempo de dura\u00e7\u00e3o estabelecido m\u00e1ximo (em geral, mas pode haver exce\u00e7\u00f5es de dura\u00e7\u00e3o).<\/li>\n<li>Cobrir os requisitos t\u00e9cnicos e tecnol\u00f3gicos da opera\u00e7\u00e3o do curso.<\/li>\n<\/ul>\n<p><strong>Processo de incorpora\u00e7\u00e3o:<\/strong><\/p>\n<ol>\n<li><a href=\"https:\/\/docs.google.com\/forms\/d\/e\/1FAIpQLSfPuHmeD9hr4gyajs4OlL5rcivXCu4vGDkIPyR4LbRMlAG7OA\/viewform?usp=sharing\">Preencher o formul\u00e1rio de registro<\/a> com todas as informa\u00e7\u00f5es requeridas sobre a atividade que se deseja integrar \u00e0 Aula Colaborativa OUI.<\/li>\n<li>\u00c9 importante especificar dentro do formul\u00e1rio o e-mail de contato direto com a \u00e1rea respons\u00e1vel pela forma\u00e7\u00e3o educacional que se deseja promover.<\/li>\n<li>Ser\u00e1 necess\u00e1ria uma primeira reuni\u00e3o para especificar os detalhes da Aula Colaborativa.<\/li>\n<li>Assinar o compromisso de participa\u00e7\u00e3o.<\/li>\n<li>Enviar as pe\u00e7as gr\u00e1ficas com as especifica\u00e7\u00f5es e as informa\u00e7\u00f5es requeridas sobre a forma\u00e7\u00e3o educacional.<\/li>\n<\/ol>\n<p>[\/vc_toggle][\/vc_column][\/vc_row][vc_row][vc_column][vc_empty_space][vc_column_text css=&#8221;&#8221;]A Organiza\u00e7\u00e3o Universit\u00e1ria Interamericana (OUI) informa que os cursos oferecidos atrav\u00e9s do nosso servi\u00e7o Aula Colaborativa OUI correspondem a a\u00e7\u00f5es de forma\u00e7\u00e3o continuada das institui\u00e7\u00f5es membros da OUI, as quais assumem a responsabilidade por todos os processos que interv\u00eam no desenvolvimento da atividade. Qualquer d\u00favida ou esclarecimento deve ser direcionado \u00fanica e exclusivamente \u00e0 Institui\u00e7\u00e3o de Educa\u00e7\u00e3o Superior que oferece o servi\u00e7o. Da mesma forma, o procedimento para as inscri\u00e7\u00f5es, desenvolvimento, uso da plataforma, d\u00favidas acad\u00eamicas e entrega de certificados deve ser coordenado diretamente com a institui\u00e7\u00e3o ofertante.[\/vc_column_text][\/vc_column][\/vc_row][vc_row full_width=&#8221;stretch_row&#8221; css=&#8221;.vc_custom_1724883647799{background-color: #f1f1f1 !important;}&#8221;][vc_column width=&#8221;1\/2&#8243;][vc_single_image image=&#8221;1248&#8243; img_size=&#8221;large&#8221; css=&#8221;&#8221;][\/vc_column][vc_column width=&#8221;1\/2&#8243;][vc_custom_heading text=&#8221;D\u00favidas ou informa\u00e7\u00f5es adicionais.&#8221; use_theme_fonts=&#8221;yes&#8221; css=&#8221;&#8221;][vc_column_text css=&#8221;&#8221;]<a href=\"mailto:cursos@oui-iohe.org\">cursos@oui-iohe.org<\/a><\/p>\n<p>Assunto: &#8220;Informa\u00e7\u00e3o Aula Colaborativa OUI&#8221;.[\/vc_column_text][\/vc_column][\/vc_row]<\/p>\n<\/div>","protected":false},"excerpt":{"rendered":"<p>[vc_row][vc_column][vc_custom_heading source=&#8221;post_title&#8221; font_container=&#8221;tag:h1|text_align:left&#8221; use_theme_fonts=&#8221;yes&#8221;][\/vc_column][\/vc_row][vc_row full_width=&#8221;stretch_row&#8221; css=&#8221;.vc_custom_1724879493976{background-color: #f1f1f1 !important;}&#8221;][vc_column][vc_column_text css=&#8221;&#8221;]A Organiza\u00e7\u00e3o Universit\u00e1ria Interamericana (OUI), respondendo aos seus Objetivos Estrat\u00e9gicos, que buscam [&hellip;]<\/p>\n","protected":false},"author":4,"featured_media":0,"parent":0,"menu_order":0,"comment_status":"closed","ping_status":"closed","template":"","meta":{"_acf_changed":false,"_monsterinsights_skip_tracking":false,"_monsterinsights_sitenote_active":false,"_monsterinsights_sitenote_note":"","_monsterinsights_sitenote_category":0,"footnotes":""},"class_list":["post-16500","page","type-page","status-publish","hentry"],"acf":[],"aioseo_notices":[],"_links":{"self":[{"href":"https:\/\/oui-iohe.org\/pt-br\/wp-json\/wp\/v2\/pages\/16500","targetHints":{"allow":["GET"]}}],"collection":[{"href":"https:\/\/oui-iohe.org\/pt-br\/wp-json\/wp\/v2\/pages"}],"about":[{"href":"https:\/\/oui-iohe.org\/pt-br\/wp-json\/wp\/v2\/types\/page"}],"author":[{"embeddable":true,"href":"https:\/\/oui-iohe.org\/pt-br\/wp-json\/wp\/v2\/users\/4"}],"replies":[{"embeddable":true,"href":"https:\/\/oui-iohe.org\/pt-br\/wp-json\/wp\/v2\/comments?post=16500"}],"version-history":[{"count":25,"href":"https:\/\/oui-iohe.org\/pt-br\/wp-json\/wp\/v2\/pages\/16500\/revisions"}],"predecessor-version":[{"id":20341,"href":"https:\/\/oui-iohe.org\/pt-br\/wp-json\/wp\/v2\/pages\/16500\/revisions\/20341"}],"wp:attachment":[{"href":"https:\/\/oui-iohe.org\/pt-br\/wp-json\/wp\/v2\/media?parent=16500"}],"curies":[{"name":"wp","href":"https:\/\/api.w.org\/{rel}","templated":true}]}}