{"id":16820,"date":"2024-09-26T14:02:27","date_gmt":"2024-09-26T18:02:27","guid":{"rendered":"https:\/\/oui-iohe.org\/?page_id=16820"},"modified":"2026-04-21T12:22:37","modified_gmt":"2026-04-21T16:22:37","slug":"membros-oui","status":"publish","type":"page","link":"https:\/\/oui-iohe.org\/pt-br\/membros-oui\/","title":{"rendered":"Membros da OUI"},"content":{"rendered":"<div class=\"wpb-content-wrapper\"><p>[vc_row css=&#8221;.vc_custom_1542747685564{margin-bottom: 35px !important;}&#8221;][vc_column][vc_custom_heading source=&#8221;post_title&#8221; font_container=&#8221;tag:h1|text_align:left&#8221; use_theme_fonts=&#8221;yes&#8221;][\/vc_column][\/vc_row][vc_row][vc_column width=&#8221;1\/2&#8243; offset=&#8221;vc_hidden-xs&#8221;][membre_pays_map][\/vc_column][vc_column width=&#8221;1\/2&#8243;][vc_custom_heading text=&#8221;+ 400&#8243; font_container=&#8221;tag:h2|font_size:60px|text_align:center|color:%236fa317|line_height:60px&#8221; use_theme_fonts=&#8221;yes&#8221; css=&#8221;.vc_custom_1737669647946{margin-bottom: 0px !important;}&#8221; el_class=&#8221;no-accent&#8221;][vc_custom_heading text=&#8221;MEMBROS&#8221; font_container=&#8221;tag:h3|text_align:center|color:%236fa317|line_height:30px&#8221; use_theme_fonts=&#8221;yes&#8221;][vc_separator color=&#8221;iohe-orange&#8221; border_width=&#8221;6&#8243;][vc_custom_heading text=&#8221;9&#8243; font_container=&#8221;tag:h2|font_size:60px|text_align:center|color:%236fa317|line_height:60px&#8221; use_theme_fonts=&#8221;yes&#8221; css=&#8221;.vc_custom_1542747273374{margin-bottom: 0px !important;}&#8221; el_class=&#8221;no-accent&#8221;][vc_custom_heading text=&#8221;REGI\u00d5ES&#8221; font_container=&#8221;tag:h3|text_align:center|color:%236fa317|line_height:30px&#8221; use_theme_fonts=&#8221;yes&#8221; css=&#8221;.vc_custom_1544029513474{margin-bottom: 15px !important;}&#8221;][membres-regions position=&#8221;vertical&#8221;][vc_separator color=&#8221;iohe-orange&#8221; border_width=&#8221;6&#8243;][vc_custom_heading text=&#8221;28&#8243; font_container=&#8221;tag:h2|font_size:60px|text_align:center|color:%236fa317|line_height:60px&#8221; use_theme_fonts=&#8221;yes&#8221; css=&#8221;.vc_custom_1542747282135{margin-bottom: 0px !important;}&#8221; el_class=&#8221;no-accent&#8221;][vc_custom_heading text=&#8221;PA\u00cdSES NAS AM\u00c9RICAS&#8221; font_container=&#8221;tag:h3|text_align:center|color:%236fa317|line_height:30px&#8221; use_theme_fonts=&#8221;yes&#8221;][\/vc_column][vc_column width=&#8221;1\/2&#8243; offset=&#8221;vc_hidden-lg vc_hidden-md vc_hidden-sm&#8221; css=&#8221;.vc_custom_1542748095294{margin-top: 35px !important;}&#8221;][membre_pays_map][\/vc_column][\/vc_row][vc_row][vc_column el_id=&#8221;filtresRegions&#8221;][vc_empty_space height=&#8221;41px&#8221;][\/vc_column][\/vc_row][vc_row full_width=&#8221;stretch_row&#8221; css=&#8221;.vc_custom_1543244818465{background-color: #f1f1f1 !important;}&#8221;][vc_column css=&#8221;.vc_custom_1543248422894{padding-top: 0px !important;padding-bottom: 0px !important;}&#8221;][membres-regions position=&#8221;horizontal&#8221;][\/vc_column][\/vc_row][vc_row css=&#8221;.vc_custom_1543251053748{margin-bottom: 60px !important;}&#8221;][vc_column css=&#8221;.vc_custom_1543250618470{padding-top: 0px !important;}&#8221;][membres-pays][\/vc_column][\/vc_row][vc_row][vc_column][vc_tta_accordion style=&#8221;flat&#8221; shape=&#8221;square&#8221; color=&#8221;iohe-orange&#8221; gap=&#8221;35&#8243; c_icon=&#8221;chevron&#8221; c_position=&#8221;right&#8221; active_section=&#8221;999&#8243; no_fill=&#8221;true&#8221; collapsible_all=&#8221;true&#8221;][vc_tta_section title=&#8221;Quais s\u00e3o as vantagens de ser membro da OUI ?&#8221; tab_id=&#8221;Institution&#8221;][vc_column_text]Ser membro da OUI permite a sua institui\u00e7\u00e3o de aproveitar as seguintes oportunidades:<\/p>\n<ul>\n<li>Integrar um <strong>f\u00f3rum de a\u00e7\u00e3o e reflex\u00e3o<\/strong>. Este f\u00f3rum desempenha um papel essencial na constru\u00e7\u00e3o e desenvolvimento de sociedades justas, equitativas e est\u00e1veis;<\/li>\n<li>Fazer parte de uma <strong>organiza\u00e7\u00e3o reconhecida internacionalmente, <\/strong>a \u00fanica tendo uma perspectiva interamericana;<\/li>\n<li>Contribuir \u00e0<strong> cria\u00e7\u00e3o de espa\u00e7os comuns de ensino superior<\/strong> nas Am\u00e9ricas;<\/li>\n<li>Participar de nossos numerosos <strong>eventos acad\u00eamicos interamericano<\/strong><strong>s<\/strong> organizados cada ano nas Am\u00e9ricas, e de nossas <strong>miss\u00f5es universit\u00e1rias<\/strong> no estrangeiro;<\/li>\n<li>Acesso gratuito a <strong>Espa\u00e7o de Mobilidade Virtual no Ensino Superior (eMOVIES)<\/strong>;<\/li>\n<li>Ter acesso a uma <strong>variedade de produtos e servi\u00e7os acad\u00eamicos<\/strong> ;<\/li>\n<li>Tomar parte de <strong>numerosas iniciativas<\/strong> ligadas \u00e0 coopera\u00e7\u00e3o internacional:\n<ul>\n<li><strong>Congresso das Am\u00e9ricas sobre Educa\u00e7\u00e3o Internacional<\/strong> (CAEI): um espa\u00e7o comum do ensino superior nas Am\u00e9ricas;<\/li>\n<li><strong>Pr\u00eamio interamericano de Modelos Educativos Inovadores no ensino superior<\/strong> (Pr\u00eamio MEIN): para criar pontes entre o meio universit\u00e1rio e as diferentes comunidades e setores industriais;<\/li>\n<li><strong>Confer\u00eancia internacional Conhecimento e Inova\u00e7\u00e3o<\/strong> (CIKI): para promover o desenvolvimento metodol\u00f3gico e conceptual, assim como a pr\u00e1tica na gest\u00e3o dos conhecimentos, capital intelectual e gest\u00e3o da inova\u00e7\u00e3o.<\/li>\n<\/ul>\n<\/li>\n<li>Tirar proveito de v\u00e1rias <strong>plataformas virtuais<\/strong>, tais como o portal da OUI e outros sites de cursos oferecendo um conte\u00fado acad\u00eamico atraente essencial aos membros de nossa organiza\u00e7\u00e3o.<\/li>\n<\/ul>\n<p>[\/vc_column_text][\/vc_tta_section][vc_tta_section title=&#8221;Crit\u00e9rios de ades\u00e3o e cotiza\u00e7\u00f5es&#8221; tab_id=&#8221;criterios-adesao&#8221;][vc_column_text css=&#8221;&#8221;]<\/p>\n<h4 class=\"p1\"><span class=\"s1\">Categorias de membros<\/span><\/h4>\n<p>Existem duas categorias de membros: os membros regulares e os membros associados:<\/p>\n<ul>\n<li><strong>Membros regulares<\/strong>: S\u00e3o membros regulares as universidades, centros de pesquisa e institui\u00e7\u00f5es de ensino superior das Am\u00e9ricas, reconhecidos pelas leis respectivas de seus pa\u00edses, que oferecem um m\u00ednimo de tr\u00eas programas de Gradua\u00e7\u00e3o e produziram pelo menos duas turmas de diplomados. Os membros regulares podem participar das inst\u00e2ncias administrativas e intervir na Assembleia geral da Organiza\u00e7\u00e3o.<\/li>\n<\/ul>\n<p>&nbsp;<\/p>\n<ul>\n<li><strong>Membros associados<\/strong>: S\u00e3o membros associados os associa\u00e7\u00f5es, federa\u00e7\u00f5es, outros organismos de ensino superior an\u00e1logos, entidades governamentais, p\u00fablicas, filantr\u00f3picas e privadas entre outras, de car\u00e1ter nacional, regional ou internacional, legalmente reconhecidas, e que cumpram os requisitos dos Estatutos da OUI. Os membros associados podem participar da Assembleia geral, mas n\u00e3o t\u00eam o direito nem de votar nem de fazer parte das inst\u00e2ncias de decis\u00e3o da Organiza\u00e7\u00e3o.<\/li>\n<\/ul>\n<p>Em ambos os casos ser\u00e3o representados por seus mandat\u00e1rios legais.<\/p>\n<p>&nbsp;<\/p>\n<h4 class=\"p1\">Como tornar-se membro<\/h4>\n<p>Para tornar-se um novo membro da OUI, devem-se seguir as seguintes etapas:<\/p>\n<ul>\n<li>Apresentar por escrito um pedido \u00e0 Secretaria geral da Organiza\u00e7\u00e3o (<a href=\"mailto:sec.general@oui-iohe.org\">general@oui-iohe.org<\/a>);<\/li>\n<li>Demostrar a vig\u00eancia de sua personalidade jur\u00eddica produzindo a documenta\u00e7\u00e3o necess\u00e1ria, conforme as leis de seu pa\u00eds;<\/li>\n<li>Demostrar que as normas que regem a institui\u00e7\u00e3o n\u00e3o se op\u00f5em ao Estatuto da Organiza\u00e7\u00e3o;<\/li>\n<li>Oferecer um m\u00ednimo de tr\u00eas programas acad\u00eamicos formais em um dos v\u00e1rios ciclos do ensino superior, tais como s\u00e3o reconhecidos pela UNESCO como educa\u00e7\u00e3o universit\u00e1ria;<\/li>\n<li>Ter planos de desenvolvimento institucional e processos de avalia\u00e7\u00e3o interna e externa.<\/li>\n<\/ul>\n<p>&nbsp;<\/p>\n<h4 class=\"p1\"><span class=\"s1\">Cotiza\u00e7\u00f5es 2026<\/span><\/h4>\n<ul>\n<li><strong>Membros regulares<\/strong>:\n<ul>\n<li>Menos de 5.000 estudantes: US$ 1380<\/li>\n<li>Entre 5.000 e 9.999 estudantes: US$ 1865<\/li>\n<li>Entre 10.000 e 19.999 estudantes: US$ 2195<\/li>\n<li>Mais de 20.000 estudantes: US$ 2650<\/li>\n<li>Centros de pesquisa : US$ 820<\/li>\n<\/ul>\n<\/li>\n<\/ul>\n<p>&nbsp;<\/p>\n<ul>\n<li><strong>Membros associados<\/strong>\n<ul>\n<li>Associa\u00e7\u00f5es, federa\u00e7\u00f5es e outras organiza\u00e7\u00f5es de ensino superior em n\u00edvel regional, nacional e internacional: Isentas<\/li>\n<\/ul>\n<\/li>\n<\/ul>\n<p>&nbsp;<\/p>\n<p>Custo de ades\u00e3o para novos membros: US$ 550<\/p>\n<p>Os membros t\u00eam a obriga\u00e7\u00e3o de pagar a cada ano sua cotiza\u00e7\u00e3o. Somente as associa\u00e7\u00f5es universit\u00e1rias s\u00e3o isentas de pagamento.<\/p>\n<p>A cotiza\u00e7\u00e3o deve ser paga em moeda americana, \u00e0 Secretaria geral da OUI, em Qu\u00e9bec, Canad\u00e1. S\u00f3 uma decis\u00e3o do Conselho de Administra\u00e7\u00e3o pode excepcionalmente modificar esta regra.<\/p>\n<p>Adicionalmente, a quota anual \u00e9 aumentada em 3% por ano, tal como aprovado pela XXXVII Assembleia Geral de Membros da OUI, realizada a 10 de outubro de 2017 em Montreal, Canad\u00e1.<\/p>\n<p>Somente os membros que pagaram a cotiza\u00e7\u00e3o do ano vigente podem participar das atividades dos programas implantados pela OUI.<\/p>\n<p>&nbsp;<\/p>\n<p>*O SGE reserva-se o direito de aumentar o valor da quota anual para institui\u00e7\u00f5es sujeitas a imposto nacional, de forma a garantir que o valor recebido corresponde ao custo real da quota.[\/vc_column_text][\/vc_tta_section][vc_tta_section title=&#8221;Pedido de ades\u00e3o&#8221; tab_id=&#8221;adesao&#8221;][vc_row_inner][vc_column_inner][vc_column_text]Podem descarregar o formul\u00e1rio de ades\u00e3o correspondente \u00e0 categoria de sua organiza\u00e7\u00e3o. Em seguida, devem envi\u00e1-lo \u00e0 Secretaria geral da OUI:\u00a0<a href=\"mailto:sec.general@oui-iohe.org\">sec.general@oui-iohe.org<\/a><\/p>\n<p>Queiram notar que todos os pedidos de ades\u00e3o ser\u00e3o examinados pela Secretaria geral executiva, a Vice-presid\u00eancia regional e o Conselho de Administra\u00e7\u00e3o. As candidatas ser\u00e3o informadas num prazo de 30 dias quanto ao estatuto de seu pedido de ades\u00e3o. A Assembleia geral anual ratificar\u00e1 finalmente a ades\u00e3o dos novos membros do ano.[\/vc_column_text][\/vc_column_inner][\/vc_row_inner][vc_row_inner][vc_column_inner width=&#8221;1\/2&#8243;][vc_column_text css=&#8221;&#8221;]<\/p>\n<h4 style=\"text-align: center;\">Membros regulares<\/h4>\n<p style=\"text-align: center;\">Para as universidades, as institui\u00e7\u00f5es de ensino superior das Am\u00e9ricas e os centros de pesquisa das Am\u00e9ricas.<\/p>\n<p>[\/vc_column_text][\/vc_column_inner][vc_column_inner width=&#8221;1\/2&#8243;][vc_column_text css=&#8221;&#8221;]<\/p>\n<h4 style=\"text-align: center;\">Membros associados<\/h4>\n<p style=\"text-align: center;\">Para as associa\u00e7\u00f5es, federa\u00e7\u00f5es e outros organismos de ensino superior de car\u00e1ter regional, nacional ou internacional das Am\u00e9ricas.<\/p>\n<p>[\/vc_column_text][\/vc_column_inner][\/vc_row_inner][vc_row_inner][vc_column_inner width=&#8221;1\/2&#8243;][vc_btn title=&#8221;Descarregar o formul\u00e1rio (Membro regular)&#8221; style=&#8221;flat&#8221; shape=&#8221;square&#8221; color=&#8221;iohe-orange&#8221; align=&#8221;center&#8221; link=&#8221;url:https%3A%2F%2Foui-iohe.org%2Fpt-br%2Fform_adhpor-2%2F||target:%20_blank|&#8221;][\/vc_column_inner][vc_column_inner width=&#8221;1\/2&#8243;][vc_btn title=&#8221;Descarregar o formul\u00e1rio (Membro associado)&#8221; style=&#8221;flat&#8221; shape=&#8221;square&#8221; color=&#8221;iohe-orange&#8221; align=&#8221;center&#8221; link=&#8221;url:https%3A%2F%2Foui-iohe.org%2Fwp-content%2Fuploads%2F2022%2F04%2Fform_adhasoPOR.pdf||target:%20_blank|&#8221;][\/vc_column_inner][\/vc_row_inner][\/vc_tta_section][\/vc_tta_accordion][\/vc_column][\/vc_row]<\/p>\n<\/div>","protected":false},"excerpt":{"rendered":"<p>[vc_row css=&#8221;.vc_custom_1542747685564{margin-bottom: 35px !important;}&#8221;][vc_column][vc_custom_heading source=&#8221;post_title&#8221; font_container=&#8221;tag:h1|text_align:left&#8221; use_theme_fonts=&#8221;yes&#8221;][\/vc_column][\/vc_row][vc_row][vc_column width=&#8221;1\/2&#8243; offset=&#8221;vc_hidden-xs&#8221;][membre_pays_map][\/vc_column][vc_column width=&#8221;1\/2&#8243;][vc_custom_heading text=&#8221;+ 400&#8243; font_container=&#8221;tag:h2|font_size:60px|text_align:center|color:%236fa317|line_height:60px&#8221; use_theme_fonts=&#8221;yes&#8221; css=&#8221;.vc_custom_1737669647946{margin-bottom: 0px !important;}&#8221; el_class=&#8221;no-accent&#8221;][vc_custom_heading text=&#8221;MEMBROS&#8221; font_container=&#8221;tag:h3|text_align:center|color:%236fa317|line_height:30px&#8221; [&hellip;]<\/p>\n","protected":false},"author":7,"featured_media":1268,"parent":0,"menu_order":0,"comment_status":"closed","ping_status":"closed","template":"page-membres.php","meta":{"_acf_changed":false,"_monsterinsights_skip_tracking":false,"_monsterinsights_sitenote_active":false,"_monsterinsights_sitenote_note":"","_monsterinsights_sitenote_category":0,"footnotes":""},"class_list":["post-16820","page","type-page","status-publish","has-post-thumbnail","hentry"],"acf":[],"aioseo_notices":[],"_links":{"self":[{"href":"https:\/\/oui-iohe.org\/pt-br\/wp-json\/wp\/v2\/pages\/16820","targetHints":{"allow":["GET"]}}],"collection":[{"href":"https:\/\/oui-iohe.org\/pt-br\/wp-json\/wp\/v2\/pages"}],"about":[{"href":"https:\/\/oui-iohe.org\/pt-br\/wp-json\/wp\/v2\/types\/page"}],"author":[{"embeddable":true,"href":"https:\/\/oui-iohe.org\/pt-br\/wp-json\/wp\/v2\/users\/7"}],"replies":[{"embeddable":true,"href":"https:\/\/oui-iohe.org\/pt-br\/wp-json\/wp\/v2\/comments?post=16820"}],"version-history":[{"count":27,"href":"https:\/\/oui-iohe.org\/pt-br\/wp-json\/wp\/v2\/pages\/16820\/revisions"}],"predecessor-version":[{"id":21030,"href":"https:\/\/oui-iohe.org\/pt-br\/wp-json\/wp\/v2\/pages\/16820\/revisions\/21030"}],"wp:featuredmedia":[{"embeddable":true,"href":"https:\/\/oui-iohe.org\/pt-br\/wp-json\/wp\/v2\/media\/1268"}],"wp:attachment":[{"href":"https:\/\/oui-iohe.org\/pt-br\/wp-json\/wp\/v2\/media?parent=16820"}],"curies":[{"name":"wp","href":"https:\/\/api.w.org\/{rel}","templated":true}]}}