{"id":1691,"date":"2018-11-30T10:12:10","date_gmt":"2018-11-30T15:12:10","guid":{"rendered":"http:\/\/www.oui-iohe.org\/recursos\/"},"modified":"2021-11-25T13:53:07","modified_gmt":"2021-11-25T18:53:07","slug":"recursos","status":"publish","type":"page","link":"https:\/\/oui-iohe.org\/pt-br\/recursos\/","title":{"rendered":"Recursos"},"content":{"rendered":"<div class=\"wpb-content-wrapper\"><p>[vc_row][vc_column][vc_custom_heading source=&#8221;post_title&#8221; font_container=&#8221;tag:h1|text_align:left&#8221; use_theme_fonts=&#8221;yes&#8221;][vc_empty_space height=&#8221;20px&#8221;][\/vc_column][\/vc_row][vc_row][vc_column][vc_custom_heading text=&#8221;Recursos educacionais e boas pr\u00e1ticas&#8221; use_theme_fonts=&#8221;yes&#8221;][vc_column_text]Abaixo, voc\u00ea encontrar\u00e1 uma s\u00e9rie de recursos e documentos \u00fateis nesses tempos de desafios acad\u00eamicos e profissionais para professores, alunos e pessoas em situa\u00e7\u00e3o de teletrabalho.<\/p>\n<p><a href=\"https:\/\/iau-aiu.net\/IAU-releases-Global-Survey-Report-on-Impact-of-Covid-19-in-Higher-Education\">Relat\u00f3rio da Pesquisa Global da IAU sobre o impacto do COVID-19 no ensino superior<\/a><\/p>\n<p><a href=\"http:\/\/portal.conif.org.br\/br\/component\/content\/article\/84-ultimas-noticias\/3495-conif-lanca-painel-com-acoes-da-rede-federal-durante-pandemia?Itemid=609\">Conif lan\u00e7a painel com a\u00e7\u00f5es da Rede Federal durante pandemia<\/a> e <a href=\"https:\/\/covid.redefederal.org.br\/\">Acesse o<\/a><a href=\"https:\/\/covid.redefederal.org.br\/\"> Map<\/a><a href=\"https:\/\/covid.redefederal.org.br\/\">a<\/a><a href=\"https:\/\/covid.redefederal.org.br\/\"> \u201cRede Federal no Enfrentamento \u00e0 COVID-19\u201d<\/a><\/p>\n<p><em><strong>Recursos para professores<\/strong><\/em><\/p>\n<ul>\n<li>Do presencial ao digital:<\/li>\n<\/ul>\n<p><a href=\"https:\/\/aulasamigas.com\/\">Salas de aula amig\u00e1veis<\/a> (Aulas amigas)<\/p>\n<p class=\"\"><a href=\"https:\/\/innovacioneducativa.tec.mx\/continuidad-academica\/\">Transforme seu curso em flex\u00edvel e digital para continuidade acad\u00eamica<\/a>\u00a0(Tecnol\u00f3gico de Monterrey)<\/p>\n<p class=\"\"><a href=\"https:\/\/sites.google.com\/universidad.anahuac.mx\/plan-de-continuidad-academica\/inicio\/estructura-del-sitio\">Como estruturar uma classe a dist\u00e2ncia?<\/a>\u00a0(Universidad Anahuac)<\/p>\n<p class=\"\"><a href=\"https:\/\/sites.google.com\/view\/udeg-covid19\/p%C3%A1gina-principal\">Recursos de apoio \u00e0 continuidade acad\u00eamica por meio de cursos on-line<\/a> (Universidad de Guadalajara)<\/p>\n<p class=\"\"><a href=\"https:\/\/www.uned.es\/universidad\/inicio\/uned_uoc_solidaria\/elearning.html\">Ensine e aprenda online<\/a>\u00a0(UNED y UOC)<\/p>\n<p class=\"\"><a href=\"https:\/\/www.weareteachers.com\/online-learning-not-perfect\/\">Teachers, The Next Weeks of Online Learning Don\u2019t Have to Be Perfect\u00a0<\/a><\/p>\n<p class=\"\"><a href=\"https:\/\/www.iste.org\/explore\/10-strategies-online-learning-during-coronavirus-outbreak\">10 strategies for online learning during a coronavirus outbreak<\/a>\u00a0(ISTE)<\/p>\n<p class=\"\"><a href=\"https:\/\/www.greatschools.org\/gk\/coronavirus-school-closure-support\/\">School closure learning guide during Coronavirus<\/a>\u00a0(GreatSchools.org)<\/p>\n<p class=\"\"><a href=\"https:\/\/www.facultyfocus.com\/articles\/online-education\/eight-steps-for-a-smoother-transition-to-online-teaching\/\">Eight Steps for a Smoother Transition to Online Teaching\u00a0<\/a>(Faculty Focus)<\/p>\n<p class=\"\"><a href=\"https:\/\/blog.kenbauer.me\/2020\/03\/13\/teaching-online-with-care-and-compassion\/?fbclid=IwAR0t2BqvkkzFFE9STx1KKg5HH5m48FhbC9oF80ejgrM4R2hSNZEy7b5YN58\">Teaching Online with Care and Compassion<\/a>\u00a0(Ken Bauer)<\/p>\n<ul>\n<li>Cursos e recursos:<\/li>\n<\/ul>\n<p class=\"\"><a href=\"https:\/\/innovacioneducativa.tec.mx\/continuidad-academica\/recursos-abiertos\/\" target=\"_blank\" rel=\"noopener noreferrer\">Recursos abertos del Tecnol\u00f3gico de Monterrey<\/a><\/p>\n<p class=\"\"><a href=\"https:\/\/www.coursera.org\/coronavirus\" target=\"_blank\" rel=\"noopener noreferrer\">Coursera<\/a><\/p>\n<p class=\"\"><a href=\"https:\/\/www.docenciadigital.unam.mx\/\" target=\"_blank\" rel=\"noopener noreferrer\">UNAM em linha<\/a><\/p>\n<p class=\"\"><a href=\"https:\/\/khanacademy.zendesk.com\/hc\/es\/articles\/360040167432--C%C3%B3mo-puedo-utilizar-Khan-Academy-para-el-aprendizaje-a-distancia-durante-el-cierre-de-escuelas-\" target=\"_blank\" rel=\"noopener noreferrer\">Khan Academy<\/a><\/p>\n<p class=\"\"><a href=\"https:\/\/www.pearson.com\/news-and-research\/working-learning-online-during-pandemic.html\">Working and Learning Online During a Pandemic<\/a>\u00a0(Pearson)<\/p>\n<p class=\"\"><a href=\"https:\/\/intef.es\/recursos-educativos\/recursos-para-el-aprendizaje-en-linea\/recursos\/\">Recursos de aprendizado on-line<\/a>\u00a0(INTEF)<\/p>\n<p class=\"\"><a href=\"http:\/\/www.openculture.com\/faq\" target=\"_blank\" rel=\"noopener noreferrer\">Open Culture<\/a><\/p>\n<p class=\"\"><a href=\"https:\/\/asuforyou.asu.edu\/\">ASU for You<\/a>\u00a0(Arizona State University)<\/p>\n<p class=\"\"><a href=\"https:\/\/guiastematicas.biblioteca.pucp.edu.pe\/?b=g&amp;d=a\">Guias tem\u00e1ticos<\/a>\u00a0(Pontificia Universidad Cat\u00f3lica del Per\u00fa)<\/p>\n<p class=\"\"><a href=\"http:\/\/openaccess.uoc.edu\/webapps\/o2\/handle\/10609\/1\">Recursos para educadores<\/a>\u00a0(Universitat Oberta de Catalunya)<\/p>\n<p class=\"\"><a href=\"https:\/\/www.techforlearners.org\/\">Online learning products, resources, &amp; services<\/a>\u00a0(Tech For Learners)<\/p>\n<p class=\"\"><a href=\"https:\/\/openstax.org\/blog\/openstax-allies-offer-free-access-learning-technology-courses-move-online-spring\">Free, openly licensed textbooks available to anyone, anywhere<\/a>\u00a0(OpenStax)<\/p>\n<p><a href=\"https:\/\/pro.raftr.com\/covid-19-response\/\">RAFTR messaging and notifications platform<\/a><\/p>\n<p><a href=\"https:\/\/www.matific.com\/bra\/pt-br\/home\/#\">Matific &#8211; Plataforma educacional de matem\u00e1tica<\/a><\/p>\n<p>&nbsp;<\/p>\n<ul>\n<li>Tecnologias para o ensino:<\/li>\n<\/ul>\n<p class=\"\"><a href=\"https:\/\/es.unesco.org\/node\/320226\">Distance learning solutions<\/a>\u00a0(UNESCO)<\/p>\n<p class=\"\"><a href=\"https:\/\/edu.google.com\/intl\/es-419_ALL\/latest-news\/covid-19-support-resources\/?modal_active=none\">Recursos de ensino \u00e0 dist\u00e2ncia para escolas afetadas pelo COVID-19<\/a>\u00a0(Google)<\/p>\n<p class=\"\"><a href=\"https:\/\/cursos.iadb.org\/es\/indes\/moving-online\">#movingonline BID!<\/a>\u00a0(Banco Interamericano de Desarrollo)<\/p>\n<p class=\"\"><a href=\"https:\/\/view.genial.ly\/5e6d956935bb553c6c2f6cea\">Como fazer aulas e atividades de aprendizado on-line?<\/a>\u00a0(Pontificia Universidad Cat\u00f3lica de Chile)<\/p>\n<p class=\"\"><a href=\"https:\/\/virtualidad.uniandes.edu.co\/\">Virtualidade &#8211; Recursos de acompanhamento para mudan\u00e7a educacional<\/a>\u00a0(Universidad de los Andes)<\/p>\n<p>&nbsp;<\/p>\n<p><em><strong>Recursos do aluno<\/strong><\/em><\/p>\n<ul>\n<li>Do presencial ao digital:<\/li>\n<\/ul>\n<p class=\"\"><a href=\"https:\/\/noticias.utpl.edu.ec\/5-consejos-para-estudiar-a-distancia\">Dicas para ensino a dist\u00e2ncia<\/a>\u00a0(UTPL)<\/p>\n<p class=\"\"><a href=\"https:\/\/blog.edx.org\/tips-for-successful-online-learning\/\" target=\"_blank\" rel=\"noopener noreferrer\">Tips for Successful Online Learning<\/a><\/p>\n<p><a href=\"https:\/\/custom-writing.org\/blog\/being-a-successful-online-student\">Being a Successful Online Student: 6 Must-Have Skills<\/a><\/p>\n<ul>\n<li>Cursos e recursos:<\/li>\n<\/ul>\n<p class=\"\"><a href=\"https:\/\/www.coursera.org\/\" target=\"_blank\" rel=\"noopener noreferrer\">Coursera<\/a><\/p>\n<p class=\"\"><a href=\"https:\/\/www.britishmuseum.org\/collection\">The British Museum<\/a><\/p>\n<p class=\"\"><a href=\"https:\/\/www.techforlearners.org\/\">Online learning products, resources, &amp; services<\/a>\u00a0(Tech For Learners)<\/p>\n<p class=\"\"><a href=\"https:\/\/openstax.org\/blog\/openstax-allies-offer-free-access-learning-technology-courses-move-online-spring\">Free, openly licensed textbooks available to anyone, anywhere<\/a>\u00a0(OpenStax)<\/p>\n<p class=\"\"><a href=\"https:\/\/www.ceibal.edu.uy\/es\/articulo\/ceibal-en-casa-actividades-educativas-digitales-para-estudiantes\">Ceibal em casa: atividades educacionais digitais para alunos do ensino fundamental<\/a>\u00a0(CEIBAL)<\/p>\n<ul>\n<li>Tecnologias para a aprendizagem:<\/li>\n<\/ul>\n<p class=\"\"><a href=\"https:\/\/es.unesco.org\/node\/320226\">Distance learning solutions<\/a>\u00a0(UNESCO)<\/p>\n<p><a href=\"https:\/\/indesvirtual.iadb.org\/course\/view.php?id=1853&amp;section=4\">Movingonline BID<\/a><\/p>\n<p>&nbsp;<\/p>\n<p><em><strong>Recursos para teletrabalho<\/strong><\/em><\/p>\n<ul>\n<li>Do presencial ao digital:<\/li>\n<\/ul>\n<p class=\"\"><a href=\"https:\/\/tec.mx\/es\/noticias\/nacional\/institucion\/home-office-por-el-coronavirus-haz-que-funcione-con-estos-12-tips\">12 dicas para trabalhar em casa<\/a>\u00a0(Conecta)<\/p>\n<p class=\"\"><a href=\"https:\/\/hbr.org\/2020\/03\/15-questions-about-remote-work-answered\">15 Questions About Remote Work, Answered\u00a0<\/a>(HBR)<\/p>\n<p><a href=\"https:\/\/britannicalearn.com\/covid-19-free-resources\/\">Britannica Digital Learning<\/a><\/p>\n<p><a href=\"https:\/\/britannica.es\/lumielabs\/\">LumieLabs<\/a><\/p>\n<ul>\n<li>Cursos e recursos:<\/li>\n<\/ul>\n<p class=\"\"><a href=\"https:\/\/tec.mx\/es\/noticias\/especiales\/toda-la-informacion-sobre-el-coronavirus-y-el-covid-19\">Especial COVID-19<\/a>\u00a0(Tecnol\u00f3gico de Monterrey)<\/p>\n<p class=\"\"><a href=\"https:\/\/www.linkedin.com\/learning\/paths\/remote-working-setting-yourself-and-your-teams-up-for-success\">Remote Working: Setting Yourself and Your Teams Up for Success<\/a>\u00a0(LinkedIn)<\/p>\n<p class=\"\"><a href=\"https:\/\/bryanalexander.org\/coronavirus\/coronavirus-and-higher-education-resources\/\">Coronavirus and higher education resources<\/a>\u00a0(Bryan Alexander)<\/p>\n<p><a href=\"https:\/\/www.odilo.es\/ayuda-covid-19\/\">Biblioteca Digital BiblioMad<\/a><\/p>\n<p><a href=\"https:\/\/moodle.com\/pt\/iniciar\/\">Moodle<\/a><\/p>\n<ul>\n<li>Tecnologias para o teletrabalho:<\/li>\n<\/ul>\n<p class=\"\"><a href=\"https:\/\/blogs.ei.columbia.edu\/2020\/03\/16\/tips-working-remotely-covid-19\/\">Software for Working Remotely During COVID-19<\/a>\u00a0(Columbia University)<\/p>\n<p>[\/vc_column_text][\/vc_column][\/vc_row][vc_row][vc_column][vc_custom_heading text=&#8221;Confer\u00eancia de Jamil Salmi<br \/>\nLos Nuevos Desaf\u00edos para la Educaci\u00f3n Superior en el Siglo XXI&#8221; use_theme_fonts=&#8221;yes&#8221;][vc_column_text]Confer\u00eancia de Jamil Salmi no \u00e2mbito da Assembl\u00e9ia Geral da OUI<br \/>\n18 de outubro de 2018[\/vc_column_text][\/vc_column][\/vc_row][vc_row][vc_column][vc_video link=&#8221;https:\/\/www.youtube.com\/watch?v=vW3yy2rzjMk&amp;t=1274s&#8221; el_width=&#8221;60&#8243;][\/vc_column][\/vc_row]<\/p>\n<\/div>","protected":false},"excerpt":{"rendered":"<p>[vc_row][vc_column][vc_custom_heading source=&#8221;post_title&#8221; font_container=&#8221;tag:h1|text_align:left&#8221; use_theme_fonts=&#8221;yes&#8221;][vc_empty_space height=&#8221;20px&#8221;][\/vc_column][\/vc_row][vc_row][vc_column][vc_custom_heading text=&#8221;Recursos educacionais e boas pr\u00e1ticas&#8221; use_theme_fonts=&#8221;yes&#8221;][vc_column_text]Abaixo, voc\u00ea encontrar\u00e1 uma s\u00e9rie de recursos e documentos \u00fateis [&hellip;]<\/p>\n","protected":false},"author":4,"featured_media":0,"parent":0,"menu_order":0,"comment_status":"closed","ping_status":"closed","template":"","meta":{"_acf_changed":false,"_monsterinsights_skip_tracking":false,"_monsterinsights_sitenote_active":false,"_monsterinsights_sitenote_note":"","_monsterinsights_sitenote_category":0,"footnotes":""},"class_list":["post-1691","page","type-page","status-publish","hentry"],"acf":[],"aioseo_notices":[],"_links":{"self":[{"href":"https:\/\/oui-iohe.org\/pt-br\/wp-json\/wp\/v2\/pages\/1691","targetHints":{"allow":["GET"]}}],"collection":[{"href":"https:\/\/oui-iohe.org\/pt-br\/wp-json\/wp\/v2\/pages"}],"about":[{"href":"https:\/\/oui-iohe.org\/pt-br\/wp-json\/wp\/v2\/types\/page"}],"author":[{"embeddable":true,"href":"https:\/\/oui-iohe.org\/pt-br\/wp-json\/wp\/v2\/users\/4"}],"replies":[{"embeddable":true,"href":"https:\/\/oui-iohe.org\/pt-br\/wp-json\/wp\/v2\/comments?post=1691"}],"version-history":[{"count":8,"href":"https:\/\/oui-iohe.org\/pt-br\/wp-json\/wp\/v2\/pages\/1691\/revisions"}],"predecessor-version":[{"id":10380,"href":"https:\/\/oui-iohe.org\/pt-br\/wp-json\/wp\/v2\/pages\/1691\/revisions\/10380"}],"wp:attachment":[{"href":"https:\/\/oui-iohe.org\/pt-br\/wp-json\/wp\/v2\/media?parent=1691"}],"curies":[{"name":"wp","href":"https:\/\/api.w.org\/{rel}","templated":true}]}}