{"id":18233,"date":"2025-02-24T17:34:20","date_gmt":"2025-02-24T22:34:20","guid":{"rendered":"https:\/\/oui-iohe.org\/expansion-e-innovacion-en-la-educacion-digital\/"},"modified":"2025-02-26T16:28:30","modified_gmt":"2025-02-26T21:28:30","slug":"expansao-e-inovacao-na-educacao-digital","status":"publish","type":"page","link":"https:\/\/oui-iohe.org\/pt-br\/expansao-e-inovacao-na-educacao-digital\/","title":{"rendered":"Expans\u00e3o e Inova\u00e7\u00e3o na Educa\u00e7\u00e3o Digital"},"content":{"rendered":"<div class=\"wpb-content-wrapper\"><p>[vc_row][vc_column][vc_custom_heading text=&#8221;E-XPAND &#8211; Expans\u00e3o e Inova\u00e7\u00e3o na Educa\u00e7\u00e3o Digital&#8221; use_theme_fonts=&#8221;yes&#8221; css=&#8221;&#8221;][\/vc_column][\/vc_row][vc_row][vc_column][vc_empty_space][\/vc_column][\/vc_row][vc_row][vc_column][vc_column_text css=&#8221;&#8221;]<\/p>\n<ul>\n<li><a href=\"https:\/\/oui-iohe.org\/pt-br\/expansao-e-inovacao-na-educacao-digital\/\">Informa\u00e7\u00f5es dispon\u00edveis em ingl\u00eas<\/a><\/li>\n<li dir=\"ltr\"><a href=\"https:\/\/oui-iohe.org\/pt-br\/expansao-e-inovacao-na-educacao-digital\/\">Informa\u00e7\u00f5es dispon\u00edveis em espanhol<\/a><\/li>\n<\/ul>\n<p>[\/vc_column_text][\/vc_column][\/vc_row]<\/p>\n<\/div>","protected":false},"excerpt":{"rendered":"<p>[vc_row][vc_column][vc_custom_heading text=&#8221;E-XPAND &#8211; Expans\u00e3o e Inova\u00e7\u00e3o na Educa\u00e7\u00e3o Digital&#8221; use_theme_fonts=&#8221;yes&#8221; css=&#8221;&#8221;][\/vc_column][\/vc_row][vc_row][vc_column][vc_empty_space][\/vc_column][\/vc_row][vc_row][vc_column][vc_column_text css=&#8221;&#8221;] Informa\u00e7\u00f5es dispon\u00edveis em ingl\u00eas Informa\u00e7\u00f5es dispon\u00edveis em espanhol [&hellip;]<\/p>\n","protected":false},"author":4,"featured_media":0,"parent":0,"menu_order":0,"comment_status":"closed","ping_status":"closed","template":"","meta":{"_acf_changed":false,"_monsterinsights_skip_tracking":false,"_monsterinsights_sitenote_active":false,"_monsterinsights_sitenote_note":"","_monsterinsights_sitenote_category":0,"footnotes":""},"class_list":["post-18233","page","type-page","status-publish","hentry"],"acf":[],"aioseo_notices":[],"_links":{"self":[{"href":"https:\/\/oui-iohe.org\/pt-br\/wp-json\/wp\/v2\/pages\/18233","targetHints":{"allow":["GET"]}}],"collection":[{"href":"https:\/\/oui-iohe.org\/pt-br\/wp-json\/wp\/v2\/pages"}],"about":[{"href":"https:\/\/oui-iohe.org\/pt-br\/wp-json\/wp\/v2\/types\/page"}],"author":[{"embeddable":true,"href":"https:\/\/oui-iohe.org\/pt-br\/wp-json\/wp\/v2\/users\/4"}],"replies":[{"embeddable":true,"href":"https:\/\/oui-iohe.org\/pt-br\/wp-json\/wp\/v2\/comments?post=18233"}],"version-history":[{"count":3,"href":"https:\/\/oui-iohe.org\/pt-br\/wp-json\/wp\/v2\/pages\/18233\/revisions"}],"predecessor-version":[{"id":18240,"href":"https:\/\/oui-iohe.org\/pt-br\/wp-json\/wp\/v2\/pages\/18233\/revisions\/18240"}],"wp:attachment":[{"href":"https:\/\/oui-iohe.org\/pt-br\/wp-json\/wp\/v2\/media?parent=18233"}],"curies":[{"name":"wp","href":"https:\/\/api.w.org\/{rel}","templated":true}]}}