{"id":18756,"date":"2025-12-01T22:53:52","date_gmt":"2025-12-02T03:53:52","guid":{"rendered":"https:\/\/oui-iohe.org\/?page_id=18756"},"modified":"2025-12-01T22:53:52","modified_gmt":"2025-12-02T03:53:52","slug":"programa-de-mobilidade-estudantil-emovies","status":"publish","type":"page","link":"https:\/\/oui-iohe.org\/pt-br\/programa-de-mobilidade-estudantil-emovies\/","title":{"rendered":"Programa de Mobilidade Estudantil eMOVIES"},"content":{"rendered":"<div class=\"wpb-content-wrapper\"><p>[vc_row][vc_column][vc_custom_heading source=&#8221;post_title&#8221; font_container=&#8221;tag:h1|text_align:left&#8221; use_theme_fonts=&#8221;yes&#8221;][\/vc_column][\/vc_row][vc_row][vc_column width=&#8221;1\/3&#8243;][vc_single_image image=&#8221;19622&#8243; img_size=&#8221;large&#8221; alignment=&#8221;center&#8221; css=&#8221;&#8221;][\/vc_column][vc_column width=&#8221;2\/3&#8243;][vc_column_text css=&#8221;&#8221;]O Programa de Mobilidade Estudantil do <strong>Espa\u00e7o de Mobilidade Virtual no Ensino Superior (eMOVIES)<\/strong> \u00e9 uma iniciativa liderada pela <strong>Organiza\u00e7\u00e3o Universit\u00e1ria Interamericana (OUI)<\/strong> que oferece \u00e0s institui\u00e7\u00f5es de ensino superior (IES) uma alternativa aos modelos de mobilidade tradicionais. Por meio dele, os estudantes t\u00eam a oportunidade de cursar disciplinas na modalidade virtual ofertadas por outras institui\u00e7\u00f5es membro da OUI.[\/vc_column_text][\/vc_column][\/vc_row][vc_row full_width=&#8221;stretch_row&#8221; css=&#8221;.vc_custom_1701741679286{padding-top: 20px !important;}&#8221;][vc_column][vc_column_text css=&#8221;&#8221;]<strong>O que \u00e9 o Programa de Mobilidade Estudantil?<\/strong>[\/vc_column_text][vc_column_text css=&#8221;&#8221;]Este programa possibilita que estudantes de diferentes institui\u00e7\u00f5es e pa\u00edses realizem uma mobilidade acad\u00eamica virtual. Por meio dele, os estudantes podem inscrever-se em cursos ou disciplinas na modalidade virtual ofertados por institui\u00e7\u00f5es parceiras de outros pa\u00edses, que s\u00e3o integrados \u00e0 sua forma\u00e7\u00e3o sem a necessidade de deslocamento.<\/p>\n<p>Este modelo de mobilidade virtual promove a internacionaliza\u00e7\u00e3o em casa e os interc\u00e2mbios culturais e acad\u00eamicos entre as institui\u00e7\u00f5es participantes. Estas estabelecem suas pr\u00f3prias condi\u00e7\u00f5es para receber os estudantes, com base em princ\u00edpios de colabora\u00e7\u00e3o e reciprocidade, oferecendo assim uma experi\u00eancia acad\u00eamica, profissional e cultural enriquecedora que contribui para o seu desenvolvimento integral.[\/vc_column_text][vc_btn title=&#8221;Como navegar na plataforma?&#8221; style=&#8221;flat&#8221; shape=&#8221;square&#8221; color=&#8221;iohe-orange&#8221; align=&#8221;center&#8221; css=&#8221;&#8221; link=&#8221;url:https%3A%2F%2Fyoutu.be%2FLpDN2If6ISE|target:_blank&#8221;][\/vc_column][\/vc_row][vc_row full_width=&#8221;stretch_row&#8221; css=&#8221;.vc_custom_1701741679286{padding-top: 20px !important;}&#8221;][vc_column][vc_custom_heading text=&#8221;Como estamos indo com os eMOVIES?&#8221; use_theme_fonts=&#8221;yes&#8221;][vc_column_text]Durante os seus cinco anos de funcionamento, o Espa\u00e7o Virtual de Mobilidade no Ensino Superior (eMOVIES) reporta um total de 7.372 mobilidades ocorridas no \u00e2mbito do programa. Em 2023, as mobilidades aumentaram 48% em rela\u00e7\u00e3o ao ano imediatamente anterior, o que mostra que este espa\u00e7o continua a despertar o interesse das institui\u00e7\u00f5es membros da OUI-IOHE e das comunidades acad\u00e9micas como alternativa de mobilidade.<\/p>\n<p>De acordo com os relat\u00f3rios estat\u00edsticos de 2023, Col\u00f4mbia, Peru, M\u00e9xico e Argentina s\u00e3o os pa\u00edses onde ocorreram 85% das mobilidades, tanto de entrada como de sa\u00edda.<\/p>\n<p>Destaca-se a importante participa\u00e7\u00e3o das mulheres neste espa\u00e7o, que representa 70% do total de mobilidades.[\/vc_column_text][\/vc_column][\/vc_row][vc_row full_width=&#8221;stretch_row&#8221; css=&#8221;.vc_custom_1701741679286{padding-top: 20px !important;}&#8221;][vc_column][vc_custom_heading text=&#8221;Requisitos para participar do Programa&#8221; use_theme_fonts=&#8221;yes&#8221; css=&#8221;&#8221;][vc_column_text css=&#8221;&#8221;]<\/p>\n<ul>\n<li>Ser estudante regular em uma IES parceira do eMOVIES.<\/li>\n<li>Consultar a oferta acad\u00eamica dispon\u00edvel na plataforma eMOVIES.<\/li>\n<li>Cumprir com as diretrizes da institui\u00e7\u00e3o receptora para o desenvolvimento do curso.<\/li>\n<li>Atender aos requisitos espec\u00edficos e pr\u00e9-requisitos de cada disciplina.<\/li>\n<li>Coordenar a solicita\u00e7\u00e3o de mobilidade por meio do escrit\u00f3rio de rela\u00e7\u00f5es internacionais ou mobilidade acad\u00eamica da institui\u00e7\u00e3o de origem.<\/li>\n<li>Completar e enviar a inscri\u00e7\u00e3o com a documenta\u00e7\u00e3o exigida antes da data limite.<\/li>\n<\/ul>\n<p>[\/vc_column_text][\/vc_column][\/vc_row][vc_row full_width=&#8221;stretch_row&#8221; css=&#8221;.vc_custom_1701741679286{padding-top: 20px !important;}&#8221;][vc_column][vc_custom_heading text=&#8221;Caracter\u00edsticas do Programa&#8221; use_theme_fonts=&#8221;yes&#8221; css=&#8221;&#8221;][vc_column_text css=&#8221;&#8221;]<\/p>\n<ul>\n<li><strong>Modalidade<\/strong>: 100% virtual<\/li>\n<li><strong>Dura\u00e7\u00e3o<\/strong>: De acordo com o calend\u00e1rio acad\u00eamico da institui\u00e7\u00e3o de destino e a dura\u00e7\u00e3o do curso.<\/li>\n<li><strong>Reconhecimento<\/strong>: As IES se comprometem a facilitar o reconhecimento dos cr\u00e9ditos acad\u00eamicos para os estudantes em mobilidade, de acordo com suas normas internas.<\/li>\n<li><strong>Idiomas<\/strong>: Os cursos s\u00e3o oferecidos em espanhol, ingl\u00eas, franc\u00eas e portugu\u00eas.<\/li>\n<li><strong>Sem custos adicionais<\/strong>: O programa n\u00e3o gera nenhum custo adicional para os estudantes participantes nem para as IES de origem. A participa\u00e7\u00e3o no eMOVIES \u00e9 gratuita para as IES membro da OUI, que formalizam sua ades\u00e3o por meio da assinatura de um protocolo.<\/li>\n<\/ul>\n<p>[\/vc_column_text][\/vc_column][\/vc_row][vc_row full_width=&#8221;stretch_row&#8221; css=&#8221;.vc_custom_1701741679286{padding-top: 20px !important;}&#8221;][vc_column][vc_custom_heading text=&#8221;Como est\u00e1 o andamento do Programa de Mobilidade Estudantil eMOVIES?&#8221; use_theme_fonts=&#8221;yes&#8221; css=&#8221;&#8221;][vc_column_text css=&#8221;&#8221;]Ao longo de seus 7 anos de opera\u00e7\u00e3o, o eMOVIES registrou um total de 14.622 mobilidades. Apenas em 2025, o programa teve um crescimento de 12% em rela\u00e7\u00e3o ao ano anterior, demonstrando que continua sendo uma alternativa de mobilidade relevante entre as institui\u00e7\u00f5es e comunidades acad\u00eamicas membros da OUI-IOHE.<\/p>\n<p>Em 2025, Col\u00f4mbia, Peru, M\u00e9xico e Argentina foram os pa\u00edses mais ativos, representando 74% de todas as mobilidades, tanto de entrada quanto de sa\u00edda.<\/p>\n<p>Destaca-se a participa\u00e7\u00e3o significativa das mulheres no programa, que correspondem a 68% do total de mobilidades.[\/vc_column_text][vc_single_image image=&#8221;19673&#8243; img_size=&#8221;large&#8221; css=&#8221;&#8221;][vc_single_image image=&#8221;19677&#8243; img_size=&#8221;large&#8221; css=&#8221;&#8221;][\/vc_column][\/vc_row][vc_row full_width=&#8221;stretch_row&#8221; css=&#8221;.vc_custom_1701741695274{padding-top: 20px !important;}&#8221;][vc_column][vc_custom_heading text=&#8221;Depoimentos&#8221; use_theme_fonts=&#8221;yes&#8221;][vc_column_text]Hist\u00f3rias positivas de quem faz parte do eMOVIES.<\/p>\n<p>* Legendas dispon\u00edveis.[\/vc_column_text][\/vc_column][\/vc_row][vc_row full_width=&#8221;stretch_row&#8221; css=&#8221;.vc_custom_1701741709513{padding-top: 20px !important;}&#8221;][vc_column width=&#8221;1\/2&#8243;][vc_video link=&#8221;https:\/\/youtu.be\/87HmnFqRGgI&#8221; el_width=&#8221;70&#8243;][vc_video link=&#8221;https:\/\/youtu.be\/IOWTG54ZI7Q&#8221; el_width=&#8221;70&#8243;][vc_video link=&#8221;https:\/\/youtu.be\/Ibn2K25t9DE&#8221; el_width=&#8221;70&#8243;][\/vc_column][vc_column width=&#8221;1\/2&#8243;][vc_video link=&#8221;https:\/\/youtu.be\/ogwgk-RY5nA&#8221; el_width=&#8221;70&#8243;][vc_video link=&#8221;https:\/\/youtu.be\/3QSLitA7TIo&#8221; el_width=&#8221;70&#8243;][vc_video link=&#8221;https:\/\/youtu.be\/6SQwle9-7yU&#8221; el_width=&#8221;70&#8243;][\/vc_column][\/vc_row][vc_row full_width=&#8221;stretch_row&#8221; css=&#8221;.vc_custom_1701743450093{background-color: #f1f1f1 !important;}&#8221;][vc_column][vc_column_text css=&#8221;&#8221;]Entre em contato para mais informa\u00e7\u00f5es.[\/vc_column_text][\/vc_column][\/vc_row][vc_row css=&#8221;.vc_custom_1542745076628{margin-top: 35px !important;}&#8221;][vc_column width=&#8221;1\/2&#8243;][vc_single_image image=&#8221;1248&#8243; img_size=&#8221;large&#8221; alignment=&#8221;center&#8221;][\/vc_column][vc_column width=&#8221;1\/2&#8243;][vc_custom_heading text=&#8221;Contato&#8221; use_theme_fonts=&#8221;yes&#8221;][vc_column_text]<a href=\"mailto:emovies@oui-iohe.org\">emovies@oui-iohe.org<\/a>[\/vc_column_text][\/vc_column][\/vc_row][vc_row][vc_column][vc_btn title=&#8221;Visite a Plataforma&#8221; style=&#8221;flat&#8221; shape=&#8221;square&#8221; color=&#8221;iohe-orange&#8221; align=&#8221;center&#8221; css=&#8221;&#8221; link=&#8221;url:https%3A%2F%2Femovies.oui-iohe.org%2F|target:_blank&#8221;][\/vc_column][\/vc_row]<\/p>\n<\/div>","protected":false},"excerpt":{"rendered":"<p>[vc_row][vc_column][vc_custom_heading source=&#8221;post_title&#8221; font_container=&#8221;tag:h1|text_align:left&#8221; use_theme_fonts=&#8221;yes&#8221;][\/vc_column][\/vc_row][vc_row][vc_column width=&#8221;1\/3&#8243;][vc_single_image image=&#8221;19622&#8243; img_size=&#8221;large&#8221; alignment=&#8221;center&#8221; css=&#8221;&#8221;][\/vc_column][vc_column width=&#8221;2\/3&#8243;][vc_column_text css=&#8221;&#8221;]O Programa de Mobilidade Estudantil do Espa\u00e7o de Mobilidade Virtual [&hellip;]<\/p>\n","protected":false},"author":4,"featured_media":5657,"parent":0,"menu_order":0,"comment_status":"closed","ping_status":"closed","template":"","meta":{"_acf_changed":false,"_monsterinsights_skip_tracking":false,"_monsterinsights_sitenote_active":false,"_monsterinsights_sitenote_note":"","_monsterinsights_sitenote_category":0,"footnotes":""},"class_list":["post-18756","page","type-page","status-publish","has-post-thumbnail","hentry"],"acf":[],"aioseo_notices":[],"_links":{"self":[{"href":"https:\/\/oui-iohe.org\/pt-br\/wp-json\/wp\/v2\/pages\/18756","targetHints":{"allow":["GET"]}}],"collection":[{"href":"https:\/\/oui-iohe.org\/pt-br\/wp-json\/wp\/v2\/pages"}],"about":[{"href":"https:\/\/oui-iohe.org\/pt-br\/wp-json\/wp\/v2\/types\/page"}],"author":[{"embeddable":true,"href":"https:\/\/oui-iohe.org\/pt-br\/wp-json\/wp\/v2\/users\/4"}],"replies":[{"embeddable":true,"href":"https:\/\/oui-iohe.org\/pt-br\/wp-json\/wp\/v2\/comments?post=18756"}],"version-history":[{"count":2,"href":"https:\/\/oui-iohe.org\/pt-br\/wp-json\/wp\/v2\/pages\/18756\/revisions"}],"predecessor-version":[{"id":19681,"href":"https:\/\/oui-iohe.org\/pt-br\/wp-json\/wp\/v2\/pages\/18756\/revisions\/19681"}],"wp:featuredmedia":[{"embeddable":true,"href":"https:\/\/oui-iohe.org\/pt-br\/wp-json\/wp\/v2\/media\/5657"}],"wp:attachment":[{"href":"https:\/\/oui-iohe.org\/pt-br\/wp-json\/wp\/v2\/media?parent=18756"}],"curies":[{"name":"wp","href":"https:\/\/api.w.org\/{rel}","templated":true}]}}