{"id":18777,"date":"2025-12-01T22:02:33","date_gmt":"2025-12-02T03:02:33","guid":{"rendered":"https:\/\/oui-iohe.org\/?page_id=18777"},"modified":"2025-12-01T22:15:33","modified_gmt":"2025-12-02T03:15:33","slug":"programa-coil-emovies","status":"publish","type":"page","link":"https:\/\/oui-iohe.org\/pt-br\/programa-coil-emovies\/","title":{"rendered":"Programa COIL eMOVIES"},"content":{"rendered":"<div class=\"wpb-content-wrapper\"><p>[vc_row][vc_column][vc_custom_heading source=&#8221;post_title&#8221; font_container=&#8221;tag:h1|text_align:left&#8221; use_theme_fonts=&#8221;yes&#8221;][\/vc_column][\/vc_row][vc_row][vc_column width=&#8221;1\/3&#8243;][vc_single_image image=&#8221;18784&#8243; img_size=&#8221;large&#8221; alignment=&#8221;center&#8221; css=&#8221;&#8221;][\/vc_column][vc_column width=&#8221;2\/3&#8243;][vc_column_text css=&#8221;&#8221;]<strong>COIL<\/strong> (<em>Collaborative Online International Learning<\/em>) \u00e9 uma <strong>metodologia educacional<\/strong> que permite a docentes de diferentes institui\u00e7\u00f5es e pa\u00edses colaborarem no planejamento de experi\u00eancias de aprendizagem interculturais e interdisciplinares para seus estudantes. Por meio desta abordagem, os docentes trabalham no desenvolvimento de um syllabus conjunto que envolve seus estudantes em projetos colaborativos, nos quais podem vivenciar uma experi\u00eancia intercultural significativa.[\/vc_column_text][\/vc_column][\/vc_row][vc_row full_width=&#8221;stretch_row&#8221; css=&#8221;.vc_custom_1701741679286{padding-top: 20px !important;}&#8221;][vc_column][vc_btn title=&#8221;Saber mais sobre COIL&#8221; style=&#8221;flat&#8221; shape=&#8221;square&#8221; color=&#8221;iohe-orange&#8221; align=&#8221;center&#8221; css=&#8221;&#8221; link=&#8221;url:https%3A%2F%2Fonline.suny.edu%2Fintrotocoil%2Fque-es-coil%2F|target:_blank&#8221;][\/vc_column][\/vc_row][vc_row full_width=&#8221;stretch_row&#8221; css=&#8221;.vc_custom_1701741679286{padding-top: 20px !important;}&#8221;][vc_column][vc_column_text css=&#8221;&#8221;]<strong>O que \u00e9 o programa COIL-eMOVIES?<\/strong>[\/vc_column_text][vc_column_text css=&#8221;&#8221;]<strong>COIL-eMOVIES<\/strong> \u00e9 um programa da OUI que busca fomentar a colabora\u00e7\u00e3o internacional entre professores de suas institui\u00e7\u00f5es membros para planejar, de maneira conjunta, experi\u00eancias educacionais que conectem seus estudantes em atividades de aprendizagem colaborativa e intercultural, com o apoio da plataforma eMOVIES.<\/p>\n<p>A plataforma eMOVIES fornece um espa\u00e7o de encontro para buscar cursos dispon\u00edveis para aplicar a metodologia COIL, encontrar pares acad\u00eamicos e desenvolver capacidades para planejar, projetar e colocar em pr\u00e1tica interven\u00e7\u00f5es educacionais em ambientes COIL.<\/p>\n<p>Com essa abordagem, busca-se impulsionar a aplica\u00e7\u00e3o de metodologias colaborativas na pr\u00e1tica docente, promovendo a internacionaliza\u00e7\u00e3o do curr\u00edculo e enriquecendo a experi\u00eancia educacional por meio da colabora\u00e7\u00e3o online entre docentes de diversas disciplinas e pa\u00edses.[\/vc_column_text][\/vc_column][\/vc_row][vc_row full_width=&#8221;stretch_row&#8221; css=&#8221;.vc_custom_1701741679286{padding-top: 20px !important;}&#8221;][vc_column][vc_btn title=&#8221;Brochure informativo&#8221; style=&#8221;flat&#8221; shape=&#8221;square&#8221; color=&#8221;iohe-orange&#8221; align=&#8221;left&#8221; css=&#8221;&#8221; link=&#8221;url:https%3A%2F%2Femovies.oui-iohe.org%2Fwp-content%2Fuploads%2F2024%2F10%2Fbrochure-programa-coil-emovies-new.pdf|target:_blank&#8221;][\/vc_column][\/vc_row][vc_row full_width=&#8221;stretch_row&#8221; css=&#8221;.vc_custom_1701741679286{padding-top: 20px !important;}&#8221;][vc_column][vc_btn title=&#8221;Tutorial para docentes que desejam participar do Programa COIL-eMOVIES&#8221; style=&#8221;flat&#8221; shape=&#8221;square&#8221; color=&#8221;iohe-orange&#8221; align=&#8221;left&#8221; css=&#8221;&#8221; link=&#8221;url:https%3A%2F%2Femovies.oui-iohe.org%2Fwp-content%2Fuploads%2F2024%2F10%2Ftutorial-programa-coil-emovies-actualizada.pdf|target:_blank&#8221;][\/vc_column][\/vc_row][vc_row full_width=&#8221;stretch_row&#8221; css=&#8221;.vc_custom_1701741679286{padding-top: 20px !important;}&#8221;][vc_column][vc_custom_heading text=&#8221;Como estamos indo com os eMOVIES?&#8221; use_theme_fonts=&#8221;yes&#8221;][vc_column_text css=&#8221;&#8221;]Os docentes interessados devem se registrar na plataforma eMOVIES para poder publicar seus cursos com os quais desejam realizar uma experi\u00eancia COIL e se conectar com outros docentes internacionais.<\/p>\n<p>A IES tamb\u00e9m deve estar registrada na plataforma. Lembre-se de que o eMOVIES \u00e9 um servi\u00e7o da OUI que n\u00e3o tem nenhum custo para sua membresia.[\/vc_column_text][\/vc_column][\/vc_row][vc_row full_width=&#8221;stretch_row&#8221; css=&#8221;.vc_custom_1701741679286{padding-top: 20px !important;}&#8221;][vc_column][vc_custom_heading text=&#8221;Como encontrar pares acad\u00eamicos para colaborar?&#8221; use_theme_fonts=&#8221;yes&#8221; css=&#8221;&#8221;][vc_column_text css=&#8221;&#8221;]Por meio da plataforma eMOVIES, os docentes podem buscar e se conectar com outros colegas internacionais interessados em desenvolver experi\u00eancias COIL. \u00c9 poss\u00edvel realizar buscas de acordo com diferentes crit\u00e9rios, como institui\u00e7\u00e3o, pa\u00eds, \u00e1rea disciplinar e idioma.<\/p>\n<p>Para iniciar uma colabora\u00e7\u00e3o, os docentes devem preencher um formul\u00e1rio com suas informa\u00e7\u00f5es e os detalhes do curso para estabelecer contato com outros docentes e come\u00e7ar a trabalhar em um syllabus conjunto.[\/vc_column_text][\/vc_column][\/vc_row][vc_row full_width=&#8221;stretch_row&#8221; css=&#8221;.vc_custom_1701741679286{padding-top: 20px !important;}&#8221;][vc_column width=&#8221;1\/2&#8243;][vc_btn title=&#8221;Ver Tutorial em Video: (Como publicar cursos para uma experi\u00eancia COIL)&#8221; style=&#8221;flat&#8221; shape=&#8221;square&#8221; color=&#8221;iohe-orange&#8221; align=&#8221;left&#8221; css=&#8221;&#8221; link=&#8221;url:https%3A%2F%2Fwww.youtube.com%2Fwatch%3Fv%3D4nEZYI0Vb2g|target:_blank&#8221;][\/vc_column][vc_column width=&#8221;1\/2&#8243;][vc_btn title=&#8221;Ver Tutorial em Video: (Busca de Cursos e Contato entre pares)&#8221; style=&#8221;flat&#8221; shape=&#8221;square&#8221; color=&#8221;iohe-orange&#8221; align=&#8221;left&#8221; css=&#8221;&#8221; link=&#8221;url:https%3A%2F%2Fwww.youtube.com%2Fwatch%3Fv%3DDrnNxPXXHgg|target:_blank&#8221;][\/vc_column][\/vc_row][vc_row full_width=&#8221;stretch_row&#8221; css=&#8221;.vc_custom_1701741695274{padding-top: 20px !important;}&#8221;][vc_column][vc_custom_heading text=&#8221;Precisa de acompanhamento personalizado?&#8221; use_theme_fonts=&#8221;yes&#8221; css=&#8221;&#8221;][vc_column_text css=&#8221;&#8221;]As institui\u00e7\u00f5es que desejarem orienta\u00e7\u00e3o e acompanhamento individualizado para seus professores no desenho, implementa\u00e7\u00e3o e avalia\u00e7\u00e3o de uma atividade educacional com a metodologia COIL podem obter consultoria e mentoria com especialistas da OUI. O servi\u00e7o oferece em m\u00e9dia 10 horas de consultoria e acompanhamento personalizados para elaborar e implementar o planejamento curricular conjunto, por meio de encontros s\u00edncronos no modo virtual.[\/vc_column_text][\/vc_column][\/vc_row][vc_row full_width=&#8221;stretch_row&#8221; css=&#8221;.vc_custom_1701741695274{padding-top: 20px !important;}&#8221;][vc_column][vc_custom_heading text=&#8221;Como vamos com o Programa COIL-eMOVIES?&#8221; use_theme_fonts=&#8221;yes&#8221; css=&#8221;&#8221;][vc_column_text css=&#8221;&#8221;]<strong>\u00a0<\/strong><strong>Mais de 310 docentes registrados<\/strong> de <strong>11 pa\u00edses<\/strong>: Argentina, Bol\u00edvia, Brasil, Chile, Col\u00f4mbia, Equador, El Salvador, M\u00e9xico, Panam\u00e1, Paraguai, Peru.<br \/>\n<strong>56 cursos publicados<\/strong>, em <strong>3 idiomas<\/strong>: Espanhol, Ingl\u00eas, Portugu\u00eas.<br \/>\n<strong>Mais de 20 campos disciplinares<\/strong>: Ci\u00eancias Sociais e Humanas, Engenharias, Neg\u00f3cios Internacionais, Idiomas, Direito, entre outros.<\/p>\n<p>Entre em contato para mais informa\u00e7\u00f5es sobre o processo de ades\u00e3o.<\/p>\n<p>&nbsp;<\/p>\n<p><a href=\"https:\/\/emovies.oui-iohe.org\/registrate-docente\/\">Solicite seu Registro Agora<\/a>[\/vc_column_text][\/vc_column][\/vc_row][vc_row css=&#8221;.vc_custom_1542745076628{margin-top: 35px !important;}&#8221;][vc_column width=&#8221;1\/2&#8243;][vc_single_image image=&#8221;1248&#8243; img_size=&#8221;large&#8221; alignment=&#8221;center&#8221;][\/vc_column][vc_column width=&#8221;1\/2&#8243;][vc_custom_heading text=&#8221;Contato&#8221; use_theme_fonts=&#8221;yes&#8221;][vc_column_text]<a href=\"mailto:emovies@oui-iohe.org\">emovies@oui-iohe.org<\/a>[\/vc_column_text][\/vc_column][\/vc_row][vc_row][vc_column][vc_btn title=&#8221;Visite a Plataforma&#8221; style=&#8221;flat&#8221; shape=&#8221;square&#8221; color=&#8221;iohe-orange&#8221; align=&#8221;center&#8221; css=&#8221;&#8221; link=&#8221;url:https%3A%2F%2Femovies.oui-iohe.org%2Fprograma-coil%2F|target:_blank&#8221;][\/vc_column][\/vc_row]<\/p>\n<\/div>","protected":false},"excerpt":{"rendered":"<p>[vc_row][vc_column][vc_custom_heading source=&#8221;post_title&#8221; font_container=&#8221;tag:h1|text_align:left&#8221; use_theme_fonts=&#8221;yes&#8221;][\/vc_column][\/vc_row][vc_row][vc_column width=&#8221;1\/3&#8243;][vc_single_image image=&#8221;18784&#8243; img_size=&#8221;large&#8221; alignment=&#8221;center&#8221; css=&#8221;&#8221;][\/vc_column][vc_column width=&#8221;2\/3&#8243;][vc_column_text css=&#8221;&#8221;]COIL (Collaborative Online International Learning) \u00e9 uma metodologia educacional que [&hellip;]<\/p>\n","protected":false},"author":4,"featured_media":5657,"parent":0,"menu_order":0,"comment_status":"closed","ping_status":"closed","template":"","meta":{"_acf_changed":false,"_monsterinsights_skip_tracking":false,"_monsterinsights_sitenote_active":false,"_monsterinsights_sitenote_note":"","_monsterinsights_sitenote_category":0,"footnotes":""},"class_list":["post-18777","page","type-page","status-publish","has-post-thumbnail","hentry"],"acf":[],"aioseo_notices":[],"_links":{"self":[{"href":"https:\/\/oui-iohe.org\/pt-br\/wp-json\/wp\/v2\/pages\/18777","targetHints":{"allow":["GET"]}}],"collection":[{"href":"https:\/\/oui-iohe.org\/pt-br\/wp-json\/wp\/v2\/pages"}],"about":[{"href":"https:\/\/oui-iohe.org\/pt-br\/wp-json\/wp\/v2\/types\/page"}],"author":[{"embeddable":true,"href":"https:\/\/oui-iohe.org\/pt-br\/wp-json\/wp\/v2\/users\/4"}],"replies":[{"embeddable":true,"href":"https:\/\/oui-iohe.org\/pt-br\/wp-json\/wp\/v2\/comments?post=18777"}],"version-history":[{"count":4,"href":"https:\/\/oui-iohe.org\/pt-br\/wp-json\/wp\/v2\/pages\/18777\/revisions"}],"predecessor-version":[{"id":19669,"href":"https:\/\/oui-iohe.org\/pt-br\/wp-json\/wp\/v2\/pages\/18777\/revisions\/19669"}],"wp:featuredmedia":[{"embeddable":true,"href":"https:\/\/oui-iohe.org\/pt-br\/wp-json\/wp\/v2\/media\/5657"}],"wp:attachment":[{"href":"https:\/\/oui-iohe.org\/pt-br\/wp-json\/wp\/v2\/media?parent=18777"}],"curies":[{"name":"wp","href":"https:\/\/api.w.org\/{rel}","templated":true}]}}