{"id":18892,"date":"2025-08-12T16:36:45","date_gmt":"2025-08-12T20:36:45","guid":{"rendered":"https:\/\/oui-iohe.org\/convocatoria-para-la-oferta-colaborativa-de-actividades-formativas-sobre-los-objetivos-de-desarrollo-sostenible-ods\/"},"modified":"2025-08-14T15:27:51","modified_gmt":"2025-08-14T19:27:51","slug":"chamada-para-oferta-colaborativa-de-atividades-formativas-sobre-os-objetivos-de-desenvolvimento-sustentavel-ods","status":"publish","type":"page","link":"https:\/\/oui-iohe.org\/pt-br\/chamada-para-oferta-colaborativa-de-atividades-formativas-sobre-os-objetivos-de-desenvolvimento-sustentavel-ods\/","title":{"rendered":"Chamada para Oferta Colaborativa de Atividades Formativas sobre os Objetivos de Desenvolvimento Sustent\u00e1vel (ODS)"},"content":{"rendered":"<div class=\"wpb-content-wrapper\"><p>[vc_row][vc_column][vc_custom_heading source=&#8221;post_title&#8221; use_theme_fonts=&#8221;yes&#8221; css=&#8221;&#8221;][\/vc_column][\/vc_row][vc_row][vc_column][vc_column_text css=&#8221;&#8221;]<\/p>\n<h3><strong>1. Apresenta\u00e7\u00e3o<br \/>\n<\/strong><\/h3>\n<p>Em seu plano estrat\u00e9gico 2023-2030, a OUI incorporou como um de seus objetivos o apoio \u00e0s IES no cumprimento de suas metas vinculadas aos Objetivos de Desenvolvimento Sustent\u00e1vel (ODS). Este compromisso concentra-se em tr\u00eas \u00e1reas-chave:<\/p>\n<ul>\n<li>Promover atividades formativas e de pesquisa colaborativas sobre prioridades comuns.<\/li>\n<li>Desenvolver iniciativas regionais para avan\u00e7ar nos ODS.<\/li>\n<li>Gerar espa\u00e7os de reflex\u00e3o sobre o papel fundamental do ensino superior na implementa\u00e7\u00e3o dos ODS.<\/li>\n<\/ul>\n<p>No marco da Assembleia Geral da OUI celebrada em outubro de 2024, os membros ratificaram a cria\u00e7\u00e3o de um projeto estrat\u00e9gico sobre os Objetivos de Desenvolvimento Sustent\u00e1vel, mediante o qual a Organiza\u00e7\u00e3o assumiu os seguintes compromissos fundamentais:<\/p>\n<ul>\n<li>Fortalecer as capacidades das IES para o alcance dos ODS, Incluindo um diagn\u00f3stico das necessidades de forma\u00e7\u00e3o, realizado em abril de 2025.<\/li>\n<li>Lan\u00e7ar uma convocat\u00f3ria aberta para programas de forma\u00e7\u00e3o focados nos ODS.<\/li>\n<li>Difundir oportunidades de forma\u00e7\u00e3o em temas priorit\u00e1rios para os ODS atrav\u00e9s de sua <em>Aula Colaborativa<\/em>.<\/li>\n<\/ul>\n<p>Neste contexto, a OUI convida a todos seus membros a compartilhar atividades de forma\u00e7\u00e3o que:<\/p>\n<ul>\n<li>Abordem as necessidades mais urgentes de capacita\u00e7\u00e3o em ODS das IES.<\/li>\n<li>Sejam programas comprovados (cursos\/oficinas) prontos para implementa\u00e7\u00e3o.<\/li>\n<li>Obtenham visibilidade em toda a rede da OUI.<\/li>\n<li>Fomentem a colabora\u00e7\u00e3o interinstitucional.<\/li>\n<\/ul>\n<p>As IES poder\u00e3o inscrever programas existentes que cubram as lacunas de capacidade identificadas. As propostas selecionadas ser\u00e3o difundidas atrav\u00e9s dos canais de comunica\u00e7\u00e3o da OUI.<\/p>\n<p>Por que participar?<\/p>\n<ul>\n<li>Potencializar as contribui\u00e7\u00f5es de sua institui\u00e7\u00e3o aos ODS.<\/li>\n<li>Conectar-se com mais de 400 IES nas Am\u00e9ricas.<\/li>\n<li>Fortalecer o impacto regional mediante a aprendizagem compartilhada.<\/li>\n<\/ul>\n<p><em>Prazo:<\/em> 28 de setembro de 2025, \u00e0s 23h59 hor\u00e1rio do leste (UTC -4).[\/vc_column_text][vc_column_text css=&#8221;&#8221;]<\/p>\n<h3><strong>2. \u00c2mbito da Convocat\u00f3ria<\/strong><\/h3>\n<p>Em conson\u00e2ncia com a miss\u00e3o da OUI de contribuir para o fortalecimento das IES, construindo espa\u00e7os de coopera\u00e7\u00e3o educativa em articula\u00e7\u00e3o com seus membros e outros aliados estrat\u00e9gicos, esta convocat\u00f3ria tem tr\u00eas objetivos principais:<\/p>\n<ul>\n<li><strong>Apoiar o desenvolvimento de capacidades <\/strong>nas institui\u00e7\u00f5es membros para contribuir com o alcance dos Objetivos de Desenvolvimento Sustent\u00e1vel (ODS).<\/li>\n<li><strong>Impulsionar a difus\u00e3o e o acesso <\/strong>a atividades formativas sobre os ODS em temas de interesse comum.<\/li>\n<li><strong>Estimular a colabora\u00e7\u00e3o <\/strong>entre seus membros, compartilhando cursos de forma\u00e7\u00e3o que favore\u00e7am a troca de abordagens e experi\u00eancias para o cumprimento dos ODS.<\/li>\n<\/ul>\n<p>[\/vc_column_text][vc_column_text css=&#8221;&#8221;]<\/p>\n<h3><strong>3. Elegibilidade<\/strong><\/h3>\n<p><strong>3.1<\/strong> A chamada est\u00e1 aberta a todas as IES membros regulares da OUI<a href=\"#_ftn1\" name=\"_ftnref1\"><sup>[1]<\/sup><\/a>.<\/p>\n<p><strong>3.2<\/strong> As atividades formativas devem atender a pelo menos um dos requisitos identificados na consulta da OUI sobre necessidades de capacita\u00e7\u00e3o para os ODS:<\/p>\n<ul>\n<li>Estrat\u00e9gias para integrar os ODS nas institui\u00e7\u00f5es<\/li>\n<li>Inova\u00e7\u00e3o em sustentabilidade no ensino superior<\/li>\n<li>Desenho, avalia\u00e7\u00e3o e monitoramento de indicadores de progresso dos ODS<\/li>\n<li>Responsabilidade social universit\u00e1ria<\/li>\n<li>Lideran\u00e7a \u00e9tica e governan\u00e7a para o desenvolvimento sustent\u00e1vel<\/li>\n<li>Gest\u00e3o financeira de projetos de sustentabilidade<\/li>\n<li>Estrat\u00e9gias e ferramentas de comunica\u00e7\u00e3o para sustentabilidade<\/li>\n<li>Gest\u00e3o de mudan\u00e7a para implementa\u00e7\u00e3o da sustentabilidade<\/li>\n<\/ul>\n<p><strong>3.3 Formatos aceitos:<\/strong><\/p>\n<p>As atividades de forma\u00e7\u00e3o podem ser nas modalidades virtual, presencial ou h\u00edbrida, em alguma das seguintes categor\u00edas:<\/p>\n<ul>\n<li>Cursos ou m\u00f3dulos<\/li>\n<li>Semin\u00e1rios ou workshops<\/li>\n<\/ul>\n<p><strong>3.4 Crit\u00e9rio de experi\u00eancia:<\/strong><\/p>\n<ul>\n<li>As atividades devem ter sido oferecidas pelo menos uma vez antes da inscri\u00e7\u00e3o<\/li>\n<li>N\u00e3o ser\u00e3o aceitas atividades em fase de planejamento ou nunca realizadas<\/li>\n<\/ul>\n<p><strong>3.5 <\/strong>As atividades podem ser ministradas nos 4 idiomas oficiais da OUI: espanhol, portugu\u00eas, franc\u00eas ou ingl\u00eas.<\/p>\n<p>&nbsp;<\/p>\n<p><strong>3.6 <\/strong>As actividades podem ser gratuitas ou pagas. Atividades pagas devem oferecer tarifas preferenciais para membros da OUI.<\/p>\n<p>&nbsp;<\/p>\n<p><strong>3.7 <\/strong>A inscri\u00e7\u00e3o e a oferta das atividades de forma\u00e7\u00e3o ser\u00e3o feitas pelos canais da institui\u00e7\u00e3o proponente.<\/p>\n<p>&nbsp;<\/p>\n<p><strong>3.8 <\/strong>A OUI coordenar\u00e1 a promo\u00e7\u00e3o das atividades selecionadas.<\/p>\n<p><a href=\"#_ftnref1\" name=\"_ftn1\">[1]<\/a> Para saber se sua IES \u00e9 membro da OUI, consulte: <a href=\"https:\/\/oui-iohe.org\/pt-br\/membros-oui\/\">https:\/\/oui-iohe.org\/pt-br\/membros-oui\/<\/a>[\/vc_column_text][vc_column_text css=&#8221;&#8221;]<\/p>\n<h3><strong>4. Processo de Inscri\u00e7\u00e3o<\/strong><\/h3>\n<p>A chamada ocorrer\u00e1 em 2 etapas:<\/p>\n<p><strong>4.1 Etapa 1 &#8211; Submiss\u00e3o da descri\u00e7\u00e3o<\/strong><\/p>\n<ul>\n<li><strong>\u00a0<\/strong>As IES devem preencher o formul\u00e1rio online com:\n<ul>\n<li>Nome da atividade<\/li>\n<li>Cronograma de realiza\u00e7\u00e3o<\/li>\n<li>Objetivos de aprendizagem<\/li>\n<li>Compet\u00eancias desenvolvidas<\/li>\n<li>Problemas espec\u00edficos dos ODS abordados<\/li>\n<li>Contribui\u00e7\u00f5es para os ODS<\/li>\n<\/ul>\n<\/li>\n<\/ul>\n<ul>\n<li>A inscri\u00e7\u00e3o deve ser enviada \u00e0 OUI mediante o preenchimento adequado deste formul\u00e1rio eletr\u00f4nico at\u00e9 <strong>28 de setembro, \u00e0s 23h59 (Hor\u00e1rio do Leste, UTC-4)<\/strong>:<\/li>\n<\/ul>\n<p><a href=\"https:\/\/docs.google.com\/forms\/d\/e\/1FAIpQLSdasPoFiIVKfBlUclfY4F2Uxu6nqMduOv8XHXd7e9F_q8mQSA\/viewform?usp=dialog\">https:\/\/docs.google.com\/forms\/d\/e\/1FAIpQLSdasPoFiIVKfBlUclfY4F2Uxu6nqMduOv8XHXd7e9F_q8mQSA\/viewform?usp=dialog<\/a><\/p>\n<p><em>\u00a0<\/em><em>Propostas ap\u00f3s o prazo n\u00e3o ser\u00e3o aceitas<\/em><\/p>\n<p><strong>\u00a0<\/strong><strong>4.2. Publica\u00e7\u00e3o das Atividades Formativas (Etapa 2)<\/strong><\/p>\n<p>Nesta etapa, ser\u00e1 selecionado um n\u00famero limitado de atividades formativas que ser\u00e3o publicadas e promovidas pela OUI junto a todos os seus membros:<\/p>\n<ul>\n<li>As IES proponentes dever\u00e3o completar todas as informa\u00e7\u00f5es requeridas sobre as atividades formativas<\/li>\n<li>A OUI far\u00e1 a publica\u00e7\u00e3o e promo\u00e7\u00e3o dessas atividades em suas diversas plataformas e canais de comunica\u00e7\u00e3o<\/li>\n<li>As atividades formativas dever\u00e3o ter in\u00edcio at\u00e9, no m\u00e1ximo, o primeiro trimestre de 2026.<\/li>\n<\/ul>\n<p>[\/vc_column_text][vc_column_text css=&#8221;&#8221;]<\/p>\n<h3><strong>5. Requisitos Institucionais<\/strong><\/h3>\n<ul>\n<li>As propostas poder\u00e3o ser apresentadas por uma \u00fanica IES membro da OUI,\u00a0<strong>ou<\/strong> por um grupo de trabalho (a institui\u00e7\u00e3o proponente principal deve ser membro da OUI). <em>S\u00e3o aceitas m\u00faltiplas inscri\u00e7\u00f5es por institui\u00e7\u00e3o.<\/em><\/li>\n<li>As inscri\u00e7\u00f5es devem ser enviadas eletronicamente por pessoal administrativo, acad\u00eamico ou docente de uma Institui\u00e7\u00e3o de Ensino Superior (IES) membro da OUI.<\/li>\n<li>As IES participantes devem estar em dia com suas obriga\u00e7\u00f5es de associa\u00e7\u00e3o \u00e0 OUI, conforme estabelecido no Artigo 12 de sua Declara\u00e7\u00e3o de Princ\u00edpios e Estatutos.<\/li>\n<\/ul>\n<p>[\/vc_column_text][vc_column_text css=&#8221;&#8221;]<\/p>\n<h3><strong>6. Cronograma da Chamada<\/strong><\/h3>\n<p>O processo se desenvolver\u00e1 conforme o seguinte calend\u00e1rio:<\/p>\n<table width=\"607\">\n<tbody>\n<tr>\n<td width=\"361\"><strong>Atividade<\/strong><\/td>\n<td width=\"247\"><strong>Prazo<\/strong><\/td>\n<\/tr>\n<tr>\n<td width=\"361\">Envio de resumos<\/td>\n<td width=\"247\">28 de setembro de 2025<\/td>\n<\/tr>\n<tr>\n<td width=\"361\">Sele\u00e7\u00e3o de resumos<\/td>\n<td width=\"247\">10 de outubro de 2025<\/td>\n<\/tr>\n<tr>\n<td width=\"361\">Lan\u00e7amento das atividades<\/td>\n<td width=\"247\">O mais tardar durante o primeiro trimestre de 2026<\/td>\n<\/tr>\n<\/tbody>\n<\/table>\n<p>[\/vc_column_text][vc_column_text css=&#8221;&#8221;]Para perguntas ou informa\u00e7\u00f5es, entre em contato com: <a href=\"mailto:cursos@oui-iohe.org\">cursos@oui-iohe.org<\/a>[\/vc_column_text][\/vc_column][\/vc_row]<\/p>\n<\/div>","protected":false},"excerpt":{"rendered":"<p>[vc_row][vc_column][vc_custom_heading source=&#8221;post_title&#8221; use_theme_fonts=&#8221;yes&#8221; css=&#8221;&#8221;][\/vc_column][\/vc_row][vc_row][vc_column][vc_column_text css=&#8221;&#8221;] 1. Apresenta\u00e7\u00e3o Em seu plano estrat\u00e9gico 2023-2030, a OUI incorporou como um de seus objetivos [&hellip;]<\/p>\n","protected":false},"author":4,"featured_media":0,"parent":0,"menu_order":0,"comment_status":"closed","ping_status":"closed","template":"","meta":{"_acf_changed":false,"_monsterinsights_skip_tracking":false,"_monsterinsights_sitenote_active":false,"_monsterinsights_sitenote_note":"","_monsterinsights_sitenote_category":0,"footnotes":""},"class_list":["post-18892","page","type-page","status-publish","hentry"],"acf":[],"aioseo_notices":[],"_links":{"self":[{"href":"https:\/\/oui-iohe.org\/pt-br\/wp-json\/wp\/v2\/pages\/18892","targetHints":{"allow":["GET"]}}],"collection":[{"href":"https:\/\/oui-iohe.org\/pt-br\/wp-json\/wp\/v2\/pages"}],"about":[{"href":"https:\/\/oui-iohe.org\/pt-br\/wp-json\/wp\/v2\/types\/page"}],"author":[{"embeddable":true,"href":"https:\/\/oui-iohe.org\/pt-br\/wp-json\/wp\/v2\/users\/4"}],"replies":[{"embeddable":true,"href":"https:\/\/oui-iohe.org\/pt-br\/wp-json\/wp\/v2\/comments?post=18892"}],"version-history":[{"count":11,"href":"https:\/\/oui-iohe.org\/pt-br\/wp-json\/wp\/v2\/pages\/18892\/revisions"}],"predecessor-version":[{"id":18938,"href":"https:\/\/oui-iohe.org\/pt-br\/wp-json\/wp\/v2\/pages\/18892\/revisions\/18938"}],"wp:attachment":[{"href":"https:\/\/oui-iohe.org\/pt-br\/wp-json\/wp\/v2\/media?parent=18892"}],"curies":[{"name":"wp","href":"https:\/\/api.w.org\/{rel}","templated":true}]}}