{"id":20094,"date":"2026-01-28T03:36:50","date_gmt":"2026-01-28T08:36:50","guid":{"rendered":"https:\/\/oui-iohe.org\/?page_id=20094"},"modified":"2026-04-09T20:23:47","modified_gmt":"2026-04-10T00:23:47","slug":"oferta-aula-colaborativa-oui","status":"publish","type":"page","link":"https:\/\/oui-iohe.org\/pt-br\/oferta-aula-colaborativa-oui\/","title":{"rendered":"Oferta Aula Colaborativa OUI"},"content":{"rendered":"<div class=\"wpb-content-wrapper\"><p>[vc_row][vc_column][vc_custom_heading source=&#8221;post_title&#8221; font_container=&#8221;tag:h1|text_align:left&#8221; use_theme_fonts=&#8221;yes&#8221;][\/vc_column][\/vc_row][vc_row][vc_column][vc_tta_accordion style=&#8221;flat&#8221; shape=&#8221;square&#8221; color=&#8221;iohe-orange&#8221; gap=&#8221;35&#8243; c_icon=&#8221;chevron&#8221; c_position=&#8221;right&#8221; active_section=&#8221;9999&#8243; no_fill=&#8221;true&#8221; collapsible_all=&#8221;true&#8221;][vc_tta_section title=&#8221;Discover French with the University of Ottawa&#8221; tab_id=&#8221;1734133844588-98a79b3f-f4f7&#8243;][vc_column_text css=&#8221;&#8221;]<\/p>\n<h3><\/h3>\n<h3><img loading=\"lazy\" decoding=\"async\" class=\"alignnone wp-image-20957\" src=\"https:\/\/oui-iohe.org\/wp-content\/uploads\/2026\/04\/ILOB-OLBI.png\" alt=\"\" width=\"298\" height=\"117\" \/><\/h3>\n<h3><strong>Official Languages and Bilingualism Institute, University of Ottawa<\/strong><\/h3>\n<h3>Objective:<\/h3>\n<ul>\n<li>Explore French language and culture with a free online beginner course you can complete at your own pace, wherever you are.<\/li>\n<\/ul>\n<h3>Intended for:<\/h3>\n<p><span style=\"font-weight: 400;\">Adults interested in learning French &#8211; A1 to A2 level of language proficiency\u00a0<\/span><\/p>\n<h3>Course load:<\/h3>\n<p><span style=\"font-weight: 400;\">15-20 hours<\/span><\/p>\n<h3>Format:<\/h3>\n<p>Online, free<\/p>\n<h3>Date:<\/h3>\n<p>Ongoing<\/p>\n<h3>Cost:<\/h3>\n<p>Free of charge.[\/vc_column_text][vc_btn title=&#8221;Registration link&#8221; style=&#8221;flat&#8221; shape=&#8221;square&#8221; color=&#8221;iohe-orange&#8221; size=&#8221;lg&#8221; align=&#8221;right&#8221; css=&#8221;&#8221; link=&#8221;url:https%3A%2F%2Fwww.uottawa.ca%2Fabout-us%2Fofficial-languages-bilingualism-institute%2Fcentre-language-learning%2Fdiscover-french|target:_blank&#8221;][\/vc_tta_section][\/vc_tta_accordion][\/vc_column][\/vc_row][vc_row][vc_column][vc_separator color=&#8221;iohe-orange&#8221; border_width=&#8221;6&#8243; css=&#8221;&#8221;][\/vc_column][\/vc_row][vc_row][vc_column][vc_empty_space][vc_column_text css=&#8221;&#8221;]A Organiza\u00e7\u00e3o Universit\u00e1ria Interamericana (OUI) informa que os cursos oferecidos atrav\u00e9s do nosso servi\u00e7o Aula Colaborativa OUI correspondem a a\u00e7\u00f5es de forma\u00e7\u00e3o continuada das institui\u00e7\u00f5es membros da OUI, as quais assumem a responsabilidade por todos os processos que interv\u00eam no desenvolvimento da atividade. Qualquer d\u00favida ou esclarecimento deve ser direcionado \u00fanica e exclusivamente \u00e0 Institui\u00e7\u00e3o de Educa\u00e7\u00e3o Superior que oferece o servi\u00e7o. Da mesma forma, o procedimento para as inscri\u00e7\u00f5es, desenvolvimento, uso da plataforma, d\u00favidas acad\u00eamicas e entrega de certificados deve ser coordenado diretamente com a institui\u00e7\u00e3o ofertante.[\/vc_column_text][\/vc_column][\/vc_row][vc_row full_width=&#8221;stretch_row&#8221; css=&#8221;.vc_custom_1724883647799{background-color: #f1f1f1 !important;}&#8221;][vc_column width=&#8221;1\/2&#8243;][vc_single_image image=&#8221;1248&#8243; img_size=&#8221;large&#8221; css=&#8221;&#8221;][\/vc_column][vc_column width=&#8221;1\/2&#8243;][vc_custom_heading text=&#8221;D\u00favidas ou informa\u00e7\u00f5es adicionais.&#8221; use_theme_fonts=&#8221;yes&#8221; css=&#8221;&#8221;][vc_column_text css=&#8221;&#8221;]<a href=\"mailto:cursos@oui-iohe.org\">cursos@oui-iohe.org<\/a><\/p>\n<p>Assunto: &#8220;Informa\u00e7\u00e3o Aula Colaborativa OUI&#8221;.[\/vc_column_text][\/vc_column][\/vc_row]<\/p>\n<\/div>","protected":false},"excerpt":{"rendered":"<p>[vc_row][vc_column][vc_custom_heading source=&#8221;post_title&#8221; font_container=&#8221;tag:h1|text_align:left&#8221; use_theme_fonts=&#8221;yes&#8221;][\/vc_column][\/vc_row][vc_row][vc_column][vc_tta_accordion style=&#8221;flat&#8221; shape=&#8221;square&#8221; color=&#8221;iohe-orange&#8221; gap=&#8221;35&#8243; c_icon=&#8221;chevron&#8221; c_position=&#8221;right&#8221; active_section=&#8221;9999&#8243; no_fill=&#8221;true&#8221; collapsible_all=&#8221;true&#8221;][vc_tta_section title=&#8221;Discover French with the University of Ottawa&#8221; [&hellip;]<\/p>\n","protected":false},"author":4,"featured_media":0,"parent":0,"menu_order":0,"comment_status":"closed","ping_status":"closed","template":"","meta":{"_acf_changed":false,"_monsterinsights_skip_tracking":false,"_monsterinsights_sitenote_active":false,"_monsterinsights_sitenote_note":"","_monsterinsights_sitenote_category":0,"footnotes":""},"class_list":["post-20094","page","type-page","status-publish","hentry"],"acf":[],"aioseo_notices":[],"_links":{"self":[{"href":"https:\/\/oui-iohe.org\/pt-br\/wp-json\/wp\/v2\/pages\/20094","targetHints":{"allow":["GET"]}}],"collection":[{"href":"https:\/\/oui-iohe.org\/pt-br\/wp-json\/wp\/v2\/pages"}],"about":[{"href":"https:\/\/oui-iohe.org\/pt-br\/wp-json\/wp\/v2\/types\/page"}],"author":[{"embeddable":true,"href":"https:\/\/oui-iohe.org\/pt-br\/wp-json\/wp\/v2\/users\/4"}],"replies":[{"embeddable":true,"href":"https:\/\/oui-iohe.org\/pt-br\/wp-json\/wp\/v2\/comments?post=20094"}],"version-history":[{"count":3,"href":"https:\/\/oui-iohe.org\/pt-br\/wp-json\/wp\/v2\/pages\/20094\/revisions"}],"predecessor-version":[{"id":20962,"href":"https:\/\/oui-iohe.org\/pt-br\/wp-json\/wp\/v2\/pages\/20094\/revisions\/20962"}],"wp:attachment":[{"href":"https:\/\/oui-iohe.org\/pt-br\/wp-json\/wp\/v2\/media?parent=20094"}],"curies":[{"name":"wp","href":"https:\/\/api.w.org\/{rel}","templated":true}]}}