{"id":20916,"date":"2026-04-03T14:09:25","date_gmt":"2026-04-03T18:09:25","guid":{"rendered":"https:\/\/oui-iohe.org\/pasantia-iglu\/"},"modified":"2026-04-09T14:45:06","modified_gmt":"2026-04-09T18:45:06","slug":"estagio-iglu","status":"publish","type":"page","link":"https:\/\/oui-iohe.org\/pt-br\/estagio-iglu\/","title":{"rendered":"Est\u00e1gio IGLU"},"content":{"rendered":"<div class=\"wpb-content-wrapper\"><p>[vc_row][vc_column][vc_custom_heading source=&#8221;post_title&#8221; font_container=&#8221;tag:h1|text_align:left&#8221; use_theme_fonts=&#8221;yes&#8221;][\/vc_column][\/vc_row][vc_row][vc_column][vc_column_text css=&#8221;&#8221;]<\/p>\n<h3>\u201cSinergias entre a Universidade e o Territ\u00f3rio: Lideran\u00e7a, empreendedorismo e inova\u00e7\u00e3o em a\u00e7\u00e3o\u201d<\/h3>\n<h4>Quebec, Canad\u00e1 | 21 a 25 de setembro de 2026<\/h4>\n<p>[\/vc_column_text][\/vc_column][\/vc_row][vc_row full_width=&#8221;stretch_row&#8221; css=&#8221;.vc_custom_1775239430323{background-color: #F1F1F1 !important;}&#8221;][vc_column][vc_column_text css=&#8221;&#8221;]O <strong>Est\u00e1gio IGLU Canad\u00e1 2026<\/strong> ser\u00e1 realizado na Prov\u00edncia de Quebec, de 21 a 25 de setembro de 2026, tendo como anfitri\u00e3 a Vice-Presid\u00eancia da OUI do Canad\u00e1 na Universit\u00e9 du Qu\u00e9bec \u00e0 Trois-Rivi\u00e8res (UQTR). Contar\u00e1 tamb\u00e9m com a colabora\u00e7\u00e3o, como sedes, da Universit\u00e9 de Montr\u00e9al, da McGill University e da \u00c9cole de Technologie Sup\u00e9rieure (\u00c9TS).<\/p>\n<p>Sob o tema \u201cSinergias entre a Universidade e o Territ\u00f3rio: lideran\u00e7a, empreendedorismo e inova\u00e7\u00e3o em a\u00e7\u00e3o\u201d, esta experi\u00eancia prop\u00f5e uma imers\u00e3o \u00fanica em modelos de universidades territorialmente integradas, capazes de gerar impacto por meio da inova\u00e7\u00e3o, da lideran\u00e7a e de alian\u00e7as estrat\u00e9gicas.[\/vc_column_text][\/vc_column][\/vc_row][vc_row][vc_column width=&#8221;1\/2&#8243;][vc_column_text css=&#8221;&#8221;]<\/p>\n<h4>Destinado a<\/h4>\n<ul>\n<li>L\u00edderes acad\u00eamicos, gestores universit\u00e1rios e profissionais interessados em fortalecer suas capacidades em gest\u00e3o e inova\u00e7\u00e3o no ensino superior.<\/li>\n<\/ul>\n<p>[\/vc_column_text][vc_column_text css=&#8221;&#8221;]<\/p>\n<h4><b>Requisitos<\/b><\/h4>\n<ul>\n<li>Ex-alunos da IGLU atuando em cargos de dire\u00e7\u00e3o.<\/li>\n<li>Possuir projetos relacionados ao tema em sua institui\u00e7\u00e3o.<\/li>\n<li>Dom\u00ednio do idioma ingl\u00eas.<\/li>\n<\/ul>\n<p>[\/vc_column_text][\/vc_column][vc_column width=&#8221;1\/2&#8243;][vc_column_text css=&#8221;&#8221;]<\/p>\n<h4>Destaques do programa<\/h4>\n<ul>\n<li>Experi\u00eancia intensiva de uma semana com enfoque pr\u00e1tico e internacional.<\/li>\n<li>Visitas institucionais e acad\u00eamicas em Montreal, Trois-Rivi\u00e8res e Drummondville.<\/li>\n<li>Oficinas estrat\u00e9gicas sobre lideran\u00e7a, pol\u00edticas p\u00fablicas e inova\u00e7\u00e3o.<\/li>\n<li>Espa\u00e7os de networking e gera\u00e7\u00e3o de alian\u00e7as internacionais.<\/li>\n<li>Espa\u00e7os de networking e alian\u00e7as internacionais.<\/li>\n<li>Reflex\u00e3o sobre diplomacia acad\u00eamica e coopera\u00e7\u00e3o global.<\/li>\n<\/ul>\n<p>[\/vc_column_text][\/vc_column][\/vc_row][vc_row][vc_column width=&#8221;1\/2&#8243;][vc_column_text css=&#8221;&#8221;]<\/p>\n<h4>Inscri\u00e7\u00f5es<\/h4>\n<ul>\n<li>De 3 de abril a 15 de junho<\/li>\n<\/ul>\n<p>[\/vc_column_text][\/vc_column][vc_column width=&#8221;1\/2&#8243;][vc_empty_space][vc_column_text css=&#8221;&#8221;]<\/p>\n<h4><strong>Vagas limitadas a 25 pessoas<\/strong><\/h4>\n<p>[\/vc_column_text][\/vc_column][\/vc_row][vc_row][vc_column][vc_column_text css=&#8221;&#8221;]<\/p>\n<h4>Investimento<\/h4>\n<p><b>$ 1.900 USD<\/b><\/p>\n<p>Inclui:<\/p>\n<ul>\n<li>Programa acad\u00eamico<\/li>\n<li>Networking<\/li>\n<li>Hospedagem<\/li>\n<li>Caf\u00e9 da manh\u00e3, almo\u00e7os e jantares<\/li>\n<li>Transporte para as institui\u00e7\u00f5es e hot\u00e9is<\/li>\n<\/ul>\n<p>[\/vc_column_text][vc_column_text css=&#8221;&#8221;]* O est\u00e1gio ser\u00e1 ministrado em ingl\u00eas e franc\u00eas.<br \/>\nEm algumas sess\u00f5es, ser\u00e1 oferecida interpreta\u00e7\u00e3o simult\u00e2nea autom\u00e1tica.[\/vc_column_text][\/vc_column][\/vc_row][vc_row][vc_column][vc_tta_accordion style=&#8221;flat&#8221; shape=&#8221;square&#8221; color=&#8221;iohe-orange&#8221; gap=&#8221;35&#8243; c_icon=&#8221;chevron&#8221; c_position=&#8221;right&#8221; active_section=&#8221;9999&#8243; no_fill=&#8221;true&#8221; collapsible_all=&#8221;true&#8221;][vc_tta_section title=&#8221;Programa acad\u00eamico e cultural | Preliminar&#8221; tab_id=&#8221;1775674774789-32f624bd-283b&#8221;][vc_column_text css=&#8221;&#8221;]<\/p>\n<h5>Dia 1. Segunda-feira, 21 de setembro de 2026<\/h5>\n<p>Descobrindo o sistema de ensino superior de Quebec<\/p>\n<p>Universit\u00e9 de Montr\u00e9al e McGill University<\/p>\n<p>&nbsp;<\/p>\n<h5>Dia 2. Ter\u00e7a-feira, 22 de setembro de 2026<\/h5>\n<p><strong>Universidade e inova\u00e7\u00e3o territorial<\/strong><\/p>\n<p>\u00c9cole de Technologie Sup\u00e9rieure (ETS) \/ Universit\u00e9 du Qu\u00e9bec \u00e0 Trois-Rivi\u00e8res<\/p>\n<p>&nbsp;<\/p>\n<h5>Dia 3. Quarta-feira, 23 de setembro de 2026<\/h5>\n<p><strong>A universidade como ator estrat\u00e9gico territorial<\/strong><\/p>\n<p>Universit\u00e9 du Qu\u00e9bec \u00e0 Trois-Rivi\u00e8res (CIPP e Pabell\u00f3n Marmen-Pellerin)<\/p>\n<p>&nbsp;<\/p>\n<h5>Dia 4. Quinta-feira, 24 de setembro de 2026<\/h5>\n<p><strong>Universidade, ind\u00fastria e transi\u00e7\u00e3o energ\u00e9tica<\/strong><\/p>\n<p>Parque Industrial de B\u00e9cancour \/ CNIMI (Drummondville)<\/p>\n<p><strong>\u00a0<\/strong><\/p>\n<h5>Dia 5. Sexta-feira, 25 de setembro de 2026 (Opcional)<\/h5>\n<p><strong>Integra\u00e7\u00e3o cultural e encerramento do programa<\/strong><\/p>\n<p>Local: Montreal (Mont Royal e espa\u00e7os culturais)<\/p>\n<p>&nbsp;<\/p>\n<p><strong>Idioma:<\/strong> O programa exige dos participantes um n\u00edvel m\u00ednimo de ingl\u00eas B2 e conhecimento de franc\u00eas (recomend\u00e1vel).[\/vc_column_text][\/vc_tta_section][\/vc_tta_accordion][\/vc_column][\/vc_row][vc_row][vc_column][vc_separator css=&#8221;&#8221;][\/vc_column][\/vc_row][vc_row][vc_column width=&#8221;1\/3&#8243;][vc_single_image image=&#8221;20884&#8243; img_size=&#8221;large&#8221; alignment=&#8221;center&#8221; css=&#8221;&#8221;][\/vc_column][vc_column width=&#8221;2\/3&#8243;][vc_empty_space][\/vc_column][\/vc_row][vc_row][vc_column][vc_column_text css=&#8221;&#8221;]Universidades parceiras:[\/vc_column_text][vc_single_image image=&#8221;20902&#8243; img_size=&#8221;large&#8221; css=&#8221;&#8221;][\/vc_column][\/vc_row][vc_row full_width=&#8221;stretch_row&#8221; css=&#8221;.vc_custom_1775239223542{margin-top: 35px !important;background-color: #F1F1F1 !important;}&#8221;][vc_column width=&#8221;1\/2&#8243;][vc_single_image image=&#8221;1248&#8243; img_size=&#8221;large&#8221; alignment=&#8221;center&#8221;][\/vc_column][vc_column width=&#8221;1\/2&#8243;][vc_custom_heading text=&#8221;Contato&#8221; use_theme_fonts=&#8221;yes&#8221; css=&#8221;&#8221;][vc_column_text css=&#8221;&#8221;]Para mais informa\u00e7\u00f5es sobre o programa e o processo de participa\u00e7\u00e3o, escreva para o e-mail:<\/p>\n<p>iglu@oui-iohe.org[\/vc_column_text][\/vc_column][\/vc_row]<\/p>\n<\/div>","protected":false},"excerpt":{"rendered":"<p>[vc_row][vc_column][vc_custom_heading source=&#8221;post_title&#8221; font_container=&#8221;tag:h1|text_align:left&#8221; use_theme_fonts=&#8221;yes&#8221;][\/vc_column][\/vc_row][vc_row][vc_column][vc_column_text css=&#8221;&#8221;] \u201cSinergias entre a Universidade e o Territ\u00f3rio: Lideran\u00e7a, empreendedorismo e inova\u00e7\u00e3o em a\u00e7\u00e3o\u201d Quebec, Canad\u00e1 [&hellip;]<\/p>\n","protected":false},"author":4,"featured_media":0,"parent":0,"menu_order":0,"comment_status":"closed","ping_status":"closed","template":"","meta":{"_acf_changed":false,"_monsterinsights_skip_tracking":false,"_monsterinsights_sitenote_active":false,"_monsterinsights_sitenote_note":"","_monsterinsights_sitenote_category":0,"footnotes":""},"class_list":["post-20916","page","type-page","status-publish","hentry"],"acf":[],"aioseo_notices":[],"_links":{"self":[{"href":"https:\/\/oui-iohe.org\/pt-br\/wp-json\/wp\/v2\/pages\/20916","targetHints":{"allow":["GET"]}}],"collection":[{"href":"https:\/\/oui-iohe.org\/pt-br\/wp-json\/wp\/v2\/pages"}],"about":[{"href":"https:\/\/oui-iohe.org\/pt-br\/wp-json\/wp\/v2\/types\/page"}],"author":[{"embeddable":true,"href":"https:\/\/oui-iohe.org\/pt-br\/wp-json\/wp\/v2\/users\/4"}],"replies":[{"embeddable":true,"href":"https:\/\/oui-iohe.org\/pt-br\/wp-json\/wp\/v2\/comments?post=20916"}],"version-history":[{"count":14,"href":"https:\/\/oui-iohe.org\/pt-br\/wp-json\/wp\/v2\/pages\/20916\/revisions"}],"predecessor-version":[{"id":20953,"href":"https:\/\/oui-iohe.org\/pt-br\/wp-json\/wp\/v2\/pages\/20916\/revisions\/20953"}],"wp:attachment":[{"href":"https:\/\/oui-iohe.org\/pt-br\/wp-json\/wp\/v2\/media?parent=20916"}],"curies":[{"name":"wp","href":"https:\/\/api.w.org\/{rel}","templated":true}]}}