{"id":21175,"date":"2026-05-09T14:13:59","date_gmt":"2026-05-09T18:13:59","guid":{"rendered":"https:\/\/oui-iohe.org\/?page_id=21175"},"modified":"2026-05-09T19:14:00","modified_gmt":"2026-05-09T23:14:00","slug":"caei-costa-rica-2025","status":"publish","type":"page","link":"https:\/\/oui-iohe.org\/pt-br\/caei-costa-rica-2025\/","title":{"rendered":"CAEI COSTA RICA &#8211; 2025"},"content":{"rendered":"<div class=\"wpb-content-wrapper\"><p>[vc_row][vc_column][vc_custom_heading text=&#8221;CAEI COSTA RICA &#8211; 2025&#8243; font_container=&#8221;tag:h2|text_align:left|color:%23b12028&#8243; use_theme_fonts=&#8221;yes&#8221; css=&#8221;&#8221;][\/vc_column][\/vc_row][vc_row][vc_column width=&#8221;1\/3&#8243;][vc_single_image image=&#8221;16162&#8243; img_size=&#8221;large&#8221; css=&#8221;&#8221;][\/vc_column][vc_column width=&#8221;2\/3&#8243;][vc_custom_heading text=&#8221;Apresenta\u00e7\u00e3o&#8221; font_container=&#8221;tag:h2|text_align:left|color:%23b12028&#8243; use_theme_fonts=&#8221;yes&#8221; css=&#8221;&#8221;][vc_column_text css=&#8221;&#8221;]A nona edi\u00e7\u00e3o do Congresso das Am\u00e9ricas sobre Educa\u00e7\u00e3o Internacional (CAEI) foi realizada nos dias 15, 16 e 17 de outubro de 2025 em San Jos\u00e9, Costa Rica, no formato presencial. O tema central foi: \u201cTransformando conhecimento em desenvolvimento\u201d.[\/vc_column_text][vc_video link=&#8221;https:\/\/youtu.be\/6CZgYdwdvrQ?si=FRO-cbKDaJLidNU1&#8243; el_width=&#8221;80&#8243; css=&#8221;&#8221;][vc_column_text css=&#8221;&#8221;]<span style=\"font-weight: 400;\">A din\u00e2mica comunidade interamericana que constr\u00f3i a base de esta inovadora iniciativa est\u00e1 estruturada em torno de l\u00edderes governamentais, dirigentes universit\u00e1rios e gestores, acad\u00eamicos e pesquisadores, diretores de rela\u00e7\u00f5es internacionais e organiza\u00e7\u00f5es universit\u00e1rias a n\u00edvel nacional, regional, interamericano e internacional, o que permitiu atingir:<\/span><\/p>\n<ul>\n<li style=\"font-weight: 400;\" aria-level=\"1\"><span style=\"font-weight: 400;\">7.281 + Participantes<\/span><\/li>\n<li style=\"font-weight: 400;\" aria-level=\"1\"><span style=\"font-weight: 400;\">39 associa\u00e7\u00f5es membros do CAEI<\/span><\/li>\n<li style=\"font-weight: 400;\" aria-level=\"1\"><span style=\"font-weight: 400;\">1.100 + Conferencistas<\/span><\/li>\n<li style=\"font-weight: 400;\" aria-level=\"1\"><span style=\"font-weight: 400;\">286 Atividades Acad\u00eamicas<\/span><\/li>\n<li style=\"font-weight: 400;\" aria-level=\"1\"><span style=\"font-weight: 400;\">1 700+ Institui\u00e7\u00f5es e organiza\u00e7\u00f5es em cada edi\u00e7\u00e3o<\/span><\/li>\n<li style=\"font-weight: 400;\" aria-level=\"1\"><span style=\"font-weight: 400;\">60+ pa\u00edses<\/span><\/li>\n<li style=\"font-weight: 400;\" aria-level=\"1\"><span style=\"font-weight: 400;\">5 continentes<\/span><\/li>\n<\/ul>\n<p>[\/vc_column_text][vc_toggle title=&#8221;Conferencistas&#8221; style=&#8221;round_outline&#8221; color=&#8221;green&#8221; size=&#8221;lg&#8221; css=&#8221;&#8221;]O CAEI-2025 teve como tema central \u201cTransformando conhecimento em desenvolvimento\u201d, o que implica a transi\u00e7\u00e3o do saber centralizado para a universaliza\u00e7\u00e3o da ci\u00eancia como elemento de transforma\u00e7\u00e3o social e desenvolvimento humano, convidando \u00e0 reconceitualiza\u00e7\u00e3o permanente da educa\u00e7\u00e3o e da pesquisa como geradoras de conhecimento e impulsionadoras da inova\u00e7\u00e3o, conduzindo a sociedades mais interculturais com desenvolvimento ambiental, econ\u00f4mico, pol\u00edtico, social, sustent\u00e1vel e duradouro.<\/p>\n<p><a href=\"https:\/\/caie-caei.org\/br\/conferencistas-caei-2025\/\">Conhe\u00e7a aqui os palestrantes do CAEI 2025<\/a>[\/vc_toggle][vc_toggle title=&#8221;Programa Acad\u00eamico&#8221; style=&#8221;round_outline&#8221; color=&#8221;green&#8221; size=&#8221;lg&#8221; css=&#8221;&#8221;]O CAEI-2025 Costa Rica convocou institui\u00e7\u00f5es de Ensino Superior (IES), profissionais da educa\u00e7\u00e3o internacional, acad\u00eamicos e pesquisadores, representantes do governo central e dos governos locais, bem como da sociedade civil, a participar e apresentar suas propostas de sess\u00f5es, considerando que cada uma dessas contribui\u00e7\u00f5es representa, para o \u00e2mbito nacional e internacional, o avan\u00e7o em dire\u00e7\u00e3o a melhores pr\u00e1ticas educacionais multi e interdisciplinares, sistemas de educa\u00e7\u00e3o mais internacionalizados e inclusivos, bem como \u00e0 atualiza\u00e7\u00e3o e \u00e0 colabora\u00e7\u00e3o internacional e interinstitucional, de acordo com as tend\u00eancias e os desafios no contexto atual do ensino superior.<\/p>\n<p>As propostas selecionadas foram elaboradas por grupos de profissionais de diversas \u00e1reas acad\u00eamicas, profissionais, culturais e geogr\u00e1ficas, promovendo a socializa\u00e7\u00e3o e a transforma\u00e7\u00e3o do conhecimento, para avan\u00e7ar com uma reflex\u00e3o.<\/p>\n<p><img loading=\"lazy\" decoding=\"async\" class=\"alignnone size-full wp-image-21206\" src=\"https:\/\/oui-iohe.org\/wp-content\/uploads\/2026\/05\/THEME-PT.png\" alt=\"\" width=\"915\" height=\"540\" \/>[\/vc_toggle][vc_toggle title=&#8221;Expositores&#8221; style=&#8221;round_outline&#8221; color=&#8221;green&#8221; size=&#8221;lg&#8221; css=&#8221;&#8221;]Na oitava edi\u00e7\u00e3o do CAEI, 34 institui\u00e7\u00f5es educacionais, governamentais, privadas e internacionais participaram ativamente da Expo CAEI-2023, com 26 institui\u00e7\u00f5es participantes. Entre elas estavam EduCanada, Quebec, The Forum, Altissia, SofiaU, TIEC, iCENT APP, Turnitin, CSN, UNLV, Education USA e China Education Association for International (CEAIE), entre muitas outras.<\/p>\n<p>Todas essas institui\u00e7\u00f5es puderam interagir com 700 participantes que compareceram ao evento de tr\u00eas dias e representaram 31 pa\u00edses.<\/p>\n<p><a href=\"https:\/\/caie-caei.org\/br\/patrocinios-e-expositores\/\">Conhe\u00e7a mais de nossos expositores e patrocinadores aqui.<\/a>[\/vc_toggle][\/vc_column][\/vc_row][vc_row][vc_column][vc_empty_space][\/vc_column][\/vc_row][vc_row][vc_column][vc_custom_heading text=&#8221;V\u00eddeos CAEI 2025&#8243; use_theme_fonts=&#8221;yes&#8221; css=&#8221;&#8221;][vc_column_text css=&#8221;&#8221;]O Congresso das Am\u00e9ricas sobre Educa\u00e7\u00e3o Internacional (CAEI) convida toda a comunidade de ensino superior, bem como representantes dos setores p\u00fablico, privado e da sociedade civil, a participar de diversas conversas sobre inova\u00e7\u00e3o e internacionaliza\u00e7\u00e3o do ensino superior.[\/vc_column_text][vc_text_separator title=&#8221;CAEI 2025 | Dia 2 da Costa Rica&#8221; css=&#8221;&#8221;][vc_video link=&#8221;https:\/\/youtu.be\/IPkHYLdhedc?si=2UAUradvutqNAG-P&#8221; el_width=&#8221;70&#8243; align=&#8221;center&#8221; css=&#8221;&#8221;][vc_text_separator title=&#8221;CAEI 2025 | Dia 1 da Costa Rica&#8221; css=&#8221;&#8221;][vc_video link=&#8221;https:\/\/youtu.be\/f3WxJRGp16w?si=xE0kiBhQWOOY5ULv&#8221; el_width=&#8221;70&#8243; align=&#8221;center&#8221; css=&#8221;&#8221;][vc_text_separator title=&#8221;Webinar &#8211; Lan\u00e7amento do CAEI 2025&#8243; css=&#8221;&#8221;][vc_video link=&#8221;https:\/\/www.youtube.com\/live\/EHeetOeX9LU?si=czBGkm4aRWgf6Nj7&#8243; el_width=&#8221;70&#8243; align=&#8221;center&#8221; css=&#8221;&#8221;][vc_text_separator title=&#8221;Esencial Costa Rica&#8221; css=&#8221;&#8221;][vc_video link=&#8221;https:\/\/youtu.be\/HfzwdiyzX_M?si=iik7CSMplrJ1UT3k&#8221; el_width=&#8221;70&#8243; align=&#8221;center&#8221; css=&#8221;&#8221;][vc_text_separator title=&#8221;See you in Costa Rica &#8211; CAEI 2025&#8243; css=&#8221;&#8221;][vc_video link=&#8221;https:\/\/youtu.be\/RxGI0wbEvB8?si=xIbFMgJm27AreP1o&#8221; el_width=&#8221;70&#8243; align=&#8221;center&#8221; css=&#8221;&#8221;][\/vc_column][\/vc_row]<\/p>\n<\/div>","protected":false},"excerpt":{"rendered":"<p>[vc_row][vc_column][vc_custom_heading text=&#8221;CAEI COSTA RICA &#8211; 2025&#8243; font_container=&#8221;tag:h2|text_align:left|color:%23b12028&#8243; use_theme_fonts=&#8221;yes&#8221; css=&#8221;&#8221;][\/vc_column][\/vc_row][vc_row][vc_column width=&#8221;1\/3&#8243;][vc_single_image image=&#8221;16162&#8243; img_size=&#8221;large&#8221; css=&#8221;&#8221;][\/vc_column][vc_column width=&#8221;2\/3&#8243;][vc_custom_heading text=&#8221;Apresenta\u00e7\u00e3o&#8221; font_container=&#8221;tag:h2|text_align:left|color:%23b12028&#8243; use_theme_fonts=&#8221;yes&#8221; css=&#8221;&#8221;][vc_column_text css=&#8221;&#8221;]A nona [&hellip;]<\/p>\n","protected":false},"author":4,"featured_media":0,"parent":0,"menu_order":0,"comment_status":"closed","ping_status":"closed","template":"","meta":{"_acf_changed":false,"_monsterinsights_skip_tracking":false,"_monsterinsights_sitenote_active":false,"_monsterinsights_sitenote_note":"","_monsterinsights_sitenote_category":0,"footnotes":""},"class_list":["post-21175","page","type-page","status-publish","hentry"],"acf":[],"aioseo_notices":[],"_links":{"self":[{"href":"https:\/\/oui-iohe.org\/pt-br\/wp-json\/wp\/v2\/pages\/21175","targetHints":{"allow":["GET"]}}],"collection":[{"href":"https:\/\/oui-iohe.org\/pt-br\/wp-json\/wp\/v2\/pages"}],"about":[{"href":"https:\/\/oui-iohe.org\/pt-br\/wp-json\/wp\/v2\/types\/page"}],"author":[{"embeddable":true,"href":"https:\/\/oui-iohe.org\/pt-br\/wp-json\/wp\/v2\/users\/4"}],"replies":[{"embeddable":true,"href":"https:\/\/oui-iohe.org\/pt-br\/wp-json\/wp\/v2\/comments?post=21175"}],"version-history":[{"count":3,"href":"https:\/\/oui-iohe.org\/pt-br\/wp-json\/wp\/v2\/pages\/21175\/revisions"}],"predecessor-version":[{"id":21214,"href":"https:\/\/oui-iohe.org\/pt-br\/wp-json\/wp\/v2\/pages\/21175\/revisions\/21214"}],"wp:attachment":[{"href":"https:\/\/oui-iohe.org\/pt-br\/wp-json\/wp\/v2\/media?parent=21175"}],"curies":[{"name":"wp","href":"https:\/\/api.w.org\/{rel}","templated":true}]}}