{"id":2857,"date":"2019-01-24T15:49:46","date_gmt":"2019-01-24T20:49:46","guid":{"rendered":"https:\/\/oui-iohe.org\/caei-caie\/"},"modified":"2025-11-26T15:55:10","modified_gmt":"2025-11-26T20:55:10","slug":"caei-caie","status":"publish","type":"page","link":"https:\/\/oui-iohe.org\/pt-br\/caei-caie\/","title":{"rendered":"CAEI"},"content":{"rendered":"<div class=\"wpb-content-wrapper\"><p>[vc_row][vc_column][vc_custom_heading source=&#8221;post_title&#8221; font_container=&#8221;tag:h1|text_align:left|color:%23b12028&#8243; use_theme_fonts=&#8221;yes&#8221;][\/vc_column][\/vc_row][vc_row][vc_column width=&#8221;1\/3&#8243;][vc_single_image image=&#8221;365&#8243; img_size=&#8221;large&#8221; alignment=&#8221;center&#8221; onclick=&#8221;custom_link&#8221; img_link_target=&#8221;_blank&#8221; link=&#8221;https:\/\/caie-caei.org\/fr\/&#8221;][\/vc_column][vc_column width=&#8221;2\/3&#8243;][vc_custom_heading text=&#8221;O qu\u00e9 \u00e9 o CAEI ?&#8221; use_theme_fonts=&#8221;yes&#8221;][vc_column_text]Como Secretaria executiva do <strong>Congresso das Am\u00e9ricas sobre Educa\u00e7\u00e3o Internacional (CAEI)<\/strong>, a OUI se associa a cerca de quarenta organiza\u00e7\u00f5es internacionais e a institui\u00e7\u00f5es de ensino superior para organizar o \u00fanico congresso internacional desta natureza.<\/p>\n<p>O\u00a0Congresso das Am\u00e9ricas sobre Educa\u00e7\u00e3o Internacional (CAEI)\u00a0\u00e9 o f\u00f3rum continental de excel\u00eancia que re\u00fane os principais atores e tomadores de decis\u00e3o vinculados \u00e0 internacionaliza\u00e7\u00e3o do ensino superior nas Am\u00e9ricas para fortalecer contatos, trocar experi\u00eancias e tra\u00e7ar o futuro da coopera\u00e7\u00e3o acad\u00eamica na regi\u00e3o.<\/p>\n<p>O\u00a0<strong>CAEI<\/strong>\u00a0\u00e9 organizado a cada dois anos em um pa\u00eds anfitri\u00e3o diferente em parceria com institui\u00e7\u00f5es e organiza\u00e7\u00f5es de ensino superior nacionais, regionais e internacionais, oferecendo uma plataforma a partir da qual os desafios e tend\u00eancias emergentes, bem como as boas pr\u00e1ticas, podem ser divulgados. relacionadas com a educa\u00e7\u00e3o internacional no continente.[\/vc_column_text][vc_single_image image=&#8221;16162&#8243; img_size=&#8221;large&#8221; css=&#8221;&#8221;][vc_empty_space height=&#8221;10PX&#8221;][vc_empty_space height=&#8221;10PX&#8221;][vc_custom_heading text=&#8221;CAEI San Jos\u00e9, Costa Rica, 2025&#8243; use_theme_fonts=&#8221;yes&#8221; css=&#8221;&#8221;][vc_column_text css=&#8221;&#8221;]<strong>TRANSFORMANDO O CONHECIMENTO EM DESENVOLVIMENTO<\/strong><\/p>\n<p>9a edi\u00e7\u00e3o do Congresso das Am\u00e9ricas sobre Educa\u00e7\u00e3o Internacional (CAEI)<\/p>\n<p><strong>15, 16 &amp; 17 de outubro de 2025, San Jos\u00e9, Costa Rica.<\/strong>[\/vc_column_text][\/vc_column][\/vc_row][vc_row][vc_column width=&#8221;1\/3&#8243;][\/vc_column][vc_column width=&#8221;1\/3&#8243;][vc_column_text css=&#8221;&#8221;]<strong><a href=\"https:\/\/caie-caei.org\/br\/info-chamada-de-propostas-2025\/\" target=\"_blank\" rel=\"noopener noreferrer\">CHAMADA DE PROPOSTAS &gt;<\/a><\/strong>[\/vc_column_text][\/vc_column][vc_column width=&#8221;1\/3&#8243;][vc_column_text css=&#8221;&#8221;]<strong><a href=\"https:\/\/caie-caei.org\/br\/registro-2025\/\" target=\"_blank\" rel=\"noopener noreferrer\">INSCRI\u00c7\u00c3O &gt;<\/a><\/strong>[\/vc_column_text][\/vc_column][\/vc_row][vc_row full_width=&#8221;stretch_row&#8221; css=&#8221;.vc_custom_1542744654565{padding-top: 20px !important;background-color: #f1f1f1 !important;}&#8221;][vc_column][vc_video link=&#8221;https:\/\/youtu.be\/6CZgYdwdvrQ?si=J_yn7toL37Jk1tAD&#8221; el_width=&#8221;80&#8243; align=&#8221;center&#8221; css=&#8221;&#8221;][\/vc_column][\/vc_row][vc_row full_width=&#8221;stretch_row&#8221; css=&#8221;.vc_custom_1542744654565{padding-top: 20px !important;background-color: #f1f1f1 !important;}&#8221;][vc_column][vc_custom_heading text=&#8221;Edi\u00e7\u00f5es passadas&#8221; use_theme_fonts=&#8221;yes&#8221;][\/vc_column][\/vc_row][vc_row full_width=&#8221;stretch_row&#8221; css=&#8221;.vc_custom_1542744817691{margin-top: -20px !important;background-color: #f1f1f1 !important;}&#8221;][vc_column width=&#8221;1\/2&#8243;][vc_single_image image=&#8221;16167&#8243; img_size=&#8221;large&#8221; alignment=&#8221;center&#8221; css=&#8221;&#8221;][\/vc_column][vc_column width=&#8221;1\/2&#8243;][vc_custom_heading text=&#8221;CAEI ESTADOS UNIDOS 2023&#8243; font_container=&#8221;tag:h4|text_align:left|color:%23b12028&#8243; use_theme_fonts=&#8221;yes&#8221; css=&#8221;.vc_custom_1718988497121{margin-bottom: 20px !important;}&#8221;][vc_btn title=&#8221;CAEI ESTADOS UNIDOS 2023&#8243; style=&#8221;flat&#8221; shape=&#8221;square&#8221; color=&#8221;iohe-orange&#8221; size=&#8221;lg&#8221; align=&#8221;left&#8221; css=&#8221;&#8221; link=&#8221;url:https%3A%2F%2Foui-iohe.org%2Fpt-br%2Fcaei-usa-2023%2F|target:_blank&#8221;][vc_custom_heading text=&#8221;CAEI CHILE 2021&#8243; font_container=&#8221;tag:h4|text_align:left|color:%23b12028&#8243; use_theme_fonts=&#8221;yes&#8221; css=&#8221;.vc_custom_1674959436978{margin-bottom: 20px !important;}&#8221;][vc_btn title=&#8221;CAEI CHILE 2021&#8243; style=&#8221;flat&#8221; shape=&#8221;square&#8221; color=&#8221;iohe-orange&#8221; size=&#8221;lg&#8221; align=&#8221;left&#8221; link=&#8221;url:https%3A%2F%2Foui-iohe.org%2Fpt-br%2Fcaei-chile-2021%2F||target:%20_blank|&#8221;][vc_custom_heading text=&#8221;CAEI CANAD\u00c1 2019&#8243; font_container=&#8221;tag:h4|text_align:left|color:%23b12028&#8243; use_theme_fonts=&#8221;yes&#8221; css=&#8221;.vc_custom_1605303605710{margin-bottom: 20px !important;}&#8221;][vc_btn title=&#8221;CAEI CANAD\u00c1 2019&#8243; style=&#8221;flat&#8221; shape=&#8221;square&#8221; color=&#8221;iohe-orange&#8221; size=&#8221;lg&#8221; align=&#8221;left&#8221; link=&#8221;url:https%3A%2F%2Foui-iohe.org%2Fpt-br%2Fcaei-colombia-2019%2F|||&#8221;][vc_custom_heading text=&#8221;CAEI CANAD\u00c1 2017&#8243; font_container=&#8221;tag:h4|text_align:left|color:%23b12028&#8243; use_theme_fonts=&#8221;yes&#8221; css=&#8221;.vc_custom_1548428886034{margin-bottom: 20px !important;}&#8221;][vc_btn title=&#8221;CAEI CANAD\u00c1 2017&#8243; style=&#8221;flat&#8221; shape=&#8221;square&#8221; color=&#8221;iohe-orange&#8221; size=&#8221;lg&#8221; align=&#8221;left&#8221; link=&#8221;url:https%3A%2F%2Foui-iohe.org%2Fpt-br%2Fcaei-canada-2017%2F|||&#8221;][vc_custom_heading text=&#8221;CAEI EQUADOR 2015&#8243; font_container=&#8221;tag:h4|text_align:left|color:%23b12028&#8243; use_theme_fonts=&#8221;yes&#8221; css=&#8221;.vc_custom_1548429487671{margin-bottom: 20px !important;}&#8221;][vc_btn title=&#8221;CAEI EQUADOR 2015&#8243; style=&#8221;flat&#8221; shape=&#8221;square&#8221; color=&#8221;iohe-orange&#8221; size=&#8221;lg&#8221; align=&#8221;left&#8221; link=&#8221;url:https%3A%2F%2Foui-iohe.org%2Fpt-br%2Fcaei-equador-2015%2F|||&#8221;][vc_custom_heading text=&#8221;CAEI M\u00c9XICO 2013&#8243; font_container=&#8221;tag:h4|text_align:left|color:%23b12028&#8243; use_theme_fonts=&#8221;yes&#8221; css=&#8221;.vc_custom_1548428922435{margin-bottom: 20px !important;}&#8221;][vc_btn title=&#8221;CAEI M\u00c9XICO 2013&#8243; style=&#8221;flat&#8221; shape=&#8221;square&#8221; color=&#8221;iohe-orange&#8221; size=&#8221;lg&#8221; align=&#8221;left&#8221; link=&#8221;url:https%3A%2F%2Foui-iohe.org%2Fpt-br%2Fcaei-mexico-2013%2F||target:%20_blank|&#8221;][vc_custom_heading text=&#8221;CAEI BRASIL 2012&#8243; font_container=&#8221;tag:h4|text_align:left|color:%23b12028&#8243; use_theme_fonts=&#8221;yes&#8221; css=&#8221;.vc_custom_1548428937883{margin-bottom: 20px !important;}&#8221;][vc_btn title=&#8221;CAEI BRASIL 2012&#8243; style=&#8221;flat&#8221; shape=&#8221;square&#8221; color=&#8221;iohe-orange&#8221; size=&#8221;lg&#8221; align=&#8221;left&#8221; link=&#8221;url:https%3A%2F%2Foui-iohe.org%2Fpt-br%2Fcaie-brasil-2012%2F||target:%20_blank|&#8221;][vc_custom_heading text=&#8221;CAEI CANAD\u00c1 2010&#8243; font_container=&#8221;tag:h4|text_align:left|color:%23b12028&#8243; use_theme_fonts=&#8221;yes&#8221; css=&#8221;.vc_custom_1548428952570{margin-bottom: 20px !important;}&#8221;][vc_btn title=&#8221;CAEI CANAD\u00c1 2010&#8243; style=&#8221;flat&#8221; shape=&#8221;square&#8221; color=&#8221;iohe-orange&#8221; size=&#8221;lg&#8221; align=&#8221;left&#8221; link=&#8221;url:https%3A%2F%2Foui-iohe.org%2Fwp-content%2Fuploads%2F2019%2F02%2FCAEI-2010-Programme-2010_EN.pdf||target:%20_blank|&#8221;][\/vc_column][\/vc_row][vc_row css=&#8221;.vc_custom_1542745076628{margin-top: 35px !important;}&#8221;][vc_column width=&#8221;1\/2&#8243;][vc_single_image image=&#8221;1248&#8243; img_size=&#8221;large&#8221; alignment=&#8221;center&#8221;][\/vc_column][vc_column width=&#8221;1\/2&#8243;][vc_custom_heading text=&#8221;Contato&#8221; use_theme_fonts=&#8221;yes&#8221;][vc_column_text css=&#8221;&#8221;]<strong>Congresso das Am\u00e9ricas sobre Educa\u00e7\u00e3o Internacional<\/strong><br \/>\n7077 Avenue du Parc, suite 2043<br \/>\nMontr\u00e9al, Qu\u00e9bec, Canada<br \/>\nH3N\u00a01X7<br \/>\n(+1) 514-343-2235<br \/>\ncaei@oui-iohe.org[\/vc_column_text][\/vc_column][\/vc_row][vc_row][vc_column][vc_btn title=&#8221;website&#8221; style=&#8221;flat&#8221; shape=&#8221;square&#8221; color=&#8221;iohe-orange&#8221; align=&#8221;center&#8221; link=&#8221;url:https%3A%2F%2Fcaie-caei.org%2Fbr%2F|||&#8221;][\/vc_column][\/vc_row]<\/p>\n<\/div>","protected":false},"excerpt":{"rendered":"<p>[vc_row][vc_column][vc_custom_heading source=&#8221;post_title&#8221; font_container=&#8221;tag:h1|text_align:left|color:%23b12028&#8243; use_theme_fonts=&#8221;yes&#8221;][\/vc_column][\/vc_row][vc_row][vc_column width=&#8221;1\/3&#8243;][vc_single_image image=&#8221;365&#8243; img_size=&#8221;large&#8221; alignment=&#8221;center&#8221; onclick=&#8221;custom_link&#8221; img_link_target=&#8221;_blank&#8221; link=&#8221;https:\/\/caie-caei.org\/fr\/&#8221;][\/vc_column][vc_column width=&#8221;2\/3&#8243;][vc_custom_heading text=&#8221;O qu\u00e9 \u00e9 o CAEI ?&#8221; use_theme_fonts=&#8221;yes&#8221;][vc_column_text]Como Secretaria [&hellip;]<\/p>\n","protected":false},"author":4,"featured_media":16190,"parent":0,"menu_order":0,"comment_status":"closed","ping_status":"closed","template":"","meta":{"_acf_changed":false,"_monsterinsights_skip_tracking":false,"_monsterinsights_sitenote_active":false,"_monsterinsights_sitenote_note":"","_monsterinsights_sitenote_category":0,"footnotes":""},"class_list":["post-2857","page","type-page","status-publish","has-post-thumbnail","hentry"],"acf":[],"aioseo_notices":[],"_links":{"self":[{"href":"https:\/\/oui-iohe.org\/pt-br\/wp-json\/wp\/v2\/pages\/2857","targetHints":{"allow":["GET"]}}],"collection":[{"href":"https:\/\/oui-iohe.org\/pt-br\/wp-json\/wp\/v2\/pages"}],"about":[{"href":"https:\/\/oui-iohe.org\/pt-br\/wp-json\/wp\/v2\/types\/page"}],"author":[{"embeddable":true,"href":"https:\/\/oui-iohe.org\/pt-br\/wp-json\/wp\/v2\/users\/4"}],"replies":[{"embeddable":true,"href":"https:\/\/oui-iohe.org\/pt-br\/wp-json\/wp\/v2\/comments?post=2857"}],"version-history":[{"count":37,"href":"https:\/\/oui-iohe.org\/pt-br\/wp-json\/wp\/v2\/pages\/2857\/revisions"}],"predecessor-version":[{"id":19598,"href":"https:\/\/oui-iohe.org\/pt-br\/wp-json\/wp\/v2\/pages\/2857\/revisions\/19598"}],"wp:featuredmedia":[{"embeddable":true,"href":"https:\/\/oui-iohe.org\/pt-br\/wp-json\/wp\/v2\/media\/16190"}],"wp:attachment":[{"href":"https:\/\/oui-iohe.org\/pt-br\/wp-json\/wp\/v2\/media?parent=2857"}],"curies":[{"name":"wp","href":"https:\/\/api.w.org\/{rel}","templated":true}]}}