{"id":3029,"date":"2019-02-19T09:38:59","date_gmt":"2019-02-19T14:38:59","guid":{"rendered":"https:\/\/oui-iohe.org\/?page_id=3029"},"modified":"2020-11-11T16:41:40","modified_gmt":"2020-11-11T21:41:40","slug":"caie-brasil-2012","status":"publish","type":"page","link":"https:\/\/oui-iohe.org\/pt-br\/caie-brasil-2012\/","title":{"rendered":"CAEI BRASIL &#8211; 2012"},"content":{"rendered":"<div class=\"wpb-content-wrapper\"><p>[vc_row][vc_column][vc_custom_heading source=&#8221;post_title&#8221; font_container=&#8221;tag:h2|text_align:left|color:%23b12028&#8243; use_theme_fonts=&#8221;yes&#8221;][\/vc_column][\/vc_row][vc_row][vc_column width=&#8221;1\/4&#8243;][vc_single_image image=&#8221;6196&#8243; img_size=&#8221;large&#8221; alignment=&#8221;center&#8221; onclick=&#8221;custom_link&#8221; img_link_target=&#8221;_blank&#8221; link=&#8221;https:\/\/caie-caei.org\/fr\/&#8221;][\/vc_column][vc_column width=&#8221;3\/4&#8243;][vc_custom_heading text=&#8221;Apresenta\u00e7\u00f5es&#8221; use_theme_fonts=&#8221;yes&#8221;][vc_column_text]Ap\u00f3s o sucesso inicia no Canad\u00e1 em 2010, a segunda edi\u00e7\u00e3o do CAIE se realizou no Rio de Janeiro, Brasil, de 25 a 28 de abril de 2012. O evento atraiu mais de\u00a0<strong>615 participantes de 32 pa\u00edses repartidos em quatro continentes<\/strong>. Mais de\u00a0<strong>300 institui\u00e7\u00f5es de ensino superior<\/strong>,\u00a0<strong>40 associa\u00e7\u00f5es nacionais, regionais e internacionais<\/strong>, e\u00a0<strong>ag\u00eancias\/autoridades governamentais de 8 pa\u00edses<\/strong>\u00a0estavam representadas no CAIE 2012. Participantes inclu\u00edam reitores e vice-reitores universit\u00e1rios, diretores de Rela\u00e7\u00f5es internacionais e Mobilidade acad\u00eamica, acad\u00eamicos especializados nos temas relacionados com a internacionaliza\u00e7\u00e3o do ensino superior, e representantes de governos, do setor privado e organiza\u00e7\u00f5es universit\u00e1rias nacionais, regionais e internacionais.<\/p>\n<p>Os destaques do programa do CAIE 2012 inclu\u00edama Cerim\u00f4nia inaugural, com interven\u00e7\u00f5es de\u00a0<strong>Amaro Henrique Pessoa Lins<\/strong>, Secret\u00e1rio do Ensino superior do Minist\u00e9rio de Educa\u00e7\u00e3o do Brasil,\u00a0<strong>Roberto de Souza Salles<\/strong>, Reitor da Universidade Federal Fluminense, e\u00a0<strong>Marcia Rubio Correa<\/strong>, Reitor da\u00a0<em>Pontificia Universidad Cat\u00f3lica del Per\u00fa<\/em>\u00a0e Presidente da OUI. O CAIE 2012 teve tamb\u00e9m o privil\u00e9gio de acolher\u00a0<strong>Sua Excel\u00eancia, o Honor\u00e1vel David Johnston<\/strong>, Governador geral do Canad\u00e1,\u00a0<strong>Alvaro Toubes Prata<\/strong>, Secret\u00e1rio nacional de Desenvolvimento tecnol\u00f3gico e Inova\u00e7\u00e3o do Brasil, e o saudoso\u00a0<strong>Carlos Fuentes<\/strong>, escritor e intelectual mexicano de fama internacional.[\/vc_column_text][\/vc_column][\/vc_row][vc_row][vc_column width=&#8221;1\/2&#8243;][vc_empty_space height=&#8221;20px&#8221;][vc_custom_heading text=&#8221;Programa 2012&#8243; use_theme_fonts=&#8221;yes&#8221;][vc_column_text]O evento ofereceu:<\/p>\n<ul>\n<li>Um Debate plen\u00e1rio sobre Internacionaliza\u00e7\u00e3o e Mobilidade;<\/li>\n<li>Uma Entrevista plen\u00e1ria sobre Internacionaliza\u00e7\u00e3o da Inova\u00e7\u00e3o, Ci\u00eancia e Tecnologia;<\/li>\n<li>21\u00a0<em>workshops<\/em>dados por representantes de alto n\u00edvel de IES e organiza\u00e7\u00f5es internacionais;<\/li>\n<li>50 sess\u00f5es paralelas apresentadas por 150 acad\u00eamicos das Am\u00e9ricas e outras regi\u00f5es;<\/li>\n<li>Um evento de\u00a0<em>networking<\/em>organizado pela Associa\u00e7\u00e3o de Assessorias de Institui\u00e7\u00f5es de Ensino Superior Brasileiras para Assuntos Internacionais (FAUBAI);<\/li>\n<li>Uma miss\u00e3o de 35 reitores de universidades canadenses, conduzida pela Associa\u00e7\u00e3o de Universidades e Col\u00e9gios do Canad\u00e1 (AUCC);<\/li>\n<li>Uma exposi\u00e7\u00e3o de institui\u00e7\u00f5es e associa\u00e7\u00f5es de ensino superior assim como de patrocinadores do CAIE-Brasil 2012; e<\/li>\n<li>Atividades culturais.<\/li>\n<\/ul>\n<p>[\/vc_column_text][vc_empty_space height=&#8221;50px&#8221;][vc_btn title=&#8221;Programa 2012&#8243; style=&#8221;flat&#8221; shape=&#8221;square&#8221; color=&#8221;iohe-orange&#8221; size=&#8221;lg&#8221; align=&#8221;center&#8221; button_block=&#8221;true&#8221; link=&#8221;url:https%3A%2F%2Foui-iohe.org%2Fwp-content%2Fuploads%2F2019%2F02%2FCAEI-2012-Programme-2012_4-idiomas.pdf||target:%20_blank|&#8221;][\/vc_column][vc_column width=&#8221;1\/2&#8243;][vc_empty_space height=&#8221;20px&#8221;][vc_custom_heading text=&#8221;Patrocinadores 2012&#8243; use_theme_fonts=&#8221;yes&#8221;][vc_column_text]<\/p>\n<h4 style=\"text-align: center;\">Lista dos patrocinadores que suportaram a edi\u00e7\u00e3o do CAEI Brasil 2012<\/h4>\n<ul>\n<li>Minist\u00e9rio de Rela\u00e7\u00f5es exteriores e Com\u00e9rcio internacional do Canad\u00e1 (DFAIT)<\/li>\n<li>Asociaci\u00f3n Mexicana para la Educaci\u00f3n Internacional (AMPEI), M\u00e9xico<\/li>\n<li>BMI Media, Reino Unido<\/li>\n<li>CALDO, Canad\u00e1<\/li>\n<li>Canadian Bureau for International Education (CBIE), Canad\u00e1<\/li>\n<li>The Chronicle of Higher Education, Estados Unidos<\/li>\n<li>Colombia Challenge Your Knowledge, Col\u00f4mbia<\/li>\n<li>\u00c9cole de technologie sup\u00e9rieure (\u00c9TS), Canad\u00e1<\/li>\n<li>EducationUSA, Estados Unidos<\/li>\n<li>Funda\u00e7\u00e3o de Amparo \u00e0 Pesquisa do Estado do Rio de Janeiro (FAPERJ), Brasil<\/li>\n<li>FPP EDU-Media, Brasil<\/li>\n<li>German Academic Exchange Service (DAAD), Alemanha<\/li>\n<li>ICEF, Alemanha<\/li>\n<li>Associa\u00e7\u00e3o Internacional de Universidades (AIU), Fran\u00e7a<\/li>\n<li>Laurentian University, Canad\u00e1<\/li>\n<li>Minist\u00e9rio de Rela\u00e7\u00f5es internacionais de Quebec (MRI), Canad\u00e1<\/li>\n<li>OUI-IOHE\/COLAM\/IGLU\/CAMPUS, Canad\u00e1<\/li>\n<li>Pontificia Universidad Cat\u00f3lica del Per\u00fa (PUCPR), Peru<\/li>\n<li>Pontificia Universidade Cat\u00f3lica do Paran\u00e1, Brasil<\/li>\n<li>Santander Universidades, Brasil<\/li>\n<li>Secretaria da Sa\u00fade do Estado do Paran\u00e1, Brasil<\/li>\n<li>Funda\u00e7\u00e3o UFF\/Servi\u00e7o Brasileiro de Apoio \u00e0s Micro e Pequenas Empresas \u2013 Rio de Janeiro (SEBRAE-RJ), Brasil<\/li>\n<li>Universidad Aut\u00f3noma de Nuevo Le\u00f3n (UANL), M\u00e9xico<\/li>\n<li>Universidad Interamericana de Puerto Rico (UIPR), Estados Unidos<\/li>\n<li>Universidad T\u00e9cnica Particular de Loja (UTPL), Equador<\/li>\n<li>Universidad Veracruzana (UV), M\u00e9xico<\/li>\n<li>University of Queensland (UQ), Austr\u00e1lia<\/li>\n<\/ul>\n<p>[\/vc_column_text][\/vc_column][\/vc_row][vc_row][vc_column][vc_empty_space height=&#8221;20px&#8221;][vc_custom_heading text=&#8221;Webinars 2012&#8243; use_theme_fonts=&#8221;yes&#8221;][\/vc_column][\/vc_row][vc_row][vc_column width=&#8221;1\/2&#8243;][vc_text_separator title=&#8221;WEBINAR #1 &#8221; border_width=&#8221;2&#8243;][vc_column_text]<strong>TIT\u00daLO<\/strong> : Indicadores de internacionaliza\u00e7\u00e3o do ensino superior: me\u00e7am as capacidades de sua institui\u00e7\u00e3o!<\/p>\n<p><strong>ORADOR<\/strong>\u00a0: Eva Egron-Polak,\u00a0<em>Association internationale des universit\u00e9s<\/em>[\/vc_column_text][vc_video link=&#8221;https:\/\/vimeo.com\/80015046&#8243; el_width=&#8221;80&#8243; align=&#8221;center&#8221;][vc_empty_space height=&#8221;25px&#8221;][vc_text_separator title=&#8221;WEBINAR #3&#8243; border_width=&#8221;2&#8243;][vc_column_text]<strong>TIT\u00daLO :<\/strong>\u00a0Internacionaliza\u00e7\u00e3o do ensino superior no Brasil: perspectivas para o CAEI 2012<\/p>\n<p><strong>ORADOR\u00a0<\/strong>: Dr. Sidney de Matos Mello,\u00a0<em>Universidade Federal Fluminense<\/em>[\/vc_column_text][vc_video link=&#8221;https:\/\/vimeo.com\/80073208&#8243; el_width=&#8221;80&#8243; align=&#8221;center&#8221;][vc_empty_space height=&#8221;20px&#8221;][vc_text_separator title=&#8221;WEBINAR #5&#8243; border_width=&#8221;2&#8243;][vc_column_text]<strong>TIT\u00daLO<\/strong>\u00a0: Indicadores utilizados na internacionaliza\u00e7\u00e3o do ensino superior<\/p>\n<p><strong>ORADOR<\/strong> : Eva Egron-Polak,\u00a0<em>Association internationale des universit\u00e9s<\/em>[\/vc_column_text][vc_video link=&#8221;https:\/\/vimeo.com\/80075094&#8243; el_width=&#8221;80&#8243; align=&#8221;center&#8221;][vc_empty_space height=&#8221;20px&#8221;][\/vc_column][vc_column width=&#8221;1\/2&#8243;][vc_text_separator title=&#8221;WEBINAR #2 &#8221; border_width=&#8221;2&#8243;][vc_column_text]<strong>TIT\u00daLO<\/strong> : A profissionaliza\u00e7\u00e3o dos dirigentes universit\u00e1rios na internacionaliza\u00e7\u00e3o do ensino superior<\/p>\n<p><strong>ORADOR<\/strong> : Dr. Alan Boutet,\u00a0<em>Dalhousie University<\/em>[\/vc_column_text][vc_video link=&#8221;https:\/\/vimeo.com\/80071488&#8243; el_width=&#8221;80&#8243; align=&#8221;center&#8221;][vc_empty_space height=&#8221;50px&#8221;][vc_text_separator title=&#8221;WEBINAR #4&#8243; border_width=&#8221;2&#8243;][vc_column_text]<strong>TIT\u00daLO<\/strong>\u00a0: A internacionaliza\u00e7\u00e3o do ensino superior no M\u00e9xico: o caso da Universidad de Monterrey<\/p>\n<p><strong>ORADOR<\/strong> : Thomas Buntru,\u00a0<em>Universidad de Monterrey<\/em>[\/vc_column_text][vc_video link=&#8221;https:\/\/vimeo.com\/80075094&#8243; el_width=&#8221;80&#8243; align=&#8221;center&#8221;][vc_empty_space height=&#8221;50px&#8221;][vc_text_separator title=&#8221;WEBINAR #6&#8243; border_width=&#8221;2&#8243;][vc_column_text]<strong>TIT\u00daLO<\/strong>\u00a0:\u00a0Internacionaliza\u00e7\u00e3o da pesquisa no Brasil: oportunidades para a coopera\u00e7\u00e3o internacional<\/p>\n<p><strong>ORADOR<\/strong>\u00a0: Leandro Tessler,\u00a0Universidade Estadual de Campinas[\/vc_column_text][vc_video link=&#8221;https:\/\/vimeo.com\/80081141&#8243; el_width=&#8221;80&#8243; align=&#8221;center&#8221;][vc_empty_space height=&#8221;20px&#8221;][\/vc_column][\/vc_row][vc_row][vc_column width=&#8221;1\/3&#8243;][\/vc_column][vc_column width=&#8221;1\/3&#8243;][vc_text_separator title=&#8221;WEBINAR #7&#8243; border_width=&#8221;2&#8243;][vc_column_text]<strong>TIT\u00daLO<\/strong>\u00a0: Tend\u00eancias na mobilidade estudantil nas Am\u00e9ricas: desafios e benef\u00edcios da colheita e interpreta\u00e7\u00e3o de dados<\/p>\n<p><strong>ORADOR\u00a0<\/strong>:<\/p>\n<p>Raisa Belyavina, Vicepresidente Adjunto, Instituto de Investigaci\u00f3n y Evaluaci\u00f3n de la Educaci\u00f3n Internacional (IIE)<\/p>\n<p>Rajika Bhandari, Ph.D.[\/vc_column_text][vc_empty_space height=&#8221;20px&#8221;][\/vc_column][vc_column width=&#8221;1\/3&#8243;][\/vc_column][\/vc_row]<\/p>\n<\/div>","protected":false},"excerpt":{"rendered":"<p>[vc_row][vc_column][vc_custom_heading source=&#8221;post_title&#8221; font_container=&#8221;tag:h2|text_align:left|color:%23b12028&#8243; use_theme_fonts=&#8221;yes&#8221;][\/vc_column][\/vc_row][vc_row][vc_column width=&#8221;1\/4&#8243;][vc_single_image image=&#8221;6196&#8243; img_size=&#8221;large&#8221; alignment=&#8221;center&#8221; onclick=&#8221;custom_link&#8221; img_link_target=&#8221;_blank&#8221; link=&#8221;https:\/\/caie-caei.org\/fr\/&#8221;][\/vc_column][vc_column width=&#8221;3\/4&#8243;][vc_custom_heading text=&#8221;Apresenta\u00e7\u00f5es&#8221; use_theme_fonts=&#8221;yes&#8221;][vc_column_text]Ap\u00f3s o sucesso inicia no Canad\u00e1 em [&hellip;]<\/p>\n","protected":false},"author":4,"featured_media":0,"parent":0,"menu_order":0,"comment_status":"closed","ping_status":"closed","template":"","meta":{"_acf_changed":false,"_monsterinsights_skip_tracking":false,"_monsterinsights_sitenote_active":false,"_monsterinsights_sitenote_note":"","_monsterinsights_sitenote_category":0,"footnotes":""},"class_list":["post-3029","page","type-page","status-publish","hentry"],"acf":[],"aioseo_notices":[],"_links":{"self":[{"href":"https:\/\/oui-iohe.org\/pt-br\/wp-json\/wp\/v2\/pages\/3029","targetHints":{"allow":["GET"]}}],"collection":[{"href":"https:\/\/oui-iohe.org\/pt-br\/wp-json\/wp\/v2\/pages"}],"about":[{"href":"https:\/\/oui-iohe.org\/pt-br\/wp-json\/wp\/v2\/types\/page"}],"author":[{"embeddable":true,"href":"https:\/\/oui-iohe.org\/pt-br\/wp-json\/wp\/v2\/users\/4"}],"replies":[{"embeddable":true,"href":"https:\/\/oui-iohe.org\/pt-br\/wp-json\/wp\/v2\/comments?post=3029"}],"version-history":[{"count":5,"href":"https:\/\/oui-iohe.org\/pt-br\/wp-json\/wp\/v2\/pages\/3029\/revisions"}],"predecessor-version":[{"id":6201,"href":"https:\/\/oui-iohe.org\/pt-br\/wp-json\/wp\/v2\/pages\/3029\/revisions\/6201"}],"wp:attachment":[{"href":"https:\/\/oui-iohe.org\/pt-br\/wp-json\/wp\/v2\/media?parent=3029"}],"curies":[{"name":"wp","href":"https:\/\/api.w.org\/{rel}","templated":true}]}}