{"id":3122,"date":"2019-02-19T16:40:39","date_gmt":"2019-02-19T21:40:39","guid":{"rendered":"https:\/\/oui-iohe.org\/?page_id=3122"},"modified":"2020-11-11T16:46:10","modified_gmt":"2020-11-11T21:46:10","slug":"caei-mexico-2013","status":"publish","type":"page","link":"https:\/\/oui-iohe.org\/pt-br\/caei-mexico-2013\/","title":{"rendered":"CAEI M\u00c9XICO \u2013 2013"},"content":{"rendered":"<div class=\"wpb-content-wrapper\"><p>[vc_row][vc_column][vc_custom_heading source=&#8221;post_title&#8221; font_container=&#8221;tag:h2|text_align:left|color:%23b12028&#8243; use_theme_fonts=&#8221;yes&#8221;][\/vc_column][\/vc_row][vc_row][vc_column width=&#8221;1\/4&#8243;][vc_single_image image=&#8221;6205&#8243; img_size=&#8221;large&#8221; alignment=&#8221;center&#8221; onclick=&#8221;custom_link&#8221; img_link_target=&#8221;_blank&#8221; link=&#8221;https:\/\/caie-caei.org\/fr\/&#8221;][\/vc_column][vc_column width=&#8221;3\/4&#8243;][vc_custom_heading text=&#8221;Apresenta\u00e7\u00e3o&#8221; use_theme_fonts=&#8221;yes&#8221;][vc_column_text]A III edi\u00e7\u00e3o do Congresso das Am\u00e9ricas sobre Educa\u00e7\u00e3o Internacional, que se realizou de 16 a 18 de outubro em Monterrey, M\u00e9xico, foi um grande sucesso,\u00a0<strong>j\u00e1 que contamos com 824 participantes de 31 pa\u00edses dos cinco continentes<\/strong>. Em torno do tema \u201c<em>Mobilidade do Conhecimento: Responsabilidades e Recursos<\/em>\u201d um programa acad\u00eamico din\u00e2mico, de muito alto n\u00edvel, se desenvolveu e convidou \u00e0 reflex\u00e3o. \u00a0<strong>Um total de 219 expertos internacionais participaram de 55 atividades acad\u00eamicas: o debate plen\u00e1rio, a entrevista plen\u00e1ria, os workshops e as sess\u00f5es paralelas.<\/strong>\u00a0Estas cobriram os temas de maior interesse e relev\u00e2ncia na internacionaliza\u00e7\u00e3o do ensino superior. As sess\u00f5es de networking tem\u00e1tico e institucional e a \u00e1rea de exibi\u00e7\u00e3o permitiram aos participantes realizar contatos estrat\u00e9gicos para suas IES.<\/p>\n<p>Durante os tr\u00eas dias da dura\u00e7\u00e3o do congresso, conferencistas, expertos, representantes do setor p\u00fablico e filantr\u00f3pico, organizadores e participantes trabalharam juntos para lograr objetivos compartidos no \u00e2mbito deste espa\u00e7o comum: identificar e discutir tend\u00eancias de relev\u00e2ncia no ES, intercambiar experi\u00eancias como membros da comunidade do ES, aprender de pares provenientes de diferentes contextos culturais, sociais e acad\u00eamicos assim como estabelecer alian\u00e7as interinstitucionais nas Am\u00e9ricas. Gra\u00e7as a estes esfor\u00e7os conjuntos se alcan\u00e7aram resultados concretos como a firma de memorandos de coopera\u00e7\u00e3o, a identifica\u00e7\u00e3o de desafios aos quais se confronta a comunidade, estrat\u00e9gias referentes \u00e0 implementa\u00e7\u00e3o da internacionaliza\u00e7\u00e3o no ES, cria\u00e7\u00e3o de consensos a respeito das vias que dever\u00e1 explorar nossa comunidade no futuro e o compromisso de implementar estes resultados nas IES.<\/p>\n<p>Em nome das associa\u00e7\u00f5es universit\u00e1rias que firmaram o Memorando e de todos os participantes, na qualidade de Secretaria executiva do CAEI, nos permitimos expressar todo nosso agradecimento e reconhecimento por seu grande apoio e hospitalidade, ao reitor da<em>Universidad Aut\u00f3noma de Nuevo Le\u00f3n<\/em>,\u00a0<strong>Jes\u00fas Ancer Rodr\u00edguez<\/strong>, assim como a sua equipe, \u00e0<em>Asociaci\u00f3n Mexicana para la Educaci\u00f3n Internacional<\/em>\u00a0(AMPEI) e ao Comit\u00ea organizador mexicano.[\/vc_column_text][\/vc_column][\/vc_row][vc_row][vc_column width=&#8221;1\/2&#8243;][vc_empty_space height=&#8221;20px&#8221;][vc_custom_heading text=&#8221;Programa 2013&#8243; use_theme_fonts=&#8221;yes&#8221;][vc_column_text]O evento reuniu:<\/p>\n<ul>\n<li>824 participantes provenientes de 31 pa\u00edses dos cinco continentes;<\/li>\n<li>Mais de 340 Institui\u00e7\u00f5es de Ensino Superior participantes no evento;<\/li>\n<li>53 associa\u00e7\u00f5es universit\u00e1rias internacionais e representa\u00e7\u00f5es governamentais interamericanas;<\/li>\n<li>158 mulheres l\u00edderes, provenientes de 77 IES de 20 pa\u00edses, dirigentes universit\u00e1rias de alto n\u00edvel das Am\u00e9ricas, participantes do\u00a0<em>III Encontro do Espa\u00e7o de Mulheres L\u00edderes do Ensino Superior (EMULIES)<\/em>;<\/li>\n<li>Sess\u00f5es plen\u00e1rias dirigidas por altas autoridades pol\u00edticas e universit\u00e1rias a n\u00edvel interamericano e internacional;<\/li>\n<li>11\u00a0<em>workshops<\/em>oferecidos por organiza\u00e7\u00f5es e expertos universit\u00e1rios a n\u00edvel interamericano e internacional;<\/li>\n<li>43 sess\u00f5es paralelas dadas por associa\u00e7\u00f5es universit\u00e1rias e institui\u00e7\u00f5es de ensino superior internacionais;<\/li>\n<li>219 conferencistas internacionais e profissionais no ensino superior;<\/li>\n<li>Duas sess\u00f5es de\u00a0<em>Networking<\/em>tem\u00e1tico organizado pela\u00a0<em>Asociaci\u00f3n Mexicana para la Educaci\u00f3n Internacional (AMPEI);<\/em><\/li>\n<li>Espa\u00e7o de exposi\u00e7\u00e3o de associa\u00e7\u00f5es e institui\u00e7\u00f5es de ensino superior, ag\u00eancias governamentais e entidades do setor privado, em qualidade de patrocinadores oficiais do CAIE M\u00e9xico 2013;<\/li>\n<li>Atividades culturais representativas do patrim\u00f4nio cultural do M\u00e9xico.<\/li>\n<\/ul>\n<p>[\/vc_column_text][vc_empty_space height=&#8221;50px&#8221;][\/vc_column][vc_column width=&#8221;1\/2&#8243;][vc_empty_space height=&#8221;20px&#8221;][vc_single_image image=&#8221;3046&#8243; img_size=&#8221;large&#8221; alignment=&#8221;center&#8221; onclick=&#8221;img_link_large&#8221; img_link_target=&#8221;_blank&#8221; title=&#8221;R\u00e9sultados 2013&#8243;][vc_empty_space height=&#8221;70px&#8221;][vc_btn title=&#8221;Programa 2013&#8243; style=&#8221;flat&#8221; shape=&#8221;square&#8221; color=&#8221;iohe-orange&#8221; size=&#8221;lg&#8221; align=&#8221;center&#8221; link=&#8221;url:https%3A%2F%2Foui-iohe.org%2Fwp-content%2Fuploads%2F2019%2F02%2FCAEI-2013-Programme-2013_4-idiomas.pdf||target:%20_blank|&#8221;][\/vc_column][\/vc_row][vc_row][vc_column][vc_custom_heading text=&#8221;Patrocinadores 2013&#8243; use_theme_fonts=&#8221;yes&#8221;][vc_column_text]O Congresso das Am\u00e9ricas sobre Educa\u00e7\u00e3o Internacional (CAEI) agradece as seguintes organiza\u00e7\u00f5es pelo seu generoso apoio:<\/p>\n<ul>\n<li><a href=\"http:\/\/www.wes.org\/ca\/\">World Education Services<\/a><\/li>\n<li><a href=\"http:\/\/international.gc.ca\/\">Canada<\/a><\/li>\n<li><a href=\"http:\/\/www.uanl.mx\/\">Universidad Aut\u00f3noma de Nuevo Le\u00f3n<\/a><\/li>\n<li><a href=\"http:\/\/www.ampei.org.mx\/\">Asociaci\u00f3n Mexicana para la Educaci\u00f3n Internacional<\/a><\/li>\n<li><a href=\"http:\/\/colam.oui-iohe.org\/\">Colegio de las Am\u00e9ricas<\/a><\/li>\n<li><a href=\"http:\/\/www.caldo.ca\/\">CALDO<\/a><\/li>\n<li><a href=\"http:\/\/iglu.oui-iohe.org\/\">IGLU : Instituto de Gesti\u00f3n y Liderazgo Universitario<\/a><\/li>\n<li><a href=\"http:\/\/www.maplaceauquebec.ca\/\">\u00c9tudier au Qu\u00e9bec<\/a><\/li>\n<li><a href=\"http:\/\/www.pucp.edu.pe\/\">Pontificia Universidad Cat\u00f3lica del Per\u00fa<\/a><\/li>\n<li><a href=\"http:\/\/www.upch.edu.pe\/portal\/\">Universidad Peruana Cayetano Heredia<\/a><\/li>\n<li><a href=\"http:\/\/www.up.edu.pe\/default.aspx\">Universidad del Pac\u00edfico<\/a><\/li>\n<li><a href=\"http:\/\/www.britishcouncil.org\/\">British Council<\/a><\/li>\n<li><a href=\"http:\/\/www.conacyt.gob.mx\/\">CONACYT<\/a><\/li>\n<li><a href=\"http:\/\/www.ipn.mx\/\">Instituto Polit\u00e9cnico Nacional<\/a><\/li>\n<li><a href=\"http:\/\/www.nl.gob.mx\/?P=turismo\">Turismo Nuevo Le\u00f3n<\/a><\/li>\n<li><a href=\"http:\/\/thepienews.com\/\">The Pie News<\/a><\/li>\n<\/ul>\n<p>[\/vc_column_text][\/vc_column][\/vc_row][vc_row][vc_column][vc_empty_space height=&#8221;20px&#8221;][vc_custom_heading text=&#8221;Entrevistas com especialistas 2013&#8243; use_theme_fonts=&#8221;yes&#8221;][\/vc_column][\/vc_row][vc_row][vc_column width=&#8221;1\/3&#8243;][vc_text_separator title=&#8221;ENTREVISTA #1 &#8221; border_width=&#8221;2&#8243;][vc_column_text]<strong>ORADOR:\u00a0<\/strong>Jes\u00fas Ancer Rodr\u00edguez, Reitor, Universidad Aut\u00f3noma\u00a0de Nuevo Le\u00f3n,\u00a0Presidente CAEI-MX 2013, M\u00e9xico[\/vc_column_text][vc_video link=&#8221;https:\/\/vimeo.com\/85860169&#8243; el_width=&#8221;80&#8243; align=&#8221;center&#8221;][\/vc_column][vc_column width=&#8221;1\/3&#8243;][vc_text_separator title=&#8221;ENTREVISTA #2 &#8221; border_width=&#8221;2&#8243;][vc_column_text]<strong>ORADOR:\u00a0<\/strong>Yolox\u00f3chitl Bustamante Diez, Diretora geral, Instituto Polit\u00e9cnico Nacional (IPN), M\u00e9xico[\/vc_column_text][vc_video link=&#8221;https:\/\/vimeo.com\/86139082&#8243; el_width=&#8221;80&#8243; align=&#8221;center&#8221;][\/vc_column][vc_column width=&#8221;1\/3&#8243;][vc_text_separator title=&#8221;ENTREVISTA #3&#8243; border_width=&#8221;2&#8243;][vc_column_text]<strong>ORADOR:\u00a0<\/strong>Alicia Cabrero Lobato, Presidente, AMPEI, Universidad Aut\u00f3noma de San Luis Potos\u00ed, M\u00e9xico[\/vc_column_text][vc_video link=&#8221;https:\/\/vimeo.com\/86122231&#8243; el_width=&#8221;80&#8243; align=&#8221;center&#8221;][\/vc_column][\/vc_row][vc_row][vc_column width=&#8221;1\/3&#8243;][vc_text_separator title=&#8221;ENTREVISTA #4&#8243; border_width=&#8221;2&#8243;][vc_column_text]<strong>ORADOR:\u00a0<\/strong>Allan Cahoon, Reitor, Royal Roads University, Canad\u00e1[\/vc_column_text][vc_video link=&#8221;https:\/\/vimeo.com\/86369410&#8243; el_width=&#8221;80&#8243; align=&#8221;center&#8221;][\/vc_column][vc_column width=&#8221;1\/3&#8243;][vc_text_separator title=&#8221;ENTREVISTA #5&#8243; border_width=&#8221;2&#8243;][vc_column_text]<strong>ORADOR:\u00a0<\/strong>Antonio Carvalho Suarez, Reitor, Universidad Tecnol\u00f3gica Privada de Santa Cruz, Bol\u00edvia[\/vc_column_text][vc_video link=&#8221;https:\/\/vimeo.com\/86710616&#8243; el_width=&#8221;80&#8243; align=&#8221;center&#8221;][\/vc_column][vc_column width=&#8221;1\/3&#8243;][vc_text_separator title=&#8221;ENTREVISTA #6&#8243; border_width=&#8221;2&#8243;][vc_column_text]<strong>ORADOR:\u00a0<\/strong>Jos\u00e9 Celso Freire, Diretor, FAUBAI,\u00a0Coordenador geral,\u00a0RELARIES, Brasil[\/vc_column_text][vc_video link=&#8221;https:\/\/vimeo.com\/86359540&#8243; el_width=&#8221;80&#8243; align=&#8221;center&#8221;][\/vc_column][\/vc_row][vc_row][vc_column width=&#8221;1\/3&#8243;][vc_text_separator title=&#8221;ENTREVISTA #7&#8243; border_width=&#8221;2&#8243;][vc_column_text]<strong>ORADOR:\u00a0<\/strong>Victoria Cruz, Diretora de Rela\u00e7\u00f5es internacionais,\u00a0Universidad de la Sabana, Col\u00f4mbia[\/vc_column_text][vc_video link=&#8221;https:\/\/vimeo.com\/86120192&#8243; el_width=&#8221;80&#8243; align=&#8221;center&#8221;][\/vc_column][vc_column width=&#8221;1\/3&#8243;][vc_text_separator title=&#8221;ENTREVISTA #8&#8243; border_width=&#8221;2&#8243;][vc_column_text]<strong>ORADOR:\u00a0<\/strong>Augustin Echeverria Santiago, Vice-presidente de Assuntos acad\u00eamicos, Universidad Interamericana de Puerto Rico, Porto Rico[\/vc_column_text][vc_video link=&#8221;https:\/\/vimeo.com\/86362642&#8243; el_width=&#8221;80&#8243; align=&#8221;center&#8221;][\/vc_column][vc_column width=&#8221;1\/3&#8243;][vc_text_separator title=&#8221;ENTREVISTA #9&#8243; border_width=&#8221;2&#8243;][vc_column_text]<strong>ORADOR:\u00a0<\/strong>Guiselle Maria Garbanzo Vargas, Universidad de Costa Rica, Costa Rica[\/vc_column_text][vc_video link=&#8221;https:\/\/vimeo.com\/86707189&#8243; el_width=&#8221;80&#8243; align=&#8221;center&#8221;][\/vc_column][\/vc_row][vc_row][vc_column width=&#8221;1\/3&#8243;][vc_text_separator title=&#8221;ENTREVISTA #10&#8243; border_width=&#8221;2&#8243;][vc_column_text]<strong>ORADOR:\u00a0<\/strong>Oscar Garrido, Reitor, Universidad\u00a0de Los Lagos, Chile[\/vc_column_text][vc_video link=&#8221;https:\/\/vimeo.com\/86707190&#8243; el_width=&#8221;80&#8243; align=&#8221;center&#8221;][\/vc_column][vc_column width=&#8221;1\/3&#8243;][vc_text_separator title=&#8221;ENTREVISTA #11&#8243; border_width=&#8221;2&#8243;][vc_column_text]<strong>ORADOR:\u00a0<\/strong>Pedro Henr\u00edquez<a href=\"https:\/\/vimeo.com\/86707190\">\u00a0<\/a>Guajardo, Diretor,\u00a0IESALC-UNESCO, Venezuela[\/vc_column_text][vc_video link=&#8221;https:\/\/vimeo.com\/86710618&#8243; el_width=&#8221;80&#8243; align=&#8221;center&#8221;][\/vc_column][vc_column width=&#8221;1\/3&#8243;][vc_text_separator title=&#8221;ENTREVISTA #12&#8243; border_width=&#8221;2&#8243;][vc_column_text]<strong>ORADOR:\u00a0<\/strong>Alta Hooker, Reitora de URACCAN e Coordenadora\u00a0de RUIICAY, Nicar\u00e1gua[\/vc_column_text][vc_video link=&#8221;https:\/\/vimeo.com\/86710617&#8243; el_width=&#8221;80&#8243; align=&#8221;center&#8221;][\/vc_column][\/vc_row][vc_row][vc_column width=&#8221;1\/3&#8243;][vc_text_separator title=&#8221;ENTREVISTA #13&#8243; border_width=&#8221;2&#8243;][vc_column_text]<strong>ORADOR:\u00a0<\/strong>John Hudzik, Professor e ex-Vice-presidente de V\u00ednculos globais\u00a0e Projetos estrat\u00e9gicos, Michigan State University, Estados Unidos[\/vc_column_text][vc_video link=&#8221;https:\/\/vimeo.com\/86708400&#8243; el_width=&#8221;80&#8243; align=&#8221;center&#8221;][\/vc_column][vc_column width=&#8221;1\/3&#8243;][vc_text_separator title=&#8221;ENTREVISTA #14&#8243; border_width=&#8221;2&#8243;][vc_column_text]<strong>ORADOR:\u00a0<\/strong>Jennifer Humphries, Vice-presidente, Membros,\u00a0Comunica\u00e7\u00f5es, CBIE, Canad\u00e1[\/vc_column_text][vc_video link=&#8221;https:\/\/vimeo.com\/86707184&#8243; el_width=&#8221;80&#8243; align=&#8221;center&#8221;][\/vc_column][vc_column width=&#8221;1\/3&#8243;][vc_text_separator title=&#8221;ENTREVISTA #15&#8243; border_width=&#8221;2&#8243;][vc_column_text]<strong>ORADOR:\u00a0<\/strong>Natalia Jamarillo Majarres, Diretora, Assuntos internacionais e \u00a0Coopera\u00e7\u00e3o, Minist\u00e9rio da Educa\u00e7\u00e3o,\u00a0Col\u00f4mbia[\/vc_column_text][vc_video link=&#8221;https:\/\/vimeo.com\/86708402&#8243; el_width=&#8221;80&#8243; align=&#8221;center&#8221;][\/vc_column][\/vc_row][vc_row][vc_column width=&#8221;1\/3&#8243;][vc_text_separator title=&#8221;ENTREVISTA #16&#8243; border_width=&#8221;2&#8243;][vc_column_text]<strong>ORADOR:\u00a0<\/strong>Norma Ang\u00e9lica Ju\u00e1rez Salomo, Diretora de Desenvolvimento e\u00a0Coopera\u00e7\u00e3o, Universidad Aut\u00f3noma del\u00a0Estado de Morelos (UAEM),\u00a0M\u00e9xico[\/vc_column_text][vc_video link=&#8221;https:\/\/vimeo.com\/85852224&#8243; el_width=&#8221;80&#8243; align=&#8221;center&#8221;][\/vc_column][vc_column width=&#8221;1\/3&#8243;][vc_text_separator title=&#8221;ENTREVISTA #17&#8243; border_width=&#8221;2&#8243;][vc_column_text]<strong>ORADOR:\u00a0<\/strong>Nicole Lacasse, Vice-reitora adjunta de\u00a0Educa\u00e7\u00e3o internacional,\u00a0Universit\u00e9 Laval, Canad\u00e1[\/vc_column_text][vc_video link=&#8221;https:\/\/vimeo.com\/85873597&#8243; el_width=&#8221;80&#8243; align=&#8221;center&#8221;][\/vc_column][vc_column width=&#8221;1\/3&#8243;][vc_text_separator title=&#8221;ENTREVISTA #18&#8243; border_width=&#8221;2&#8243;][vc_column_text]<strong>ORADOR:\u00a0<\/strong>Guy Lefevbre, Decano, Faculdade de Direito, Universit\u00e9 de Montr\u00e9al, Canad\u00e1[\/vc_column_text][vc_video link=&#8221;https:\/\/vimeo.com\/86706728&#8243; el_width=&#8221;80&#8243; align=&#8221;center&#8221;][\/vc_column][\/vc_row][vc_row][vc_column width=&#8221;1\/3&#8243;][vc_text_separator title=&#8221;ENTREVISTA #19&#8243; border_width=&#8221;2&#8243;][vc_column_text]<strong>ORADOR:\u00a0<\/strong>Francisco Marmolejo, Coordenador da Educa\u00e7\u00e3o superior,\u00a0Banco Mundial, Estados Unidos[\/vc_column_text][vc_video link=&#8221;https:\/\/vimeo.com\/86708404&#8243; el_width=&#8221;80&#8243; align=&#8221;center&#8221;][\/vc_column][vc_column width=&#8221;1\/3&#8243;][vc_text_separator title=&#8221;ENTREVISTA #20&#8243; border_width=&#8221;2&#8243;][vc_column_text]<strong>ORADOR:\u00a0<\/strong>Mar\u00eda Teresa\u00a0Marshall, Diretora executiva,\u00a0Consejo de Rectores\u00a0de las Universidades\u00a0Chilenas, Chile[\/vc_column_text][vc_video link=&#8221;https:\/\/vimeo.com\/86346044&#8243; el_width=&#8221;80&#8243; align=&#8221;center&#8221;][\/vc_column][vc_column width=&#8221;1\/3&#8243;][vc_text_separator title=&#8221;ENTREVISTA #21&#8243; border_width=&#8221;2&#8243;][vc_column_text]<strong>ORADOR:\u00a0<\/strong>Sonia Marta Mora, Presidente, SINAES,\u00a0Membro de INQAAHE,\u00a0Coordenadora de\u00a0EMULIES, Costa Rica[\/vc_column_text][vc_video link=&#8221;https:\/\/vimeo.com\/86350608&#8243; el_width=&#8221;80&#8243; align=&#8221;center&#8221;][\/vc_column][\/vc_row][vc_row][vc_column width=&#8221;1\/3&#8243;][vc_text_separator title=&#8221;ENTREVISTA #22&#8243; border_width=&#8221;2&#8243;][vc_column_text]<strong>ORADOR:\u00a0<\/strong>Sidney Luiz\u00a0de Matos Mello, Vice-reitor, Universidade\u00a0Federal Fluminense, Brasil<em><br \/>\n<\/em>[\/vc_column_text][vc_video link=&#8221;https:\/\/vimeo.com\/86357605&#8243; el_width=&#8221;80&#8243; align=&#8221;center&#8221;][\/vc_column][vc_column width=&#8221;1\/3&#8243;][vc_text_separator title=&#8221;ENTREVISTA #23&#8243; border_width=&#8221;2&#8243;][vc_column_text]<strong>ORADOR:\u00a0<\/strong>Pierre Noreau, Vice-presidente de Programa\u00e7\u00e3o\u00a0e Desenvolvimento, Agence\u00a0Universitaire de la Francophonie\u00a0(AUF), Canad\u00e1<em><br \/>\n<\/em>[\/vc_column_text][vc_video link=&#8221;https:\/\/vimeo.com\/86353872&#8243; el_width=&#8221;80&#8243; align=&#8221;center&#8221;][\/vc_column][vc_column width=&#8221;1\/3&#8243;][vc_text_separator title=&#8221;ENTREVISTA #24&#8243; border_width=&#8221;2&#8243;][vc_column_text]<strong>ORADOR:\u00a0<\/strong>Ireneo Rojas Hern\u00e1ndez, Reitor, Universidad Intercultural\u00a0Ind\u00edgena de Michoac\u00e1n, M\u00e9xico[\/vc_column_text][vc_video link=&#8221;https:\/\/vimeo.com\/86116615&#8243; el_width=&#8221;80&#8243; align=&#8221;center&#8221;][\/vc_column][\/vc_row][vc_row][vc_column width=&#8221;1\/3&#8243;][vc_text_separator title=&#8221;ENTREVISTA #25&#8243; border_width=&#8221;2&#8243;][vc_column_text]<strong>ORADOR:\u00a0<\/strong>Roberto Salles, Reitor,\u00a0Universidade Federal\u00a0Fluminense, Brasil[\/vc_column_text][vc_video link=&#8221;https:\/\/vimeo.com\/86708401&#8243; el_width=&#8221;80&#8243; align=&#8221;center&#8221;][\/vc_column][vc_column width=&#8221;1\/3&#8243;][vc_text_separator title=&#8221;ENTREVISTA #26&#8243; border_width=&#8221;2&#8243;][vc_column_text]<strong>ORADOR:\u00a0<\/strong>Jamil Salmi, Experto em Ensino\u00a0superior internacional, Marrocos[\/vc_column_text][vc_video link=&#8221;https:\/\/vimeo.com\/86707185&#8243; el_width=&#8221;80&#8243; align=&#8221;center&#8221;][\/vc_column][vc_column width=&#8221;1\/3&#8243;][vc_text_separator title=&#8221;ENTREVISTA #27&#8243; border_width=&#8221;2&#8243;][vc_column_text]<strong>ORADOR:\u00a0<\/strong>Mar\u00eda Dolores S\u00e1nchez Soler, Diretora adjunta de\u00a0P\u00f3s-gradua\u00e7\u00e3o e Bolsas,\u00a0CONACYT, M\u00e9xico[\/vc_column_text][vc_video link=&#8221;https:\/\/vimeo.com\/86112565&#8243; el_width=&#8221;80&#8243; align=&#8221;center&#8221;][\/vc_column][\/vc_row][vc_row][vc_column width=&#8221;1\/3&#8243;][vc_text_separator title=&#8221;ENTREVISTA #28&#8243; border_width=&#8221;2&#8243;][vc_column_text]<strong>ORADOR:\u00a0<\/strong>Donna Scarboro,\u00a0Provost associado, Programas Internacionais, George Washington University, Estados Unidos[\/vc_column_text][vc_video link=&#8221;https:\/\/vimeo.com\/86710615&#8243; el_width=&#8221;80&#8243; align=&#8221;center&#8221;][\/vc_column][vc_column width=&#8221;1\/3&#8243;][vc_text_separator title=&#8221;ENTREVISTA #29&#8243; border_width=&#8221;2&#8243;][vc_column_text]<strong>ORADOR:\u00a0<\/strong>Paulo Speller, Secret\u00e1rio da\u00a0Educa\u00e7\u00e3o superior, Brasil[\/vc_column_text][vc_video link=&#8221;https:\/\/vimeo.com\/86708405&#8243; el_width=&#8221;80&#8243; align=&#8221;center&#8221;][\/vc_column][vc_column width=&#8221;1\/3&#8243;][vc_text_separator title=&#8221;ENTREVISTA #30&#8243; border_width=&#8221;2&#8243;][vc_column_text]<strong>ORADOR:\u00a0<\/strong>Julio C\u00e9sar Theiler,\u00a0Secret\u00e1rio de Rela\u00e7\u00f5es internacionais, Universidad\u00a0Nacional del Litoral,\u00a0Ex coordenador geral,\u00a0RELARIES, Argentina<em><br \/>\n<\/em>[\/vc_column_text][vc_video link=&#8221;https:\/\/vimeo.com\/85867924&#8243; el_width=&#8221;80&#8243; align=&#8221;center&#8221;][\/vc_column][\/vc_row][vc_row][vc_column width=&#8221;1\/3&#8243;][vc_text_separator title=&#8221;ENTREVISTA #31&#8243; border_width=&#8221;2&#8243;][vc_column_text]<strong>ORADOR:\u00a0<\/strong>Vianne Timmons, Reitora,\u00a0University of Regina, Canad\u00e1[\/vc_column_text][vc_video link=&#8221;https:\/\/vimeo.com\/85864844&#8243; el_width=&#8221;80&#8243; align=&#8221;center&#8221;][\/vc_column][vc_column width=&#8221;1\/3&#8243;][vc_text_separator title=&#8221;ENTREVISTA #32&#8243; border_width=&#8221;2&#8243;][vc_column_text]<strong>ORADOR:\u00a0<\/strong>Hans de Wit, Professor de Internacionaliza\u00e7\u00e3o no Ensino superior,\u00a0Centre for Applied Research in Economics and Management,\u00a0Amsterdam University of Applied Sciences, Holanda[\/vc_column_text][vc_video link=&#8221;https:\/\/vimeo.com\/85871586&#8243; el_width=&#8221;80&#8243; align=&#8221;center&#8221;][\/vc_column][vc_column width=&#8221;1\/3&#8243;][vc_text_separator title=&#8221;ENTREVISTA #33&#8243; border_width=&#8221;2&#8243;][vc_column_text]<strong>ORADOR:\u00a0<\/strong>Adel el Zaim, Diretor Geral de Rela\u00e7\u00f5es internacionais, Universit\u00e9 de Sherbrooke,\u00a0Canad\u00e1[\/vc_column_text][vc_video link=&#8221;https:\/\/vimeo.com\/86707186&#8243; el_width=&#8221;80&#8243; align=&#8221;center&#8221;][\/vc_column][\/vc_row]<\/p>\n<\/div>","protected":false},"excerpt":{"rendered":"<p>[vc_row][vc_column][vc_custom_heading source=&#8221;post_title&#8221; font_container=&#8221;tag:h2|text_align:left|color:%23b12028&#8243; use_theme_fonts=&#8221;yes&#8221;][\/vc_column][\/vc_row][vc_row][vc_column width=&#8221;1\/4&#8243;][vc_single_image image=&#8221;6205&#8243; img_size=&#8221;large&#8221; alignment=&#8221;center&#8221; onclick=&#8221;custom_link&#8221; img_link_target=&#8221;_blank&#8221; link=&#8221;https:\/\/caie-caei.org\/fr\/&#8221;][\/vc_column][vc_column width=&#8221;3\/4&#8243;][vc_custom_heading text=&#8221;Apresenta\u00e7\u00e3o&#8221; use_theme_fonts=&#8221;yes&#8221;][vc_column_text]A III edi\u00e7\u00e3o do Congresso das Am\u00e9ricas [&hellip;]<\/p>\n","protected":false},"author":4,"featured_media":0,"parent":0,"menu_order":0,"comment_status":"closed","ping_status":"closed","template":"","meta":{"_acf_changed":false,"_monsterinsights_skip_tracking":false,"_monsterinsights_sitenote_active":false,"_monsterinsights_sitenote_note":"","_monsterinsights_sitenote_category":0,"footnotes":""},"class_list":["post-3122","page","type-page","status-publish","hentry"],"acf":[],"aioseo_notices":[],"_links":{"self":[{"href":"https:\/\/oui-iohe.org\/pt-br\/wp-json\/wp\/v2\/pages\/3122","targetHints":{"allow":["GET"]}}],"collection":[{"href":"https:\/\/oui-iohe.org\/pt-br\/wp-json\/wp\/v2\/pages"}],"about":[{"href":"https:\/\/oui-iohe.org\/pt-br\/wp-json\/wp\/v2\/types\/page"}],"author":[{"embeddable":true,"href":"https:\/\/oui-iohe.org\/pt-br\/wp-json\/wp\/v2\/users\/4"}],"replies":[{"embeddable":true,"href":"https:\/\/oui-iohe.org\/pt-br\/wp-json\/wp\/v2\/comments?post=3122"}],"version-history":[{"count":17,"href":"https:\/\/oui-iohe.org\/pt-br\/wp-json\/wp\/v2\/pages\/3122\/revisions"}],"predecessor-version":[{"id":6209,"href":"https:\/\/oui-iohe.org\/pt-br\/wp-json\/wp\/v2\/pages\/3122\/revisions\/6209"}],"wp:attachment":[{"href":"https:\/\/oui-iohe.org\/pt-br\/wp-json\/wp\/v2\/media?parent=3122"}],"curies":[{"name":"wp","href":"https:\/\/api.w.org\/{rel}","templated":true}]}}