{"id":3210,"date":"2019-02-21T10:01:38","date_gmt":"2019-02-21T15:01:38","guid":{"rendered":"https:\/\/oui-iohe.org\/?page_id=3210"},"modified":"2020-11-11T17:18:23","modified_gmt":"2020-11-11T22:18:23","slug":"caei-equador-2015","status":"publish","type":"page","link":"https:\/\/oui-iohe.org\/pt-br\/caei-equador-2015\/","title":{"rendered":"CAEI EQUADOR \u2013 2015"},"content":{"rendered":"<div class=\"wpb-content-wrapper\"><p>[vc_row][vc_column][vc_custom_heading source=&#8221;post_title&#8221; font_container=&#8221;tag:h2|text_align:left|color:%23b12028&#8243; use_theme_fonts=&#8221;yes&#8221;][\/vc_column][\/vc_row][vc_row][vc_column width=&#8221;1\/4&#8243;][vc_single_image image=&#8221;6214&#8243; img_size=&#8221;large&#8221; alignment=&#8221;center&#8221; onclick=&#8221;custom_link&#8221; img_link_target=&#8221;_blank&#8221; link=&#8221;https:\/\/caie-caei.org\/fr\/&#8221;][\/vc_column][vc_column width=&#8221;3\/4&#8243;][vc_custom_heading text=&#8221;Apresenta\u00e7\u00e3o&#8221; use_theme_fonts=&#8221;yes&#8221;][vc_single_image image=&#8221;3191&#8243; img_size=&#8221;large&#8221; alignment=&#8221;center&#8221; onclick=&#8221;img_link_large&#8221; img_link_target=&#8221;_blank&#8221;][\/vc_column][\/vc_row][vc_row][vc_column][vc_empty_space height=&#8221;20px&#8221;][vc_custom_heading text=&#8221;Programa 2015&#8243; use_theme_fonts=&#8221;yes&#8221;][\/vc_column][\/vc_row][vc_row][vc_column width=&#8221;1\/3&#8243;][vc_empty_space height=&#8221;20px&#8221;][vc_column_text]<\/p>\n<h4>I.\u00a0Confer\u00eancia magistral<\/h4>\n<p>Construindo a Internacionaliza\u00e7\u00e3o do Ensino superior desde a perspectiva de Inova\u00e7\u00e3o, Ci\u00eancia e Tecnologia[\/vc_column_text][\/vc_column][vc_column width=&#8221;1\/3&#8243;][vc_empty_space height=&#8221;20px&#8221;][vc_column_text]<\/p>\n<h4>II.\u00a0Sess\u00e3o plen\u00e1ria Debate<\/h4>\n<p>Internacionaliza\u00e7\u00e3o da Inova\u00e7\u00e3o, Ci\u00eancia e Tecnologia: constru\u00e7\u00e3o de uma agenda interamericana[\/vc_column_text][\/vc_column][vc_column width=&#8221;1\/3&#8243;][vc_empty_space height=&#8221;20px&#8221;][vc_column_text]<\/p>\n<h4>III.\u00a0Sess\u00e3o plen\u00e1ria Di\u00e1logo<\/h4>\n<p>Organismos internacionais e Ensino superior nas Am\u00e9ricas: para uma agenda interamericana convergente[\/vc_column_text][\/vc_column][\/vc_row][vc_row][vc_column width=&#8221;1\/2&#8243;][vc_column_text]<\/p>\n<h4>IV.\u00a0Workshops<\/h4>\n<ol>\n<li>Estrat\u00e9gias de pol\u00edticas p\u00fablicas, cient\u00edficas e vis\u00e3o\u00a0sist\u00eamica\u00a0da inova\u00e7\u00e3o, ci\u00eancia e tecnologia<\/li>\n<li>Internacionaliza\u00e7\u00e3o em casa<\/li>\n<li>Especificidade da internacionaliza\u00e7\u00e3o de faculdades: Direito<\/li>\n<li>Fogo cruzado: tr\u00eas projetos inovadores<\/li>\n<li>Pesquisa: perspectiva aplicada para a inova\u00e7\u00e3o<\/li>\n<li>Internacionaliza\u00e7\u00e3o do curr\u00edculo: indicadores da internacionaliza\u00e7\u00e3o<\/li>\n<li>Department Foreign Affairs Trade and Development Canada (DFATD)<\/li>\n<li>Internacionaliza\u00e7\u00e3o de institui\u00e7\u00f5es t\u00e9cnicas e tecnol\u00f3gicas<\/li>\n<li>Ambientes de inova\u00e7\u00e3o: cidades do conhecimento, parques tecnol\u00f3gicos, bairros de inova\u00e7\u00e3o, etc.<\/li>\n<li>Internacionaliza\u00e7\u00e3o do ensino superior como eixo transversal<\/li>\n<li>Especificidade da internacionaliza\u00e7\u00e3o de faculdades: Engenharias<\/li>\n<li>Internacionaliza\u00e7\u00e3o: uma perspetiva desde os Pa\u00edses Andinos<\/li>\n<li>A constru\u00e7\u00e3o de um espa\u00e7o comum de ensino superior: inova\u00e7\u00e3o para a integra\u00e7\u00e3o<\/li>\n<li>V\u00ednculo universidade-setor produtivo<\/li>\n<li>A internacionaliza\u00e7\u00e3o das universidades comunit\u00e1rias brasileiras<\/li>\n<\/ol>\n<p>[\/vc_column_text][\/vc_column][vc_column width=&#8221;1\/2&#8243;][vc_column_text]<\/p>\n<h4>V.\u00a0Sess\u00f5es paralelas: Tem\u00e1ticas<\/h4>\n<ol>\n<li>Estrat\u00e9gias de pol\u00edticas p\u00fablicas, cient\u00edficas e vis\u00e3o sist\u00e9mica da Inova\u00e7\u00e3o, Ci\u00eancia e Tecnologia<\/li>\n<li>Pesquisa: perspectiva aplicada para a inova\u00e7\u00e3o<\/li>\n<li>Ambientes de inova\u00e7\u00e3o: cidades do conhecimento, parques tecnol\u00f3gicos, bairros da inova\u00e7\u00e3o, etc.<\/li>\n<li>Forma\u00e7\u00e3o na pesquisa, ci\u00eancia e tecnologia para a inova\u00e7\u00e3o<\/li>\n<li>Associa\u00e7\u00e3o, v\u00ednculo Universidade-Setor produtivo: novos modelos, novas tend\u00eancias e empreendedorismo<\/li>\n<li>Modelos, paradigmas, boas pr\u00e1ticas e indicadores da internacionaliza\u00e7\u00e3o no ensino superior<\/li>\n<li>Internacionaliza\u00e7\u00e3o da educa\u00e7\u00e3o como eixo transversal<\/li>\n<li>Internacionaliza\u00e7\u00e3o em casa<\/li>\n<li>Internacionaliza\u00e7\u00e3o do curr\u00edculo<\/li>\n<li>Forma\u00e7\u00e3o para os gestores em internacionaliza\u00e7\u00e3o<\/li>\n<\/ol>\n<p>[\/vc_column_text][vc_empty_space height=&#8221;40px&#8221;][vc_btn title=&#8221;Programa 2015&#8243; style=&#8221;flat&#8221; shape=&#8221;square&#8221; color=&#8221;iohe-orange&#8221; size=&#8221;lg&#8221; align=&#8221;center&#8221; button_block=&#8221;true&#8221; link=&#8221;url:https%3A%2F%2Foui-iohe.org%2Fwp-content%2Fuploads%2F2019%2F02%2FCAEI-2015-Programme-2015_4-idiomas.pdf||target:%20_blank|&#8221;][\/vc_column][\/vc_row][vc_row][vc_column][vc_empty_space height=&#8221;50px&#8221;][vc_custom_heading text=&#8221;Entrevistas com especialistas 2015&#8243; use_theme_fonts=&#8221;yes&#8221;][vc_empty_space height=&#8221;20px&#8221;][\/vc_column][\/vc_row][vc_row][vc_column width=&#8221;1\/3&#8243;][vc_text_separator title=&#8221;ENTREVISTA #1&#8243; border_width=&#8221;2&#8243;][vc_column_text]<strong>ORADOR :\u00a0<\/strong>Dr.\u00a0<strong>Prof. Mauricio Horn<\/strong>,\u00a0<em>Consejo Interuniversitario Nacional<\/em>\u00a0(CIN)[\/vc_column_text][vc_video link=&#8221;https:\/\/youtu.be\/0uIsDRL9cC4&#8243; el_width=&#8221;80&#8243; align=&#8221;center&#8221;][\/vc_column][vc_column width=&#8221;1\/3&#8243;][vc_text_separator title=&#8221;ENTREVISTA #2 &#8221; border_width=&#8221;2&#8243;][vc_column_text]<strong>ORADOR :\u00a0<\/strong>MBA.\u00a0<strong>St\u00e9phanie Dion<\/strong>, Diretoria de Rela\u00e7\u00f5es Internacionais,\u00a0<em>Universit\u00e9 de Montr\u00e9al<\/em>\u00a0(UdeM)[\/vc_column_text][vc_video link=&#8221;https:\/\/youtu.be\/aviWpH_G-o0&#8243; el_width=&#8221;80&#8243; align=&#8221;center&#8221;][\/vc_column][vc_column width=&#8221;1\/3&#8243;][vc_text_separator title=&#8221;ENTREVISTA #3&#8243; border_width=&#8221;2&#8243;][vc_column_text]<strong>ORADOR :\u00a0<\/strong>Prof.\u00a0<strong>Sebasti\u00e3o Sal\u00e9sio Herdt<\/strong>,\u00a0<em>Universidade do Sul de Santa Catarina<\/em>\u00a0(UNISUL)[\/vc_column_text][vc_video link=&#8221;https:\/\/youtu.be\/n96HhZMPffg&#8221; el_width=&#8221;80&#8243; align=&#8221;center&#8221;][\/vc_column][\/vc_row][vc_row][vc_column width=&#8221;1\/3&#8243;][vc_text_separator title=&#8221;ENTREVISTA #4&#8243; border_width=&#8221;2&#8243;][vc_column_text]<strong>ORADOR :\u00a0<\/strong>Dr.\u00a0<strong>Allan Cahoon<\/strong>, Royal Roads University (RRU) e Organiza\u00e7\u00e3o universit\u00e1ria interamericana (OUI &#8211; IOHE)[\/vc_column_text][vc_video link=&#8221;https:\/\/youtu.be\/UbsVqIabj9s&#8221; el_width=&#8221;80&#8243; align=&#8221;center&#8221;][\/vc_column][vc_column width=&#8221;1\/3&#8243;][vc_text_separator title=&#8221;ENTREVISTA #5&#8243; border_width=&#8221;2&#8243;][vc_column_text]<strong>ORADOR :\u00a0<\/strong>Dra.\u00a0<strong>Darla Deardoff<\/strong>,\u00a0<em>Association of International Education Administrators<\/em>\u00a0(AIEA)[\/vc_column_text][vc_video link=&#8221;https:\/\/youtu.be\/OHhlYcMrf9s&#8221; el_width=&#8221;80&#8243; align=&#8221;center&#8221;][\/vc_column][vc_column width=&#8221;1\/3&#8243;][vc_text_separator title=&#8221;ENTREVISTA #6&#8243; border_width=&#8221;2&#8243;][vc_column_text]<strong>ORADOR :\u00a0Fernando Daniels<\/strong>, Col\u00e9gio das\u00a0Americas (COLAM &#8211; OUI)[\/vc_column_text][vc_video link=&#8221;https:\/\/youtu.be\/zVDcNb8Iwnk&#8221; el_width=&#8221;80&#8243; align=&#8221;center&#8221;][\/vc_column][\/vc_row][vc_row][vc_column width=&#8221;1\/3&#8243;][vc_text_separator title=&#8221;ENTREVISTA #7&#8243; border_width=&#8221;2&#8243;][vc_column_text]<strong>ORADOR :\u00a0<\/strong>Dr.\u00a0<strong>Guy Lefebvre<\/strong>,\u00a0<em>Universit\u00e9 de Montr\u00e9al<\/em>\u00a0(UdeM)[\/vc_column_text][vc_video link=&#8221;https:\/\/youtu.be\/lVni_lG20jU&#8221; el_width=&#8221;80&#8243; align=&#8221;center&#8221;][\/vc_column][vc_column width=&#8221;1\/3&#8243;][vc_text_separator title=&#8221;ENTREVISTA #8&#8243; border_width=&#8221;2&#8243;][vc_column_text]<strong>ORADOR :\u00a0<\/strong>Dra.\u00a0<strong>Jennifer Humphries<\/strong>, Canadian Bureau for International Education (CBIE)[\/vc_column_text][vc_video link=&#8221;https:\/\/youtu.be\/N_0TBNBhUo8&#8243; el_width=&#8221;80&#8243; align=&#8221;center&#8221;][\/vc_column][vc_column width=&#8221;1\/3&#8243;][vc_text_separator title=&#8221;ENTREVISTA #9&#8243; border_width=&#8221;2&#8243;][vc_column_text]<strong>ORADOR :\u00a0<\/strong>Dra.\u00a0<strong>Jocelyne Gacel \u00c1vila,\u00a0<\/strong><em>Asociaci\u00f3n Mexicana para la Educaci\u00f3n Internacional<\/em>\u00a0(AMPEI)[\/vc_column_text][vc_video link=&#8221;https:\/\/youtu.be\/gVsDZAZZFZI&#8221; el_width=&#8221;80&#8243; align=&#8221;center&#8221;][\/vc_column][\/vc_row][vc_row][vc_column width=&#8221;1\/3&#8243;][vc_text_separator title=&#8221;ENTREVISTA #10&#8243; border_width=&#8221;2&#8243;][vc_column_text]<strong>ORADOR :\u00a0<\/strong>Dr.\u00a0<strong>Maarouf Saad,\u00a0<\/strong><em>\u00c9cole de Technologie Sup\u00e9rieure<\/em>\u00a0(ETS)[\/vc_column_text][vc_video link=&#8221;https:\/\/youtu.be\/VSYgodgX8pA&#8221; el_width=&#8221;80&#8243; align=&#8221;center&#8221;][\/vc_column][vc_column width=&#8221;1\/3&#8243;][vc_text_separator title=&#8221;ENTREVISTA #11&#8243; border_width=&#8221;2&#8243;][vc_column_text]<strong>ORADOR :\u00a0<\/strong>Dr.\u00a0<strong>Sean Manley Casimir<\/strong>,\u00a0<em>Consortium for North American Higher Education Collaboration<\/em>\u00a0(CONAHEC)[\/vc_column_text][vc_video link=&#8221;https:\/\/youtu.be\/nDIM4oyZ8-Q&#8221; el_width=&#8221;80&#8243; align=&#8221;center&#8221;][\/vc_column][vc_column width=&#8221;1\/3&#8243;][vc_text_separator title=&#8221;ENTREVISTA #12&#8243; border_width=&#8221;2&#8243;][vc_column_text]<strong>ORADOR :\u00a0<\/strong>Dr.\u00a0<strong>Sidney Mello<\/strong>,\u00a0<em>Universidade Federal Fluminense<\/em>\u00a0(UFF)[\/vc_column_text][vc_video link=&#8221;https:\/\/youtu.be\/7TspK_f04FQ&#8221; el_width=&#8221;80&#8243; align=&#8221;center&#8221;][\/vc_column][\/vc_row][vc_row][vc_column width=&#8221;1\/3&#8243;][\/vc_column][vc_column width=&#8221;1\/3&#8243;][vc_text_separator title=&#8221;ENTREVISTA #13&#8243; border_width=&#8221;2&#8243;][vc_column_text]<strong>ORADOR :\u00a0<\/strong>Dr.\u00a0<strong>Yves Beauchamp<\/strong>,\u00a0<em>Universit\u00e9 de Montr\u00e9al<\/em>\u00a0(UdeM)[\/vc_column_text][vc_video link=&#8221;https:\/\/youtu.be\/VxMh_yB4skY&#8221; el_width=&#8221;80&#8243; align=&#8221;center&#8221;][\/vc_column][vc_column width=&#8221;1\/3&#8243;][\/vc_column][\/vc_row]<\/p>\n<\/div>","protected":false},"excerpt":{"rendered":"<p>[vc_row][vc_column][vc_custom_heading source=&#8221;post_title&#8221; font_container=&#8221;tag:h2|text_align:left|color:%23b12028&#8243; use_theme_fonts=&#8221;yes&#8221;][\/vc_column][\/vc_row][vc_row][vc_column width=&#8221;1\/4&#8243;][vc_single_image image=&#8221;6214&#8243; img_size=&#8221;large&#8221; alignment=&#8221;center&#8221; onclick=&#8221;custom_link&#8221; img_link_target=&#8221;_blank&#8221; link=&#8221;https:\/\/caie-caei.org\/fr\/&#8221;][\/vc_column][vc_column width=&#8221;3\/4&#8243;][vc_custom_heading text=&#8221;Apresenta\u00e7\u00e3o&#8221; use_theme_fonts=&#8221;yes&#8221;][vc_single_image image=&#8221;3191&#8243; img_size=&#8221;large&#8221; alignment=&#8221;center&#8221; onclick=&#8221;img_link_large&#8221; img_link_target=&#8221;_blank&#8221;][\/vc_column][\/vc_row][vc_row][vc_column][vc_empty_space height=&#8221;20px&#8221;][vc_custom_heading [&hellip;]<\/p>\n","protected":false},"author":4,"featured_media":0,"parent":0,"menu_order":0,"comment_status":"closed","ping_status":"closed","template":"","meta":{"_acf_changed":false,"_monsterinsights_skip_tracking":false,"_monsterinsights_sitenote_active":false,"_monsterinsights_sitenote_note":"","_monsterinsights_sitenote_category":0,"footnotes":""},"class_list":["post-3210","page","type-page","status-publish","hentry"],"acf":[],"aioseo_notices":[],"_links":{"self":[{"href":"https:\/\/oui-iohe.org\/pt-br\/wp-json\/wp\/v2\/pages\/3210","targetHints":{"allow":["GET"]}}],"collection":[{"href":"https:\/\/oui-iohe.org\/pt-br\/wp-json\/wp\/v2\/pages"}],"about":[{"href":"https:\/\/oui-iohe.org\/pt-br\/wp-json\/wp\/v2\/types\/page"}],"author":[{"embeddable":true,"href":"https:\/\/oui-iohe.org\/pt-br\/wp-json\/wp\/v2\/users\/4"}],"replies":[{"embeddable":true,"href":"https:\/\/oui-iohe.org\/pt-br\/wp-json\/wp\/v2\/comments?post=3210"}],"version-history":[{"count":8,"href":"https:\/\/oui-iohe.org\/pt-br\/wp-json\/wp\/v2\/pages\/3210\/revisions"}],"predecessor-version":[{"id":6218,"href":"https:\/\/oui-iohe.org\/pt-br\/wp-json\/wp\/v2\/pages\/3210\/revisions\/6218"}],"wp:attachment":[{"href":"https:\/\/oui-iohe.org\/pt-br\/wp-json\/wp\/v2\/media?parent=3210"}],"curies":[{"name":"wp","href":"https:\/\/api.w.org\/{rel}","templated":true}]}}