{"id":3299,"date":"2019-02-21T15:22:17","date_gmt":"2019-02-21T20:22:17","guid":{"rendered":"https:\/\/oui-iohe.org\/?page_id=3299"},"modified":"2020-11-12T18:56:06","modified_gmt":"2020-11-12T23:56:06","slug":"caei-canada-2017","status":"publish","type":"page","link":"https:\/\/oui-iohe.org\/pt-br\/caei-canada-2017\/","title":{"rendered":"CAEI CANAD\u00c1 \u2013 2017"},"content":{"rendered":"<div class=\"wpb-content-wrapper\"><p>[vc_row][vc_column][vc_custom_heading source=&#8221;post_title&#8221; font_container=&#8221;tag:h2|text_align:left|color:%23b12028&#8243; use_theme_fonts=&#8221;yes&#8221;][\/vc_column][\/vc_row][vc_row][vc_column width=&#8221;1\/4&#8243;][vc_single_image image=&#8221;6264&#8243; img_size=&#8221;large&#8221; alignment=&#8221;center&#8221; onclick=&#8221;custom_link&#8221; img_link_target=&#8221;_blank&#8221; link=&#8221;https:\/\/caie-caei.org\/fr\/&#8221;][\/vc_column][vc_column width=&#8221;3\/4&#8243;][vc_custom_heading text=&#8221;Apresenta\u00e7\u00e3o&#8221; use_theme_fonts=&#8221;yes&#8221;][vc_column_text]<\/p>\n<h4>Presid\u00eancia<\/h4>\n<ul>\n<li>Canad\u00e1 2017: H\u00e9l\u00e8ne David, Ministro respons\u00e1vel pelo Ensino superior, Quebec, Canad\u00e1<\/li>\n<li>Equador 2015: Ren\u00e9 Ram\u00edrez Gallegos, Secret\u00e1rio de Ensino Superior, Ci\u00eancia e Tecnologia (SENECYT), Equador<\/li>\n<li>M\u00e9xico 2013: Jes\u00fas Ancer, Reitor,\u00a0Universidad Aut\u00f3noma de Nuevo Le\u00f3n,\u00a0(UANL), M\u00e9xico<\/li>\n<li>Brasil 2012: Marcial Rubio, Reitor,\u00a0Pontificia Cat\u00f3lica Universidad de Per\u00fa, (PUCP), Peru<\/li>\n<li>Canad\u00e1 2010: Vianne Timmons, Reitora, University of Regina, Canad\u00e1<\/li>\n<\/ul>\n<p>[\/vc_column_text][vc_column_text]<\/p>\n<h4>Comit\u00ea de Dire\u00e7\u00e3o<\/h4>\n<p>O Comit\u00ea de Dire\u00e7\u00e3o \u00e9 formado pelos membros associados do CAIE e \u00e9 a entidade que define as orienta\u00e7\u00f5es estrat\u00e9gicas do CAEI. Seus membros s\u00e3o:<\/p>\n<ul>\n<li><a href=\"http:\/\/www.cbie-bcei.ca\/\" target=\"_blank\" rel=\"noopener noreferrer\">Canadian Bureau for International Education (CBIE &#8211; BCEI)<\/a><\/li>\n<li><a href=\"http:\/\/www.conahec.org\/conahec\/index.jsp\" target=\"_blank\" rel=\"noopener noreferrer\">Consortium for North American Higher Education Collaboration (CONAHEC)<\/a><\/li>\n<li><a href=\"http:\/\/www.oui-iohe.org\/\" target=\"_blank\" rel=\"noopener noreferrer\">Organiza\u00e7\u00e3o Universit\u00e1ria Interamericana (OUI &#8211; IOHE)<\/a><\/li>\n<li><a href=\"http:\/\/www.ampei.org.mx\/\" target=\"_blank\" rel=\"noopener noreferrer\">Asociaci\u00f3n Mexicana para la Educaci\u00f3n Internacional (AMPEI)<\/a><\/li>\n<li>Consortium of the five main universities in Montreal:\u00a0<a href=\"https:\/\/www.concordia.ca\/\" target=\"_blank\" rel=\"noopener noreferrer\">Concordia University<\/a>,\u00a0<a href=\"https:\/\/www.etsmtl.ca\/\" target=\"_blank\" rel=\"noopener noreferrer\">\u00c9cole de technologie sup\u00e9rieure<\/a>,\u00a0<a href=\"https:\/\/www.mcgill.ca\/\" target=\"_blank\" rel=\"noopener noreferrer\">McGill University<\/a>,\u00a0<a href=\"http:\/\/www.umontreal.ca\/\" target=\"_blank\" rel=\"noopener noreferrer\">Universit\u00e9 de Montr\u00e9al<\/a>,\u00a0<a href=\"http:\/\/www.uqam.ca\/\" target=\"_blank\" rel=\"noopener noreferrer\">Universit\u00e9 du Qu\u00e9bec \u00e0 Montr\u00e9al<\/a><\/li>\n<li><a href=\"http:\/\/www.yachay.gob.ec\/\" target=\"_blank\" rel=\"noopener noreferrer\">Empresa P\u00fablica YACHAY E.P<\/a><\/li>\n<li><a href=\"http:\/\/www.uanl.mx\/\" target=\"_blank\" rel=\"noopener noreferrer\">Universidad Aut\u00f3noma de Nuevo Le\u00f3n (UANL)<\/a><\/li>\n<li><a href=\"http:\/\/www.international.gc.ca\/international\/index.aspx?lang=fra\" target=\"_blank\" rel=\"noopener noreferrer\">Global Affairs Canada<\/a><\/li>\n<\/ul>\n<p>[\/vc_column_text][vc_column_text]<\/p>\n<h4>Comit\u00ea Consultivo<\/h4>\n<ul>\n<li><a href=\"http:\/\/adru.org\/\" target=\"_blank\" rel=\"noopener noreferrer\">Asociaci\u00f3n Dominicana de Rectores de Universidades (ADRU)<\/a><\/li>\n<li><a href=\"http:\/\/www.cin.edu.ar\/\" target=\"_blank\" rel=\"noopener noreferrer\">Consejo Interuniversitario Nacional (CIN)<\/a><\/li>\n<li><a href=\"http:\/\/www.consejoderectores.cl\/\" target=\"_blank\" rel=\"noopener noreferrer\">Consejo de Rectores de las Universidades Chilenas (CRUCH)<\/a><\/li>\n<li><a href=\"http:\/\/www.faubai.org.br\/\" target=\"_blank\" rel=\"noopener noreferrer\">Associa\u00e7\u00e3o Brasileira de Educa\u00e7\u00e3o Internacional (FAUBAI)<\/a><\/li>\n<li><a href=\"http:\/\/www.fedecegeps.qc.ca\/\" target=\"_blank\" rel=\"noopener noreferrer\">F\u00e9deration des C\u00e9geps<\/a><\/li>\n<li><a href=\"http:\/\/www.laspau.harvard.edu\/\" target=\"_blank\" rel=\"noopener noreferrer\">Academic and Professional Programs for the Americas (LASPAU)<\/a><\/li>\n<li><a href=\"http:\/\/www.uwi.edu\/es\/unica\/\" target=\"_blank\" rel=\"noopener noreferrer\">Association of Caribbean Universities and Research Institutes (UNICA)<\/a><\/li>\n<\/ul>\n<p>[\/vc_column_text][vc_column_text]<\/p>\n<h4>Comit\u00ea Acad\u00eamico<\/h4>\n<ul>\n<li><a href=\"http:\/\/www.aieaworld.org\/\" target=\"_blank\" rel=\"noopener noreferrer\">Association of International Education Administrators (AIEA)<\/a><\/li>\n<li><a href=\"http:\/\/www.anuies.mx\/\" target=\"_blank\" rel=\"noopener noreferrer\">Asociaci\u00f3n Nacional de Universidades e Instituciones de Educaci\u00f3n Superior (ANUIES)<\/a><\/li>\n<li><a href=\"http:\/\/ascun.org.co\/\" target=\"_blank\" rel=\"noopener noreferrer\">Asociaci\u00f3n Colombiana de Universidades (ASCUN)<\/a><\/li>\n<li><a href=\"http:\/\/www.bccie.bc.ca\/\" target=\"_blank\" rel=\"noopener noreferrer\">British Columbia Council for International Education (BCCIE)<\/a><\/li>\n<li><a href=\"http:\/\/www.cladea.org\/\" target=\"_blank\" rel=\"noopener noreferrer\">Consejo Latinoamericano de Escuelas de Administraci\u00f3n (CLADEA)<\/a><\/li>\n<li><a href=\"https:\/\/www.conare.ac.cr\/\" target=\"_blank\" rel=\"noopener noreferrer\">Consejo Nacional de Rectores (CONARE)<\/a><\/li>\n<li><a href=\"http:\/\/www.iie.org\/\" target=\"_blank\" rel=\"noopener noreferrer\">Institute of International Education (IIE)<\/a><\/li>\n<\/ul>\n<p>[\/vc_column_text][vc_column_text]<\/p>\n<h4>Comit\u00ea Nacional<\/h4>\n<p>Esta entidade est\u00e1 constitu\u00edda por representantes de institui\u00e7\u00f5es e organiza\u00e7\u00f5es do pa\u00eds anfitri\u00e3o do CAEI. Os membros do Comit\u00ea nacional CAEI Canad\u00e1-2017 s\u00e3o:<\/p>\n<ul>\n<li><a href=\"https:\/\/www.concordia.ca\/\" target=\"_blank\" rel=\"noopener noreferrer\">Concordia University<\/a><\/li>\n<li><a href=\"http:\/\/etsmtl.ca\/\" target=\"_blank\" rel=\"noopener noreferrer\">\u00c9cole de technologie sup\u00e9rieure<\/a><\/li>\n<li><a href=\"https:\/\/www.mcgill.ca\/\" target=\"_blank\" rel=\"noopener noreferrer\">McGill University<\/a><\/li>\n<li><a href=\"http:\/\/www.umontreal.ca\/\" target=\"_blank\" rel=\"noopener noreferrer\">Universit\u00e9 de Montr\u00e9al<\/a><\/li>\n<li><a href=\"http:\/\/www.uqam.ca\/\" target=\"_blank\" rel=\"noopener noreferrer\">Universit\u00e9 du Qu\u00e9bec \u00e0 Montr\u00e9al<\/a><\/li>\n<\/ul>\n<p>[\/vc_column_text][vc_column_text]<\/p>\n<h4>Secretaria Executiva<\/h4>\n<p>Para os per\u00edodos 2011-2014 e 2014-2017, a \u00a0<a href=\"http:\/\/www.oui-iohe.org\/\" target=\"_blank\" rel=\"noopener noreferrer\">Organiza\u00e7\u00e3o Universit\u00e1ria Interamericana (OUI-IOHE)<\/a>\u00a0atua como Secretaria Executiva do CAEI.<\/p>\n<p>A Secretaria Executiva, ubicado na <a href=\"http:\/\/www.umontreal.ca\/\" target=\"_blank\" rel=\"noopener noreferrer\">Universit\u00e9 de Montr\u00e9al<\/a>, assume todos os aspectos da organiza\u00e7\u00e3o do CAEI, aplicando as decis\u00f5es do Comit\u00e9 de Dire\u00e7\u00e3o e trabalhando em estreita colabora\u00e7\u00e3o com o Comit\u00ea Nacional, o Comit\u00ea Consultivo e do Comit\u00e9 Acad\u00eamico Interamericano.[\/vc_column_text][\/vc_column][\/vc_row][vc_row][vc_column width=&#8221;1\/2&#8243;][vc_empty_space height=&#8221;20px&#8221;][vc_custom_heading text=&#8221;Programa 2017&#8243; use_theme_fonts=&#8221;yes&#8221;][vc_column_text]<\/p>\n<h4 style=\"text-align: center;\">Preparando os L\u00edderes e Inovadores de Amanh\u00e3:<br \/>\nPesquisa e Ensino superior,<br \/>\nPontes para a Prosperidade nas Am\u00e9ricas<\/h4>\n<p>O Congresso das Am\u00e9ricas sobre Educa\u00e7\u00e3o Internacional (CAEI), fundado em 2009, rapidamente tem consolidado sua reputa\u00e7\u00e3o como foro pioneiro da internacionaliza\u00e7\u00e3o do ensino superior nas Am\u00e9ricas. Conforme a seu mandato, o CAEI garante um espa\u00e7o comum para estimular um di\u00e1logo livre, promovendo assim as redes e as alian\u00e7as estrat\u00e9gicas em n\u00edveis bilateral, regional e multilateral.<br \/>\nDurante suas quatro edi\u00e7\u00f5es anteriores (Canad\u00e1 2010, Brasil 2012, M\u00e9xico 2013 e Equador 2015), a iniciativa do CAEI alcan\u00e7ou resultados destac\u00e1veis que ratificam sua pertin\u00eancia como instrumento de valor para o progresso da colabora\u00e7\u00e3o dur\u00e1vel no continente. A realiza\u00e7\u00e3o da quinta edi\u00e7\u00e3o, que ser\u00e1 levada a cabo em Montreal, Canad\u00e1, em 2017, oferecer\u00e1 de novo um espa\u00e7o acad\u00eamico de participa\u00e7\u00e3o e inclus\u00e3o onde ser\u00e3o discutidos os desafios enfrentados atualmente e onde as orienta\u00e7\u00f5es ser\u00e3o projetadas no futuro. Preparando-se a os desafios enfrentados, os Resultados do CAEI 2010 \u2013 2015 e as orienta\u00e7\u00f5es futuras, foi concluido que o tema principal do CAEI 2017 dever\u00e1 destacar os seguintes elementos:<\/p>\n<ul>\n<li>A internacionaliza\u00e7\u00e3o compreensiva<\/li>\n<li>A internacionaliza\u00e7\u00e3o do ensino superior: enlaces e pesquisa<\/li>\n<li>A internacionaliza\u00e7\u00e3o da pesquisa<\/li>\n<li>A pesquisa, a inova\u00e7\u00e3o e a forma\u00e7\u00e3o doutoral no \u00e2mbito da internacionaliza\u00e7\u00e3o<\/li>\n<li>Gest\u00e3o universit\u00e1ria e internacionaliza\u00e7\u00e3o<\/li>\n<li>Setores governamentais, acad\u00eamicos e privados: aliados para a internacionaliza\u00e7\u00e3o do ensino superior<\/li>\n<li>Os governos e seus calend\u00e1rios nacionais para a internacionaliza\u00e7\u00e3o do ensino superior<\/li>\n<li>Calend\u00e1rios comuns para a internacionaliza\u00e7\u00e3o do curr\u00edculo.<\/li>\n<\/ul>\n<p>[\/vc_column_text][vc_empty_space height=&#8221;50px&#8221;][vc_btn title=&#8221;Programa 2017&#8243; style=&#8221;flat&#8221; shape=&#8221;square&#8221; color=&#8221;iohe-orange&#8221; size=&#8221;lg&#8221; align=&#8221;center&#8221; button_block=&#8221;true&#8221; link=&#8221;url:https%3A%2F%2Foui-iohe.org%2Fwp-content%2Fuploads%2F2019%2F02%2FCAEI-2017-Programme-2017_4-idiomas.pdf||target:%20_blank|&#8221;][\/vc_column][vc_column width=&#8221;1\/2&#8243;][vc_empty_space height=&#8221;20px&#8221;][vc_custom_heading text=&#8221;Patrocinadores 2017&#8243; use_theme_fonts=&#8221;yes&#8221;][vc_column_text]<\/p>\n<h4 style=\"text-align: center;\">Lista dos patrocinadores que suportaram a edi\u00e7\u00e3o<br \/>\ndo CAEI Canad\u00e1-2017<\/h4>\n<ul>\n<li><a href=\"https:\/\/altissia.org\/fr\/\" target=\"_blank\" rel=\"noopener noreferrer\">ALTISSIA<\/a><\/li>\n<li><a href=\"http:\/\/www.uquebec.ca\/reseau\/fr\" target=\"_blank\" rel=\"noopener noreferrer\">Universit\u00e9 du Qu\u00e9bec<\/a><\/li>\n<li><a href=\"https:\/\/www.mtl.org\/fr\" target=\"_blank\" rel=\"noopener noreferrer\">Tourisme Montr\u00e9al<\/a><\/li>\n<li><a href=\"https:\/\/ilumno.com\/en\" target=\"_blank\" rel=\"noopener noreferrer\">ILUMNO<\/a><\/li>\n<li><a href=\"http:\/\/www.scientifique-en-chef.gouv.qc.ca\/le-scientifique-en-chef\/les-fonds-de-recherche-du-quebec\/\" target=\"_blank\" rel=\"noopener noreferrer\">Fonds de recherche du Qu\u00e9bec<\/a><\/li>\n<li><a href=\"https:\/\/www.guard.me\/\" target=\"_blank\" rel=\"noopener noreferrer\">Guard.me<\/a><\/li>\n<li><a href=\"http:\/\/www.bci-qc.ca\/\" target=\"_blank\" rel=\"noopener noreferrer\">Bureau de cooperation interuniversitaire<\/a> (BCI)<\/li>\n<li><a href=\"https:\/\/www.corim.qc.ca\/fr\/\" target=\"_blank\" rel=\"noopener noreferrer\">Conseil des relations internationales de Montr\u00e9al<\/a> (CORIM)<\/li>\n<li><a href=\"https:\/\/ca.usembassy.gov\/fr\/embassy-consulates-fr\/montreal\/\" target=\"_blank\" rel=\"noopener noreferrer\">Consulat g\u00e9n\u00e9ral des \u00c9tats-Unis \u00e0 Montr\u00e9al<\/a><\/li>\n<li><a href=\"https:\/\/www.heacademy.ac.uk\/\" target=\"_blank\" rel=\"noopener noreferrer\">Higher Education Academy<\/a> (HEA)<\/li>\n<li><a href=\"https:\/\/www.mitacs.ca\/fr\" target=\"_blank\" rel=\"noopener noreferrer\">MITACS<\/a><\/li>\n<li><a href=\"http:\/\/www.iu.qs.com\/\" target=\"_blank\" rel=\"noopener noreferrer\">QS Intelligence Unit<\/a><\/li>\n<li><a href=\"http:\/\/www.montrealinternational.com\/\" target=\"_blank\" rel=\"noopener noreferrer\">Montreal International<\/a><\/li>\n<li><a href=\"https:\/\/www.ucsg.edu.ec\/\" target=\"_blank\" rel=\"noopener noreferrer\">Universidad Cat\u00f3lica de Santiago de Guayaquil<\/a> (UCSG)<\/li>\n<li><a href=\"http:\/\/www.nserc-crsng.gc.ca\/\" target=\"_blank\" rel=\"noopener noreferrer\">Natural Sciences and Engineering Research Council of Canada<\/a> (CRSNG \/ NSERC)<\/li>\n<li><a href=\"https:\/\/www.wes.org\/\" target=\"_blank\" rel=\"noopener noreferrer\">World Education Services<\/a> (WES)<\/li>\n<li><a href=\"https:\/\/www.chronicle.com\/\" target=\"_blank\" rel=\"noopener noreferrer\">The Chronicle of Higher Education<\/a><\/li>\n<li><a href=\"https:\/\/educanada.edufindme.com\/\" target=\"_blank\" rel=\"noopener noreferrer\">EDUCANADA<\/a><\/li>\n<li><a href=\"https:\/\/www.quebec.ca\/\" target=\"_blank\" rel=\"noopener noreferrer\">Province de Qu\u00e9bec<\/a><\/li>\n<li><a href=\"https:\/\/uqam.ca\/\" target=\"_blank\" rel=\"noopener noreferrer\">Universit\u00e9 du Qu\u00e9bec \u00e0 Montr\u00e9al<\/a> (UQ\u00c0M)<\/li>\n<li><a href=\"https:\/\/www.concordia.ca\/\" target=\"_blank\" rel=\"noopener noreferrer\">Concordia University<\/a><\/li>\n<li><a href=\"https:\/\/www.etsmtl.ca\/\" target=\"_blank\" rel=\"noopener noreferrer\">\u00c9cole des Technologies Sup\u00e9rieures<\/a> (\u00c9TS)<\/li>\n<li><a href=\"https:\/\/www.tec.ac.cr\/\" target=\"_blank\" rel=\"noopener noreferrer\">Instituto Tecnol\u00f3gico de Costa Rica<\/a>\u00a0(TEC)<\/li>\n<li><a href=\"https:\/\/smith.queensu.ca\/index.php\" target=\"_blank\" rel=\"noopener noreferrer\">SMITH School of Business<\/a><\/li>\n<li><a href=\"http:\/\/www.ibero.mx\/\" target=\"_blank\" rel=\"noopener noreferrer\">Universidad Iberoamericana<\/a>\u00a0(IBERO)<\/li>\n<li><a href=\"https:\/\/www.anahuac.mx\/mexico\/\" target=\"_blank\" rel=\"noopener noreferrer\">Universidad Anahuac Mexico<\/a><\/li>\n<li><a href=\"http:\/\/www.udg.mx\/\" target=\"_blank\" rel=\"noopener noreferrer\">Universidad de Guadalajara<\/a><\/li>\n<li><a href=\"https:\/\/www.bc.edu\/\" target=\"_blank\" rel=\"noopener noreferrer\">Boston College<\/a><\/li>\n<li><a href=\"https:\/\/www.ucol.mx\/\" target=\"_blank\" rel=\"noopener noreferrer\">Universidad de Colima<\/a><\/li>\n<li><a href=\"https:\/\/www.u-planner.com\/\" target=\"_blank\" rel=\"noopener noreferrer\">U-PLANNER<\/a><\/li>\n<li><a href=\"https:\/\/www.laspau.harvard.edu\/\" target=\"_blank\" rel=\"noopener noreferrer\">LASPAU<\/a><\/li>\n<li><a href=\"https:\/\/www.buap.mx\/\" target=\"_blank\" rel=\"noopener noreferrer\">Benem\u00e9rita Universidad Aut\u00f3noma de Puebla<\/a> (BUAP)<\/li>\n<li><a href=\"https:\/\/www.cin.edu.ar\/\" target=\"_blank\" rel=\"noopener noreferrer\">Consejo Interuniversitario Nacional<\/a> (CIN)<\/li>\n<li><a href=\"https:\/\/www.usask.ca\/\" target=\"_blank\" rel=\"noopener noreferrer\">University of Saskatchewan<\/a><\/li>\n<li><a href=\"http:\/\/new.acafe.org.br\/\" target=\"_blank\" rel=\"noopener noreferrer\">Associa\u00e7\u00e3o Catarinense das Funda\u00e7\u00f5es Educacionais<\/a> (ACAFE)<\/li>\n<li><a href=\"https:\/\/www.uv.mx\/\" target=\"_blank\" rel=\"noopener noreferrer\">Universidad Veracruzana<\/a><\/li>\n<\/ul>\n<p>[\/vc_column_text][\/vc_column][\/vc_row][vc_row][vc_column][vc_empty_space height=&#8221;20px&#8221;][vc_custom_heading text=&#8221;Webinars 2017&#8243; use_theme_fonts=&#8221;yes&#8221;][\/vc_column][\/vc_row][vc_row][vc_column width=&#8221;1\/3&#8243;][vc_text_separator title=&#8221;WEBINAR #1 &#8221; border_width=&#8221;2&#8243;][vc_column_text]<strong>T\u00cdTULO<\/strong>\u00a0: Webinar inaugural: Apresenta\u00e7\u00e3o geral do CAEI Canad\u00e1-2017<\/p>\n<p><strong>ORADORES :\u00a0<\/strong><\/p>\n<p><strong>David Julien,\u00a0<\/strong>Secretario geral executivo, OUI; Secretario executivo, CAEI, Canad\u00e1<br \/>\n<strong>Francis\u00a0 Brown,\u00a0<\/strong>Coordenador executivo, Comit\u00ea nacional, CAEI Canad\u00e1-2017<br \/>\n<strong>Luis Kauachi,\u00a0<\/strong>Coordenador acad\u00eamico, CAEI Canad\u00e1-2017[\/vc_column_text][vc_video link=&#8221;https:\/\/www.youtube.com\/watch?v=5Plu9JZyTM0&#8243; el_width=&#8221;80&#8243; align=&#8221;center&#8221;][\/vc_column][vc_column width=&#8221;1\/3&#8243;][vc_text_separator title=&#8221;WEBINAR #2 &#8221; border_width=&#8221;2&#8243;][vc_column_text]<strong>T\u00cdTULO\u00a0<\/strong>: Inova\u00e7\u00e3o e empreendedorismo na Universidade: vetores de desenvolvimento socioecon\u00f4mico<\/p>\n<p><strong>ORADORES :\u00a0<\/strong><\/p>\n<p><strong>Pierre Dumouchel<\/strong> (moderador),Diretor geral, \u00c9cole de technologie sup\u00e9rieure (\u00c9TS), Canad\u00e1<br \/>\n<strong>Mohamed Cheriet,<\/strong>\u00a0Professor, Departamento de Engenharia de Fabrica\u00e7\u00e3o automatizada, \u00c9TS, Canad\u00e1<br \/>\n<strong>Richard Ch\u00e9nier,\u00a0<\/strong>Diretor geral, Centre d\u2019entrepreneurship technologique\u00a0(CENTECH), \u00c9TS, Canad\u00e1<br \/>\n<strong>Damien Sil\u00e8s,\u00a0<\/strong>Diretor geral,\u00a0Quartier de l\u2019innovation,\u00a0Canad\u00e1[\/vc_column_text][\/vc_column][vc_column width=&#8221;1\/3&#8243;][vc_text_separator title=&#8221;WEBINAR #3&#8243; border_width=&#8221;2&#8243;][vc_column_text]<strong>T\u00cdTULO<\/strong>\u00a0: As Casas invis\u00edveis: Pedagogia e Pesquisa sobre a Vulnerabilidade, a Resili\u00eancia e a Durabilidade das cidades da Am\u00e9rica latina e Caribe<\/p>\n<p><strong>ORADOR :\u00a0Gonzalo Lizarralde<\/strong>, diretor,\u00a0Grupo de Pesquisa IF-grif,\u00a0Universit\u00e9 de Montr\u00e9al,\u00a0Canad\u00e1[\/vc_column_text][vc_empty_space height=&#8221;100px&#8221;][vc_video link=&#8221;https:\/\/www.youtube.com\/watch?v=ubBaemr0amc&amp;feature=youtu.be&#8221; el_width=&#8221;80&#8243; align=&#8221;center&#8221;][\/vc_column][\/vc_row][vc_row][vc_column width=&#8221;1\/4&#8243;][vc_text_separator title=&#8221;WEBINAR #4&#8243; border_width=&#8221;2&#8243;][vc_column_text]<strong>T\u00cdTULO<\/strong>\u00a0:\u00a0EIESTEC: Institui\u00e7\u00f5es de Ensino superior (IES), Aprendizagem permanente e Empregabilidade<\/p>\n<p><strong>ORADOR :\u00a0<\/strong><strong>Jos\u00e9 Carlos Quadrado<\/strong>, Presidente,\u00a0Latin American and Caribbean Consortium of Engineering Institutions\u00a0(LACCEI); Professor, Instituto Superior de Engenharia de Lisboa, Portugal[\/vc_column_text][vc_video link=&#8221;https:\/\/www.youtube.com\/watch?v=gWlu51wgD5o&amp;feature=youtu.be&#8221; el_width=&#8221;80&#8243; align=&#8221;center&#8221;][\/vc_column][vc_column width=&#8221;1\/4&#8243;][vc_text_separator title=&#8221;WEBINAR #5&#8243; border_width=&#8221;2&#8243;][vc_column_text]<strong>T\u00cdTULO<\/strong>\u00a0: EMULIES: Amplia\u00e7\u00e3o do acesso e estratifica\u00e7\u00e3o no ensino superior brasileiro<\/p>\n<p><strong>ORADOR : Helena Sampaio<\/strong>, Laborat\u00f3rio de Estudos de Educa\u00e7\u00e3o Superior, Universidade Estadual de Campinas,\u00a0Brasil[\/vc_column_text][vc_empty_space height=&#8221;85px&#8221;][vc_video link=&#8221;https:\/\/www.youtube.com\/watch?v=7a_CImsVfSM&amp;feature=youtu.be&#8221; el_width=&#8221;80&#8243; align=&#8221;center&#8221;][\/vc_column][vc_column width=&#8221;1\/4&#8243;][vc_text_separator title=&#8221;WEBINAR #6&#8243; border_width=&#8221;2&#8243;][vc_column_text]<strong>T\u00cdTULO<\/strong>\u00a0:\u00a0Modelos educativos inovadores e desenvolvimento de compet\u00eancias ao longo da vida<\/p>\n<p><strong>ORADOR :<\/strong> <strong>Noor El Bawab,\u00a0<\/strong>gerente geral,\u00a0District 3, Concordia University,\u00a0Canad\u00e1[\/vc_column_text][vc_empty_space height=&#8221;115px&#8221;][vc_video link=&#8221;https:\/\/www.youtube.com\/watch?v=qc0fyZuUXio&amp;feature=youtu.be&#8221; el_width=&#8221;80&#8243; align=&#8221;center&#8221;][\/vc_column][vc_column width=&#8221;1\/4&#8243;][vc_text_separator title=&#8221;WEBINAR #7&#8243; border_width=&#8221;2&#8243;][vc_column_text]<strong>T\u00cdTULO<\/strong>\u00a0: Indicadores para a Internacionaliza\u00e7\u00e3o<\/p>\n<p><strong>ORADOR :\u00a0Jocelyne Gacel-\u00c1vila<\/strong>, coordenadora geral,\u00a0Observatorio Regional\u00a0sobre Internacionalizaci\u00f3n\u00a0y Redes en Educaci\u00f3n Terciaria\u00a0(OBIRET),\u00a0Universidad de Guadalajara, M\u00e9xico[\/vc_column_text][vc_empty_space height=&#8221;30px&#8221;][vc_video link=&#8221;https:\/\/www.youtube.com\/watch?v=Kx6f08dRVak&amp;feature=youtu.be &#8221; el_width=&#8221;80&#8243; align=&#8221;center&#8221;][\/vc_column][\/vc_row]<\/p>\n<\/div>","protected":false},"excerpt":{"rendered":"<p>[vc_row][vc_column][vc_custom_heading source=&#8221;post_title&#8221; font_container=&#8221;tag:h2|text_align:left|color:%23b12028&#8243; use_theme_fonts=&#8221;yes&#8221;][\/vc_column][\/vc_row][vc_row][vc_column width=&#8221;1\/4&#8243;][vc_single_image image=&#8221;6264&#8243; img_size=&#8221;large&#8221; alignment=&#8221;center&#8221; onclick=&#8221;custom_link&#8221; img_link_target=&#8221;_blank&#8221; link=&#8221;https:\/\/caie-caei.org\/fr\/&#8221;][\/vc_column][vc_column width=&#8221;3\/4&#8243;][vc_custom_heading text=&#8221;Apresenta\u00e7\u00e3o&#8221; use_theme_fonts=&#8221;yes&#8221;][vc_column_text] Presid\u00eancia Canad\u00e1 2017: H\u00e9l\u00e8ne David, Ministro [&hellip;]<\/p>\n","protected":false},"author":4,"featured_media":0,"parent":0,"menu_order":0,"comment_status":"closed","ping_status":"closed","template":"","meta":{"_acf_changed":false,"_monsterinsights_skip_tracking":false,"_monsterinsights_sitenote_active":false,"_monsterinsights_sitenote_note":"","_monsterinsights_sitenote_category":0,"footnotes":""},"class_list":["post-3299","page","type-page","status-publish","hentry"],"acf":[],"aioseo_notices":[],"_links":{"self":[{"href":"https:\/\/oui-iohe.org\/pt-br\/wp-json\/wp\/v2\/pages\/3299","targetHints":{"allow":["GET"]}}],"collection":[{"href":"https:\/\/oui-iohe.org\/pt-br\/wp-json\/wp\/v2\/pages"}],"about":[{"href":"https:\/\/oui-iohe.org\/pt-br\/wp-json\/wp\/v2\/types\/page"}],"author":[{"embeddable":true,"href":"https:\/\/oui-iohe.org\/pt-br\/wp-json\/wp\/v2\/users\/4"}],"replies":[{"embeddable":true,"href":"https:\/\/oui-iohe.org\/pt-br\/wp-json\/wp\/v2\/comments?post=3299"}],"version-history":[{"count":6,"href":"https:\/\/oui-iohe.org\/pt-br\/wp-json\/wp\/v2\/pages\/3299\/revisions"}],"predecessor-version":[{"id":6267,"href":"https:\/\/oui-iohe.org\/pt-br\/wp-json\/wp\/v2\/pages\/3299\/revisions\/6267"}],"wp:attachment":[{"href":"https:\/\/oui-iohe.org\/pt-br\/wp-json\/wp\/v2\/media?parent=3299"}],"curies":[{"name":"wp","href":"https:\/\/api.w.org\/{rel}","templated":true}]}}