{"id":4762,"date":"2020-04-07T22:41:48","date_gmt":"2020-04-08T02:41:48","guid":{"rendered":"https:\/\/oui-iohe.org\/?page_id=4762"},"modified":"2025-12-01T22:55:02","modified_gmt":"2025-12-02T03:55:02","slug":"emovies","status":"publish","type":"page","link":"https:\/\/oui-iohe.org\/pt-br\/emovies\/","title":{"rendered":"eMOVIES"},"content":{"rendered":"<div class=\"wpb-content-wrapper\"><p>[vc_row][vc_column][vc_custom_heading source=&#8221;post_title&#8221; font_container=&#8221;tag:h1|text_align:left&#8221; use_theme_fonts=&#8221;yes&#8221;][\/vc_column][\/vc_row][vc_row][vc_column][vc_column_text css=&#8221;&#8221;]O <strong>Espa\u00e7o de Mobilidade Virtual no Ensino Superior (eMOVIES)<\/strong> \u00e9 uma iniciativa liderada pela <strong>Organiza\u00e7\u00e3o Universit\u00e1ria Interamericana (OUI-IOHE)<\/strong>, com o objetivo de oferecer solu\u00e7\u00f5es que promovam a coopera\u00e7\u00e3o acad\u00eamica internacional.<\/p>\n<p>&nbsp;<\/p>\n<ul>\n<li>eMOVIES \u00e9 um cons\u00f3rcio de institui\u00e7\u00f5es de ensino superior (IES) da OUI e que, por meio de uma vis\u00e3o inovadora, promovem a mobilidade virtual e a coopera\u00e7\u00e3o acad\u00eamica, fortalecendo a internacionaliza\u00e7\u00e3o e o desenvolvimento de compet\u00eancias interculturais e digitais.<\/li>\n<li>N\u00e3o representa um custo adicional nem para o participante nem para as IES.<\/li>\n<\/ul>\n<p>[\/vc_column_text][vc_column_text css=&#8221;&#8221;]<strong>eMOVIES \u00e9 composto por dois programas principais por meio dos quais a OUI apoia colabora\u00e7\u00f5es interinstitucionais, impactando estudantes e acad\u00eamicos:<\/strong>[\/vc_column_text][\/vc_column][\/vc_row][vc_row full_width=&#8221;stretch_row&#8221; css=&#8221;.vc_custom_1701741679286{padding-top: 20px !important;}&#8221;][vc_column width=&#8221;1\/3&#8243;][vc_single_image image=&#8221;19622&#8243; img_size=&#8221;large&#8221; css=&#8221;&#8221;][vc_column_text css=&#8221;&#8221;]Este servi\u00e7o \u00e9 <strong>destinado a estudantes do ensino superior<\/strong> que buscam enriquecer sua forma\u00e7\u00e3o. Oferece-lhes a oportunidade de se matricular sem custo em cursos virtuais de institui\u00e7\u00f5es de outros pa\u00edses das Am\u00e9ricas, facilitando uma experi\u00eancia acad\u00e9mica, profissional e cultural enriquecedora que potencializa seu desenvolvimento educacional.[\/vc_column_text][\/vc_column][vc_column width=&#8221;1\/5&#8243;][vc_empty_space][\/vc_column][vc_column width=&#8221;1\/3&#8243;][vc_single_image image=&#8221;18784&#8243; img_size=&#8221;large&#8221; css=&#8221;&#8221;][vc_column_text css=&#8221;&#8221;]Este servi\u00e7o <strong>apoia o corpo docente <\/strong>interessado em colabora\u00e7\u00e3o internacional para co-projetar experi\u00eancias educativas. Ao integrar metodologias ativas e interculturais, promove a internacionaliza\u00e7\u00e3o do curr\u00edculo e fomenta a aprendizagem em linha colaborativa mediante a coopera\u00e7\u00e3o direta entre pares e o desenvolvimento conjunto de atividades de ensino.[\/vc_column_text][\/vc_column][\/vc_row][vc_row full_width=&#8221;stretch_row&#8221; css=&#8221;.vc_custom_1701741679286{padding-top: 20px !important;}&#8221;][vc_column width=&#8221;1\/3&#8243;][vc_btn title=&#8221;Saber mais&#8221; style=&#8221;flat&#8221; shape=&#8221;square&#8221; color=&#8221;iohe-orange&#8221; align=&#8221;center&#8221; css=&#8221;&#8221; link=&#8221;url:https%3A%2F%2Foui-iohe.org%2Fpt-br%2Fprograma-de-mobilidade-estudantil-emovies%2F|target:_blank&#8221;][\/vc_column][vc_column width=&#8221;1\/5&#8243;][vc_empty_space][\/vc_column][vc_column width=&#8221;1\/3&#8243;][vc_btn title=&#8221;Saber mais&#8221; style=&#8221;flat&#8221; shape=&#8221;square&#8221; color=&#8221;iohe-orange&#8221; align=&#8221;center&#8221; css=&#8221;&#8221; link=&#8221;url:https%3A%2F%2Foui-iohe.org%2Fpt-br%2Fprograma-coil-emovies%2F&#8221;][\/vc_column][\/vc_row][vc_row css=&#8221;.vc_custom_1542745076628{margin-top: 35px !important;}&#8221;][vc_column width=&#8221;1\/2&#8243;][vc_single_image image=&#8221;1248&#8243; img_size=&#8221;large&#8221; alignment=&#8221;center&#8221;][\/vc_column][vc_column width=&#8221;1\/2&#8243;][vc_custom_heading text=&#8221;Contato&#8221; use_theme_fonts=&#8221;yes&#8221;][vc_column_text]<a href=\"mailto:emovies@oui-iohe.org\">emovies@oui-iohe.org<\/a>[\/vc_column_text][\/vc_column][\/vc_row][vc_row][vc_column][vc_btn title=&#8221;WEBSITE&#8221; style=&#8221;flat&#8221; shape=&#8221;square&#8221; color=&#8221;iohe-orange&#8221; align=&#8221;center&#8221; link=&#8221;url:https%3A%2F%2Femovies.oui-iohe.org%2F|||&#8221;][\/vc_column][\/vc_row]<\/p>\n<\/div>","protected":false},"excerpt":{"rendered":"<p>[vc_row][vc_column][vc_custom_heading source=&#8221;post_title&#8221; font_container=&#8221;tag:h1|text_align:left&#8221; use_theme_fonts=&#8221;yes&#8221;][\/vc_column][\/vc_row][vc_row][vc_column][vc_column_text css=&#8221;&#8221;]O Espa\u00e7o de Mobilidade Virtual no Ensino Superior (eMOVIES) \u00e9 uma iniciativa liderada pela Organiza\u00e7\u00e3o Universit\u00e1ria [&hellip;]<\/p>\n","protected":false},"author":4,"featured_media":5657,"parent":0,"menu_order":0,"comment_status":"closed","ping_status":"closed","template":"","meta":{"_acf_changed":false,"_monsterinsights_skip_tracking":false,"_monsterinsights_sitenote_active":false,"_monsterinsights_sitenote_note":"","_monsterinsights_sitenote_category":0,"footnotes":""},"class_list":["post-4762","page","type-page","status-publish","has-post-thumbnail","hentry"],"acf":[],"aioseo_notices":[],"_links":{"self":[{"href":"https:\/\/oui-iohe.org\/pt-br\/wp-json\/wp\/v2\/pages\/4762","targetHints":{"allow":["GET"]}}],"collection":[{"href":"https:\/\/oui-iohe.org\/pt-br\/wp-json\/wp\/v2\/pages"}],"about":[{"href":"https:\/\/oui-iohe.org\/pt-br\/wp-json\/wp\/v2\/types\/page"}],"author":[{"embeddable":true,"href":"https:\/\/oui-iohe.org\/pt-br\/wp-json\/wp\/v2\/users\/4"}],"replies":[{"embeddable":true,"href":"https:\/\/oui-iohe.org\/pt-br\/wp-json\/wp\/v2\/comments?post=4762"}],"version-history":[{"count":82,"href":"https:\/\/oui-iohe.org\/pt-br\/wp-json\/wp\/v2\/pages\/4762\/revisions"}],"predecessor-version":[{"id":19682,"href":"https:\/\/oui-iohe.org\/pt-br\/wp-json\/wp\/v2\/pages\/4762\/revisions\/19682"}],"wp:featuredmedia":[{"embeddable":true,"href":"https:\/\/oui-iohe.org\/pt-br\/wp-json\/wp\/v2\/media\/5657"}],"wp:attachment":[{"href":"https:\/\/oui-iohe.org\/pt-br\/wp-json\/wp\/v2\/media?parent=4762"}],"curies":[{"name":"wp","href":"https:\/\/api.w.org\/{rel}","templated":true}]}}