{"id":7073,"date":"2020-12-21T21:12:00","date_gmt":"2020-12-22T02:12:00","guid":{"rendered":"https:\/\/oui-iohe.org\/2-congreso-de-politicas-de-equidad-diversidad-e-inclusion-edi\/"},"modified":"2021-01-08T02:36:11","modified_gmt":"2021-01-08T07:36:11","slug":"2-congresso-de-politicas-de-genero-universitarias","status":"publish","type":"page","link":"https:\/\/oui-iohe.org\/pt-br\/2-congresso-de-politicas-de-genero-universitarias\/","title":{"rendered":"II Congresso de Pol\u00edticas de G\u00eanero Universit\u00e1rias"},"content":{"rendered":"<div class=\"wpb-content-wrapper\"><p>[vc_row][vc_column][vc_custom_heading text=&#8221;II Congresso de Pol\u00edticas de G\u00eanero Universit\u00e1rias&#8221; use_theme_fonts=&#8221;yes&#8221;][\/vc_column][\/vc_row][vc_row][vc_column width=&#8221;2\/3&#8243;][vc_column_text]<strong>Data:<\/strong>9 a 11 de junho<\/p>\n<p><strong>Lugar:<\/strong>\u00a0Virtual<\/p>\n<p><strong>Inst\u00e2ncia \/ Autoridades: <\/strong>EMULIES &#8211; Universidad Veracruzana<\/p>\n<p>&nbsp;<\/p>\n<p><a href=\"https:\/\/calendar.google.com\/event?action=TEMPLATE&amp;tmeid=N2VybnYzNDkyczdmNWxpZzhjaDhycjQxdmcgY19lbjZnMWhkMHJiZDVwbG1lMTBqYWlsb25vc0Bn&amp;tmsrc=c_en6g1hd0rbd5plme10jailonos%40group.calendar.google.com\">Clique aqui<\/a> para salvar este evento em sua agenda do Google[\/vc_column_text][\/vc_column][vc_column width=&#8221;1\/3&#8243;][\/vc_column][\/vc_row]<\/p>\n<\/div>","protected":false},"excerpt":{"rendered":"<p>[vc_row][vc_column][vc_custom_heading text=&#8221;II Congresso de Pol\u00edticas de G\u00eanero Universit\u00e1rias&#8221; use_theme_fonts=&#8221;yes&#8221;][\/vc_column][\/vc_row][vc_row][vc_column width=&#8221;2\/3&#8243;][vc_column_text]Data:9 a 11 de junho Lugar:\u00a0Virtual Inst\u00e2ncia \/ Autoridades: EMULIES &#8211; [&hellip;]<\/p>\n","protected":false},"author":4,"featured_media":0,"parent":0,"menu_order":0,"comment_status":"closed","ping_status":"closed","template":"","meta":{"_acf_changed":false,"_monsterinsights_skip_tracking":false,"_monsterinsights_sitenote_active":false,"_monsterinsights_sitenote_note":"","_monsterinsights_sitenote_category":0,"footnotes":""},"class_list":["post-7073","page","type-page","status-publish","hentry"],"acf":[],"aioseo_notices":[],"_links":{"self":[{"href":"https:\/\/oui-iohe.org\/pt-br\/wp-json\/wp\/v2\/pages\/7073","targetHints":{"allow":["GET"]}}],"collection":[{"href":"https:\/\/oui-iohe.org\/pt-br\/wp-json\/wp\/v2\/pages"}],"about":[{"href":"https:\/\/oui-iohe.org\/pt-br\/wp-json\/wp\/v2\/types\/page"}],"author":[{"embeddable":true,"href":"https:\/\/oui-iohe.org\/pt-br\/wp-json\/wp\/v2\/users\/4"}],"replies":[{"embeddable":true,"href":"https:\/\/oui-iohe.org\/pt-br\/wp-json\/wp\/v2\/comments?post=7073"}],"version-history":[{"count":2,"href":"https:\/\/oui-iohe.org\/pt-br\/wp-json\/wp\/v2\/pages\/7073\/revisions"}],"predecessor-version":[{"id":7075,"href":"https:\/\/oui-iohe.org\/pt-br\/wp-json\/wp\/v2\/pages\/7073\/revisions\/7075"}],"wp:attachment":[{"href":"https:\/\/oui-iohe.org\/pt-br\/wp-json\/wp\/v2\/media?parent=7073"}],"curies":[{"name":"wp","href":"https:\/\/api.w.org\/{rel}","templated":true}]}}