{"id":7125,"date":"2020-12-21T22:43:03","date_gmt":"2020-12-22T03:43:03","guid":{"rendered":"https:\/\/oui-iohe.org\/7a-edicion-caei2021\/"},"modified":"2023-01-28T22:03:38","modified_gmt":"2023-01-29T03:03:38","slug":"caei-chile-2021","status":"publish","type":"page","link":"https:\/\/oui-iohe.org\/pt-br\/caei-chile-2021\/","title":{"rendered":"CAEI CHILE- 2021"},"content":{"rendered":"<div class=\"wpb-content-wrapper\"><p>[vc_row][vc_column][vc_custom_heading text=&#8221;CAEI CHILE- 2021&#8243; font_container=&#8221;tag:h2|text_align:left|color:%23b12028&#8243; use_theme_fonts=&#8221;yes&#8221;][\/vc_column][\/vc_row][vc_row][vc_column width=&#8221;1\/3&#8243;][vc_single_image image=&#8221;13414&#8243; img_size=&#8221;large&#8221;][\/vc_column][vc_column width=&#8221;2\/3&#8243;][vc_custom_heading text=&#8221;Apresenta\u00e7\u00e3o&#8221; font_container=&#8221;tag:h2|text_align:left|color:%23b12028&#8243; use_theme_fonts=&#8221;yes&#8221;][vc_column_text]A s\u00e9tima edi\u00e7\u00e3o do Congresso das Am\u00e9ricas sobre Educa\u00e7\u00e3o Internacionais (CAEI) ocorreu de 19 a 22 de outubro de 2021 na modalidade virtual. Teve como tem\u00e1tica central: \u201cTra\u00e7ar o Futuro: Fortalecendo a Comunidade Global de Conhecimento\u201d.[\/vc_column_text][vc_video link=&#8221;https:\/\/www.youtube.com\/watch?v=MZn6Oreo0nU&#8221; el_width=&#8221;80&#8243;][vc_column_text]Durante essa edi\u00e7\u00e3o, foram realizadas mais de 80 sess\u00f5es e atividades com associa\u00e7\u00f5es chilenas, delega\u00e7\u00f5es internacionais e s\u00f3cios corporativos, enriquecendo a experi\u00eancia dos 1.120 participantes que, atrav\u00e9s de nossa plataforma virtual, puderam entrar em contato com diferentes organiza\u00e7\u00f5es e profissionais da \u00e1rea educa\u00e7\u00e3o internacional de todo o mundo.[\/vc_column_text][vc_column_text]<\/p>\n<h4><strong>Conferencistas: <\/strong><\/h4>\n<p>Conferencistas como Jeffrey Sachs, Diretor do Centro para o Desenvolvimento Sustent\u00e1vel e Promotor dos ODS para as Na\u00e7\u00f5es Unidas; Juan Eduardo Vargas, Subsecret\u00e1rio de Educa\u00e7\u00e3o Superior do Chile; Frederico Zaragoza, Reitor da College of Southern Nevada, entre outros, enriqueceram o programa acad\u00eamico e fizeram da agenda do CAEI Chile-2021 uma oportunidade de discuss\u00e3o e troca de conhecimentos em companhia dos 215 conferencistas que participaram do evento este ano.<\/p>\n<p><a href=\"https:\/\/caie-caei.org\/br\/palestrantes-2021\/\">Conhe\u00e7a aqui os conferencistas do CAEI 2021<\/a>[\/vc_column_text][vc_column_text]<\/p>\n<h4><strong>Programa Acad\u00eamico<\/strong><\/h4>\n<p>[\/vc_column_text][vc_toggle title=&#8221;Sess\u00f5es Plen\u00e1rias&#8221; style=&#8221;round_outline&#8221; color=&#8221;green&#8221; size=&#8221;lg&#8221;]<strong>Palestra de abertura \u2013 19 de outubro<\/strong><\/p>\n<p>Uma oportunidade para escutar e interagir com uma das refer\u00eancias mundiais em mat\u00e9ria de desenvolvimento sustent\u00e1vel e aumentar a consci\u00eancia sobre a import\u00e2ncia e a urg\u00eancia de construir uma comunidade global de conhecimento que permita acelerar as colabora\u00e7\u00f5es institucionais e fornecer solu\u00e7\u00f5es aos desafios comuns enquanto asseguramos a inclus\u00e3o e a participa\u00e7\u00e3o equitativa, promovendo o desenvolvimento e garantindo a sustentabilidade a longo prazo.<\/p>\n<p><strong>Palestrante: <\/strong><\/p>\n<p><strong>Prof. Jeffrey Sachs<\/strong>, Diretor do Centro para Desenvolvimento Sustent\u00e1vel e Promotor dos ODS para as Na\u00e7\u00f5es Unidas, Columbia University, Estados Unidos.<\/p>\n<p>&nbsp;<\/p>\n<p><strong>Sess\u00e3o Plen\u00e1ria \u2013 20 de Outubro<\/strong><\/p>\n<p><em>Tra\u00e7ando o Futuro da Educa\u00e7\u00e3o Superior: Perspectivas de Organiza\u00e7\u00f5es Internacionais e Multilaterais<\/em><\/p>\n<p>Esta sess\u00e3o re\u00fane a representatividade de organiza\u00e7\u00f5es multilaterais e agencias internacionais encarregadas de promover o desenvolvimento humano nas Am\u00e9ricas para compartilhar suas perspectivas, apresentar prioridades institucionais, programas e iniciativas destinadas a fomentar o papel do ensino superior como motor de mudan\u00e7a social e desenvolvimento.<\/p>\n<p><strong>Palestrantes: <\/strong><\/p>\n<p><strong>Juan Eduardo Vargas<\/strong>, Subsecret\u00e1rio de Educa\u00e7\u00e3o Superior do Chile, Chile.<\/p>\n<p><strong>Francesc Pedr\u00f3<\/strong>, Diretor do Instituto Internacional de Educa\u00e7\u00e3o Superior da UNESCO na Am\u00e9rica Latina e no Caribe (UNESCO IESALC), Venezuela.<\/p>\n<p><strong>Anna Posthuma<\/strong>, Diretora do Centro Interamericano para o Desenvolvimento de Conhecimento em Forma\u00e7\u00e3o Profissional (ILO\/Cinterfor), Uruguai.<\/p>\n<p><strong>Jes\u00fas Giacoman<\/strong>, Diretor do Departamento de Desenvolvimento Humano, Educa\u00e7\u00e3o e Emprego, Organiza\u00e7\u00e3o dos Estados Americanos (OEA), EUA.<\/p>\n<p>&nbsp;<\/p>\n<p><strong>Sess\u00e3o Plen\u00e1ria \u2013 21 de outubro<\/strong><\/p>\n<p><em>A Educa\u00e7\u00e3o Superior e seu Compromisso perante os Desafios Globais<\/em><\/p>\n<p>Esta sess\u00e3o plen\u00e1ria re\u00fane um painel de l\u00edderes de institui\u00e7\u00f5es de pesquisa de classe mundial de 3 pa\u00edses diferentes do continente para compartilhar sua perspectiva sobre os desafios mais importantes enfrentados pelo ensino superior e sua vis\u00e3o de como as institui\u00e7\u00f5es podem usar suas atividades acad\u00eamicas e de pesquisa para motivar colabora\u00e7\u00f5es e parcerias transnacionais para enfrentar os desafios de nosso tempo.<\/p>\n<p><strong>Palestrantes:<\/strong><\/p>\n<p><strong>Sophie D\u2019Amours<\/strong>, Presidente da Universit\u00e9 Laval, Canad\u00e1.<\/p>\n<p><strong>Denise Pires de Carvalho<\/strong>, Presidente da Universidade Federal do Rio de Janeiro (UFRJ), Brasil.<\/p>\n<p><strong>Ennio Vivaldi<\/strong>, Presidente da Universidade do Chile, Chile.<\/p>\n<p><strong>David Julien<\/strong>, Secret\u00e1rio Geral Executivo da Organiza\u00e7\u00e3o Universit\u00e1ria Interamericana (OUI), Canad\u00e1.<\/p>\n<p>&nbsp;<\/p>\n<p><strong>Sess\u00e3o Plen\u00e1ria &#8211; 22 de outubro<\/strong><\/p>\n<p><em>Tra\u00e7ando o Futuro: Educa\u00e7\u00e3o Internacional para as Am\u00e9ricas<\/em><\/p>\n<p>Esta Sess\u00e3o Plen\u00e1ria re\u00fane acad\u00eamicos renomados e especialistas em educa\u00e7\u00e3o superior com diversas origens geogr\u00e1ficas e experi\u00eancias culturais para compartilhar suas perspectivas sobre os desafios enfrentados pelo ensino superior e pela educa\u00e7\u00e3o internacional nas Am\u00e9ricas e as formas pelas quais nossas institui\u00e7\u00f5es podem fazer contribui\u00e7\u00f5es significativas para a melhoria de nossas sociedades.<\/p>\n<p><strong>Palestrantes:<\/strong><\/p>\n<p><strong>Hans de Vit<\/strong>, Distindo Membro e Ex-Diretor do Centro de Educa\u00e7\u00e3o Superior Internacional da Boston College, EUA.<\/p>\n<p><strong>Andr\u00e9s Bernasconi<\/strong>, Diretor do Centro de Estudos Avan\u00e7ados em Justi\u00e7a Educacional, Pontif\u00edcia Universidade Cat\u00f3lica do Chile (PUC), Chile.<\/p>\n<p><strong>Fanta Aw<\/strong>, Vice Presidente Excel\u00eancia Inclusive e Vida Universit\u00e1ria da American University, EUA.[\/vc_toggle][vc_toggle title=&#8221;Pain\u00e9is de especialistas&#8221; style=&#8221;round_outline&#8221; color=&#8221;green&#8221; size=&#8221;lg&#8221;]<strong>19 de outubro<\/strong><\/p>\n<p><em>Educa\u00e7\u00e3o para o Desenvolvimento Sustent\u00e1vel: Compromisso do Ensino Superior<\/em><\/p>\n<p>A comunidade global enfrenta desafios que condicionam e podem comprometer nosso futuro. Identificamos v\u00e1rias solu\u00e7\u00f5es, mas sua implementa\u00e7\u00e3o bem-sucedida depende em grande parte da participa\u00e7\u00e3o ativa e do engajamento das institui\u00e7\u00f5es de ensino superior com seu ambiente. A constru\u00e7\u00e3o de uma comunidade de conhecimento global nos oferece uma plataforma para facilitar os interc\u00e2mbios e articular solu\u00e7\u00f5es compartilhadas para os desafios mais importantes. Nesta sess\u00e3o, aprenderemos como institui\u00e7\u00f5es altamente engajadas abra\u00e7aram a Agenda para o Desenvolvimento Sustent\u00e1vel da ONU 2030 e est\u00e3o trabalhando com suas comunidades para promover o desenvolvimento e garantir a sustentabilidade a longo prazo.<\/p>\n<p><strong>Palestrantes:<\/strong><\/p>\n<p><strong>Josep Vilalta<\/strong>, Rede Universit\u00e1ria Global para a Inova\u00e7\u00e3o (GUNi) e Diretor Executivo da Associa\u00e7\u00e3o Catal\u00e3 de Universidades P\u00fablicas (ACUP), Espanha.<\/p>\n<p><strong>Brigitte Baptiste<\/strong>, Presidente da Universidad EAN, Col\u00f4mbia.<\/p>\n<p><strong>Eduardo Hebel<\/strong>, President da Universidad de la Frontera, Chile.<\/p>\n<p>&nbsp;<\/p>\n<p><strong>20 de outubro<\/strong><\/p>\n<p><em>Diversidade. Inclus\u00e3o. Equidade. Um novo acordo no ensino superior.<\/em><\/p>\n<p>Durante este Painel, l\u00edderes de diferentes regi\u00f5es do continente discutir\u00e3o a import\u00e2ncia de transformar as estruturas sociais e os sistemas educacionais existentes que afetam as popula\u00e7\u00f5es vulner\u00e1veis e desfavorecidas, a fim de garantir o acesso inclusivo e eq\u00fcitativo ao ensino superior. Os palestrantes apresentar\u00e3o exemplos e evid\u00eancias de programas e iniciativas institucionais e as formas pelas quais as institui\u00e7\u00f5es de ensino superior, os governos e a sociedade em geral podem articular solu\u00e7\u00f5es inclusivas e participativas para os desafios sociais.<\/p>\n<p><strong>Palestrantes:<\/strong><\/p>\n<p><strong>Daniel Quilaqueo<\/strong>, Diretor do Centro de Pesquisa em Educa\u00e7\u00e3o de Contexto Ind\u00edgena e Intercultural da Universidad Cat\u00f3lica de Temuco, Chile.<\/p>\n<p><strong>Wayne Frederick<\/strong>, Presidente da Howard University, Estados Unidos.<\/p>\n<p><strong>Cecilia Paredes<\/strong>, Presidente da Escuela Superior Polit\u00e9cnica del Litoral, Equador.<\/p>\n<p><strong>Myrna Cunningham<\/strong>, Presidente do Conselho Executivo do Fundo para o Desenvolvimento dos Povos Ind\u00edgenas da Am\u00e9rica Latina e Caribe (FILAC), Nicar\u00e1gua.<\/p>\n<p>&nbsp;<\/p>\n<p><em>Forma\u00e7\u00e3o T\u00e9cnica, Profissional e Profissional: Ferramentas para o Futuro<\/em><\/p>\n<p>Neste Painel, representantes de diferentes regi\u00f5es do continente, l\u00edderes nos setores de educa\u00e7\u00e3o e treinamento t\u00e9cnico e profissional, discutir\u00e3o como suas organiza\u00e7\u00f5es e as institui\u00e7\u00f5es que representam est\u00e3o respondendo \u00e0s demandas e mudan\u00e7as no ambiente de trabalho e adaptando suas institui\u00e7\u00f5es para oferecer treinamento e experi\u00eancias educacionais relevantes. Ser\u00e1 dada especial aten\u00e7\u00e3o ao tipo de iniciativa de colabora\u00e7\u00e3o que resultou em parcerias significativas e abrangentes.<\/p>\n<p><strong>Palestrantes: <\/strong><\/p>\n<p><strong>Juan Pablo Guzm\u00e1n<\/strong>, Presidente do Instituto Profissional e Centro de Forma\u00e7\u00e3o T\u00e9cnica Santo Tom\u00e1s, Chile.<\/p>\n<p><strong>Denise Amyot<\/strong>, Presidente e CEO das Colleges e Institutes Canada (CICan), Canad\u00e1.<\/p>\n<p><strong>Frederico Zaragoza<\/strong>, Reitor da College of Southern Nevada, USA.<\/p>\n<p><strong>Jefferson Manh\u00e3es de Azevedo<\/strong>, Vice-presidente de Rela\u00e7\u00f5es Institucionais, Conselho Nacional da Rede Federal de Educa\u00e7\u00e3o Profissional, Cient\u00edfica e Tecnol\u00f3gica, Brasil.<\/p>\n<p>&nbsp;<\/p>\n<p><strong>21 de Outubro<\/strong><\/p>\n<p><em>A Mudan\u00e7a do Cen\u00e1rio da Educa\u00e7\u00e3o Internacional: Uma Conversa Global. <\/em><\/p>\n<p>Nesta mesa redonda, representantes de associa\u00e7\u00f5es internacionais de educa\u00e7\u00e3o de diferentes regi\u00f5es do mundo compartilhar\u00e3o com os participantes a perspectiva de diferentes pa\u00edses e regi\u00f5es do mundo sobre o panorama em mudan\u00e7a da educa\u00e7\u00e3o internacional e como eles est\u00e3o adaptando suas estrat\u00e9gias de internacionaliza\u00e7\u00e3o em n\u00edvel institucional, nacional ou regional em conformidade.<\/p>\n<p><strong>Palestrante:<\/strong><\/p>\n<p><strong>Gerardo Blanco<\/strong>, Professor Associado e Diretor Acad\u00eamico do Centro de Ensino Superior Internacional (CIHE) da Boston College, EUA.<\/p>\n<p><strong>Anoek van der Berg<\/strong>, Diretora de Rela\u00e7\u00f5es Interinstitucionais da Universidad de Santiago de Chile (USACH), Chile.<\/p>\n<p><strong>Larissa Bezo<\/strong>, Presidente e CEO do Escrit\u00f3rio Canadense de Educa\u00e7\u00e3o Internacional (CBIE), Canad\u00e1.<\/p>\n<p><strong>Scott Venezia<\/strong>, Reitor para Assuntos Internacionais, Sistema Universit\u00e1rio CETYS, M\u00e9xico.[\/vc_toggle][vc_column_text]<\/p>\n<h4><strong>Expositores<\/strong><\/h4>\n<p>Governos, empresas e delega\u00e7\u00f5es internacionais como EduCanada, EducationUSA, Education New Zealand, DAAD, Jafsa-Jap\u00e3o, CBIE-Canada, Governo do Quebec, Study in Switzerland, Study in the Czech Republic, Altissia, Coursera, Unibuddy, UPlanner, View Sonic, entre outros, fizeram parte da CAEI Expo 2021. No total, 29 expositores conseguiram estabelecer contatos com institui\u00e7\u00f5es e participantes durante o congresso.<\/p>\n<p><a href=\"https:\/\/caie-caei.org\/patrocinios-y-expositores-2021\/\">Conhe\u00e7a mais de nossos expositores e patrocinadores aqui.<\/a>[\/vc_column_text][\/vc_column][\/vc_row][vc_row][vc_column][vc_empty_space][\/vc_column][\/vc_row][vc_row][vc_column][vc_custom_heading text=&#8221;Webinars 2021&#8243; use_theme_fonts=&#8221;yes&#8221;][vc_column_text]O Congresso das Am\u00e9ricas sobre Educa\u00e7\u00e3o Internacional (CAIE) oferece uma s\u00e9rie de webinars em cada edi\u00e7\u00e3o e convida toda a comunidade de ensino superior, assim como representantes dos setores p\u00fablico, privado e da sociedade civil a participar de v\u00e1rias discuss\u00f5es sobre inova\u00e7\u00e3o e internacionaliza\u00e7\u00e3o do ensino superior.[\/vc_column_text][vc_text_separator title=&#8221;LAN\u00c7AMENTO WEBINAR CAIEI CHILE 2021&#8243;][vc_column_text]O Congresso das Am\u00e9ricas sobre Educa\u00e7\u00e3o Internacional (CAIE) lan\u00e7a sua s\u00e9rie de Webinars 2021 para dar in\u00edcio \u00e0s discuss\u00f5es e animar as conversas para a reuni\u00e3o (virtual) deste ano.<\/p>\n<p>Convidamos os diferentes atores, l\u00edderes e profissionais ligados \u00e0 internacionaliza\u00e7\u00e3o do ensino superior nas Am\u00e9ricas e no mundo para participar do CAEI Chile-2021 e juntos &#8220;Tra\u00e7ar o Futuro&#8221;.<\/p>\n<p>Este primeiro webinar incluiu a participa\u00e7\u00e3o do Minist\u00e9rio da Educa\u00e7\u00e3o e do Presidente do Comit\u00ea Nacional como anfitri\u00f5es do CAEI Chile-2021, e a apresenta\u00e7\u00e3o do evento pelos diretores do CAEI 2021.[\/vc_column_text][vc_video link=&#8221;https:\/\/youtu.be\/FrwMLX6oVMA&#8221; el_width=&#8221;70&#8243; align=&#8221;center&#8221;][\/vc_column][\/vc_row][vc_row][vc_column width=&#8221;1\/2&#8243;][vc_text_separator title=&#8221;WEBINAR #1&#8243;][vc_column_text]Data: 13 de maio<\/p>\n<p>Tema: O Futuro do Trabalho: Perspectivas para o ensino e treinamento t\u00e9cnico e vocacional<\/p>\n<p>Durante esta sess\u00e3o, os membros do painel apresentar\u00e3o a situa\u00e7\u00e3o atual e o processo de evolu\u00e7\u00e3o que o ambiente de trabalho e a natureza do trabalho est\u00e1 passando. Na conversa eles abordar\u00e3o os efeitos que este processo est\u00e1 tendo no ensino e treinamento t\u00e9cnico e profissional, assim como algumas das a\u00e7\u00f5es que est\u00e3o sendo implementadas para responder e se adaptar a estas mudan\u00e7as. Sem d\u00favida, uma discuss\u00e3o que revisaremos durante a CAEI virtual em outubro.<\/p>\n<p><strong>Palestrantes: <\/strong><\/p>\n<p><strong>Anna Posthuma<\/strong>, Diretora do Centro Interamericano para o Desenvolvimento de Conhecimento em Forma\u00e7\u00e3o Profissional (ILO\/Cinterfor), Uruguai.<\/p>\n<p><strong>Frederico Zaragoza<\/strong>, Reitor da College of Southern Nevada e Vice-Presidente, Regi\u00e3o EUA da OUI-IOHE.<\/p>\n<p><strong>M\u00f3nica Brevis<\/strong>, Chefe de Divis\u00e3o, Educa\u00e7\u00e3o T\u00e9cnica Profissional Superior, Minist\u00e9rio da Educa\u00e7\u00e3o do Chile.<\/p>\n<p><strong>Idioma:<\/strong> espanhol e ingl\u00eas.[\/vc_column_text][vc_video link=&#8221;https:\/\/youtu.be\/dArs1xOHmLs&#8221;][\/vc_column][vc_column width=&#8221;1\/2&#8243;][vc_text_separator title=&#8221;WEBINAR #2&#8243;][vc_column_text]<strong>Data:<\/strong> 31 de agosto de 2021<\/p>\n<p><strong>TEMA:<\/strong> Covid-19 e ensino superior: analisar os desafios e maximizar as oportunidades.<\/p>\n<p>A pandemia Covid-19 causou uma perturba\u00e7\u00e3o sem precedentes em todos os aspectos de nossas vidas. No ensino superior em particular, criou novos desafios, mas tamb\u00e9m exp\u00f4s e destacou os existentes. Ao mesmo tempo, enfatizou a import\u00e2ncia do ensino superior e destacou o valor da colabora\u00e7\u00e3o acad\u00eamica e cient\u00edfica global.<\/p>\n<p>Com base nos resultados preliminares de duas pesquisas realizadas pela IAU e IAUP sobre o impacto do Covid-19 no ensino superior mundial, distintos <strong>palestrantes<\/strong> de 4 continentes diferentes descrever\u00e3o alguns dos principais desafios e discutir\u00e3o formas de superar e maximizar as oportunidades criadas pela pandemia.<\/p>\n<p><strong>Palestrantes: <\/strong><\/p>\n<p><strong>Dr. Lavern Samuels<\/strong>, Durban University de Technology e Associa\u00e7\u00e3o de Educa\u00e7\u00e3o Internacional da \u00c1frica do Sul (IEASA), \u00c1frica do Sul.<\/p>\n<p><strong>Prof. Tetsuo Morishita<\/strong>, Sophia University, Rede Japonesa de Educa\u00e7\u00e3o Internacional (JAFSA), Jap\u00e3o.<\/p>\n<p><strong>Prof. Fernando Le\u00f3n Garc\u00eda<\/strong>, Presidente, CETYS University e Presidente, Associa\u00e7\u00e3o Internacional de Presidentes Universit\u00e1rios (IAUP), M\u00e9xico.<\/p>\n<p><strong>Idioma:<\/strong> espanhol e ingl\u00eas.[\/vc_column_text][vc_video link=&#8221;https:\/\/youtu.be\/sZC9rH6n3tQ&#8221;][\/vc_column][\/vc_row][vc_row][vc_column][vc_text_separator title=&#8221;WEBINAR #3&#8243;][vc_column_text]<strong>Data:<\/strong> 22 de setembro de 2022<\/p>\n<p><strong>Tema:<\/strong> Ensino superior no Chile: defini\u00e7\u00f5es, avan\u00e7os e experi\u00eancias de v\u00ednculos internacionais.<\/p>\n<p>Os especialistas em justi\u00e7a criminal apresentar\u00e3o o cen\u00e1rio atual do ensino superior no Chile, avan\u00e7os e inova\u00e7\u00f5es que fortalecem o sistema e a contribui\u00e7\u00e3o para os v\u00ednculos internacionais. Ser\u00e1 apresentado um caso de sucesso em v\u00ednculo cient\u00edfico internacional que tornou poss\u00edvel a vacina para COVID-19 no Chile.<\/p>\n<p><strong>Palestrantes: <\/strong><\/p>\n<p><strong>Juan Eduardo Vargas<\/strong>, Subsecret\u00e1rio de Educa\u00e7\u00e3o Superior, Minist\u00e9rio da Educa\u00e7\u00e3o, Chile<\/p>\n<p><strong>Alexis Kalergis<\/strong>, Professor e diretor do Instituto de Imunologia e Imunoterapia, do Centro de Excel\u00eancia FOCIS, Pontificia Universidad Cat\u00f3lica de Chile.<\/p>\n<p><strong>Idioma:<\/strong> espanhol e ingl\u00eas.[\/vc_column_text][vc_video link=&#8221;https:\/\/youtu.be\/KWRoVTmed_I&#8221; el_width=&#8221;50&#8243;][\/vc_column][\/vc_row]<\/p>\n<\/div>","protected":false},"excerpt":{"rendered":"<p>[vc_row][vc_column][vc_custom_heading text=&#8221;CAEI CHILE- 2021&#8243; font_container=&#8221;tag:h2|text_align:left|color:%23b12028&#8243; use_theme_fonts=&#8221;yes&#8221;][\/vc_column][\/vc_row][vc_row][vc_column width=&#8221;1\/3&#8243;][vc_single_image image=&#8221;13414&#8243; img_size=&#8221;large&#8221;][\/vc_column][vc_column width=&#8221;2\/3&#8243;][vc_custom_heading text=&#8221;Apresenta\u00e7\u00e3o&#8221; font_container=&#8221;tag:h2|text_align:left|color:%23b12028&#8243; use_theme_fonts=&#8221;yes&#8221;][vc_column_text]A s\u00e9tima edi\u00e7\u00e3o do Congresso das Am\u00e9ricas sobre [&hellip;]<\/p>\n","protected":false},"author":4,"featured_media":0,"parent":0,"menu_order":0,"comment_status":"closed","ping_status":"closed","template":"","meta":{"_acf_changed":false,"_monsterinsights_skip_tracking":false,"_monsterinsights_sitenote_active":false,"_monsterinsights_sitenote_note":"","_monsterinsights_sitenote_category":0,"footnotes":""},"class_list":["post-7125","page","type-page","status-publish","hentry"],"acf":[],"aioseo_notices":[],"_links":{"self":[{"href":"https:\/\/oui-iohe.org\/pt-br\/wp-json\/wp\/v2\/pages\/7125","targetHints":{"allow":["GET"]}}],"collection":[{"href":"https:\/\/oui-iohe.org\/pt-br\/wp-json\/wp\/v2\/pages"}],"about":[{"href":"https:\/\/oui-iohe.org\/pt-br\/wp-json\/wp\/v2\/types\/page"}],"author":[{"embeddable":true,"href":"https:\/\/oui-iohe.org\/pt-br\/wp-json\/wp\/v2\/users\/4"}],"replies":[{"embeddable":true,"href":"https:\/\/oui-iohe.org\/pt-br\/wp-json\/wp\/v2\/comments?post=7125"}],"version-history":[{"count":7,"href":"https:\/\/oui-iohe.org\/pt-br\/wp-json\/wp\/v2\/pages\/7125\/revisions"}],"predecessor-version":[{"id":13423,"href":"https:\/\/oui-iohe.org\/pt-br\/wp-json\/wp\/v2\/pages\/7125\/revisions\/13423"}],"wp:attachment":[{"href":"https:\/\/oui-iohe.org\/pt-br\/wp-json\/wp\/v2\/media?parent=7125"}],"curies":[{"name":"wp","href":"https:\/\/api.w.org\/{rel}","templated":true}]}}