{"id":882,"date":"2018-11-06T15:48:07","date_gmt":"2018-11-06T20:48:07","guid":{"rendered":"http:\/\/www.oui-iohe.org\/contactenos\/"},"modified":"2025-03-11T20:29:55","modified_gmt":"2025-03-12T00:29:55","slug":"contate-nos","status":"publish","type":"page","link":"https:\/\/oui-iohe.org\/pt-br\/contate-nos\/","title":{"rendered":"Contate-nos"},"content":{"rendered":"<div class=\"wpb-content-wrapper\"><p>[vc_row css=&#8221;.vc_custom_1541513814645{margin-top: 20px !important;margin-bottom: 30px !important;}&#8221;][vc_column][vc_custom_heading text=&#8221;Equipe&#8221; use_theme_fonts=&#8221;yes&#8221;][vc_custom_heading text=&#8221;Secretaria executiva&#8221; font_container=&#8221;tag:h4|text_align:left&#8221; use_theme_fonts=&#8221;yes&#8221; el_class=&#8221;no-accent&#8221;][\/vc_column][\/vc_row][vc_row][vc_column width=&#8221;1\/4&#8243;][vc_single_image image=&#8221;9752&#8243;][vc_custom_heading text=&#8221;Secret\u00e1rio geral executivo&#8221; font_container=&#8221;tag:h6|text_align:left|color:%236fa317&#8243; use_theme_fonts=&#8221;yes&#8221; css=&#8221;.vc_custom_1634094176230{margin-bottom: 0px !important;}&#8221; el_class=&#8221;no-accent&#8221;][vc_empty_space][vc_column_text]David Julien[\/vc_column_text][\/vc_column][vc_column width=&#8221;1\/4&#8243;][vc_single_image image=&#8221;9780&#8243;][vc_custom_heading text=&#8221;Diretora acad\u00eamica&#8221; font_container=&#8221;tag:h6|text_align:left|color:%236fa317&#8243; use_theme_fonts=&#8221;yes&#8221; css=&#8221;.vc_custom_1634095918919{margin-bottom: 0px !important;}&#8221; el_class=&#8221;no-accent&#8221;][vc_empty_space][vc_column_text]Leticia Jim\u00e9nez[\/vc_column_text][\/vc_column][vc_column width=&#8221;1\/4&#8243;][vc_single_image image=&#8221;9756&#8243;][vc_custom_heading text=&#8221;Diretor de planejamento e desenvolvimento&#8221; font_container=&#8221;tag:h6|text_align:left|color:%236fa317&#8243; use_theme_fonts=&#8221;yes&#8221; css=&#8221;.vc_custom_1634095927730{margin-bottom: 0px !important;}&#8221; el_class=&#8221;no-accent&#8221;][vc_column_text]Fernando Daniels[\/vc_column_text][\/vc_column][vc_column width=&#8221;1\/4&#8243;][vc_single_image image=&#8221;9807&#8243;][vc_custom_heading text=&#8221;Diretora de rela\u00e7\u00f5es institucionais&#8221; font_container=&#8221;tag:h6|text_align:left|color:%236fa317&#8243; use_theme_fonts=&#8221;yes&#8221; css=&#8221;.vc_custom_1737392998633{margin-bottom: 0px !important;}&#8221; el_class=&#8221;no-accent&#8221;][vc_column_text]Claudia N\u00fa\u00f1ez del Arco[\/vc_column_text][\/vc_column][\/vc_row][vc_row css=&#8221;.vc_custom_1541453965737{margin-bottom: 30px !important;}&#8221;][vc_column][vc_empty_space][\/vc_column][\/vc_row][vc_row][vc_column width=&#8221;1\/4&#8243;][vc_single_image image=&#8221;9764&#8243;][vc_custom_heading text=&#8221;Comunica\u00e7\u00f5es&#8221; font_container=&#8221;tag:h6|text_align:left|color:%236fa317&#8243; use_theme_fonts=&#8221;yes&#8221; css=&#8221;.vc_custom_1634094354598{margin-bottom: 0px !important;}&#8221; el_class=&#8221;no-accent&#8221;][vc_column_text]Ana Mar\u00eda Gonz\u00e1lez[\/vc_column_text][\/vc_column][vc_column width=&#8221;1\/4&#8243;][vc_single_image image=&#8221;15338&#8243;][vc_custom_heading text=&#8221;Contabilidade&#8221; font_container=&#8221;tag:h6|text_align:left|color:%236fa317&#8243; use_theme_fonts=&#8221;yes&#8221; css=&#8221;.vc_custom_1634094434266{margin-bottom: 0px !important;}&#8221; el_class=&#8221;no-accent&#8221;][vc_column_text]Mar\u00eda Alejandra Gonz\u00e1lez[\/vc_column_text][\/vc_column][vc_column width=&#8221;1\/4&#8243;][vc_single_image image=&#8221;13029&#8243;][vc_custom_heading text=&#8221;Auxiliar administrativo e cont\u00e1bil&#8221; font_container=&#8221;tag:h6|text_align:left|color:%236fa317&#8243; use_theme_fonts=&#8221;yes&#8221; css=&#8221;.vc_custom_1669237342504{margin-bottom: 0px !important;}&#8221; el_class=&#8221;no-accent&#8221;][vc_column_text]Mar\u00eda del Rosario Solarte[\/vc_column_text][\/vc_column][\/vc_row][vc_row css=&#8221;.vc_custom_1541453965737{margin-bottom: 30px !important;}&#8221;][vc_column][vc_empty_space][\/vc_column][\/vc_row][vc_row][vc_column width=&#8221;1\/4&#8243;][vc_single_image image=&#8221;14674&#8243;][vc_custom_heading text=&#8221;Coordenadora de Projetos&#8221; font_container=&#8221;tag:h6|text_align:left|color:%236fa317&#8243; use_theme_fonts=&#8221;yes&#8221; css=&#8221;.vc_custom_1698537770061{margin-bottom: 0px !important;}&#8221; el_class=&#8221;no-accent&#8221;][vc_column_text]Aura Maria Monsalve Casta\u00f1eda[\/vc_column_text][\/vc_column][vc_column width=&#8221;1\/4&#8243;][vc_single_image image=&#8221;14678&#8243;][vc_custom_heading text=&#8221;Auxiliar Administrativo, Dire\u00e7\u00e3o Acad\u00eamica&#8221; font_container=&#8221;tag:h6|text_align:left|color:%236fa317&#8243; use_theme_fonts=&#8221;yes&#8221; css=&#8221;.vc_custom_1698537858191{margin-bottom: 0px !important;}&#8221; el_class=&#8221;no-accent&#8221;][vc_column_text]Vanessa Montiel[\/vc_column_text][\/vc_column][vc_column width=&#8221;1\/4&#8243;][vc_single_image image=&#8221;18322&#8243; css=&#8221;&#8221;][vc_custom_heading text=&#8221;Assistente de Rela\u00e7\u00f5es Institucionais&#8221; font_container=&#8221;tag:h6|text_align:left|color:%236fa317&#8243; use_theme_fonts=&#8221;yes&#8221; css=&#8221;.vc_custom_1741739393462{margin-bottom: 0px !important;}&#8221; el_class=&#8221;no-accent&#8221;][vc_column_text css=&#8221;&#8221;]Camila Palomino Padilla[\/vc_column_text][\/vc_column][\/vc_row][vc_row css=&#8221;.vc_custom_1541513814645{margin-top: 20px !important;margin-bottom: 30px !important;}&#8221;][vc_column][vc_custom_heading text=&#8221;Equipe CAEI 2025&#8243; font_container=&#8221;tag:h4|text_align:left&#8221; use_theme_fonts=&#8221;yes&#8221; css=&#8221;&#8221; el_class=&#8221;no-accent&#8221;][\/vc_column][\/vc_row][vc_row][vc_column width=&#8221;1\/4&#8243;][vc_single_image image=&#8221;18326&#8243; css=&#8221;&#8221;][vc_custom_heading text=&#8221;Coordenador Geral do CAEI&#8221; font_container=&#8221;tag:h6|text_align:left|color:%236fa317&#8243; use_theme_fonts=&#8221;yes&#8221; css=&#8221;.vc_custom_1741739374816{margin-bottom: 0px !important;}&#8221; el_class=&#8221;no-accent&#8221;][vc_column_text css=&#8221;&#8221;]<span style=\"font-family: arial, sans-serif;\">Fernando J. Quesada<\/span>[\/vc_column_text][\/vc_column][vc_column width=&#8221;1\/4&#8243;][vc_single_image image=&#8221;13475&#8243;][vc_custom_heading text=&#8221;Coordena\u00e7\u00e3o T\u00e9cnica&#8221; font_container=&#8221;tag:h6|text_align:left|color:%236fa317&#8243; use_theme_fonts=&#8221;yes&#8221; css=&#8221;.vc_custom_1677273124247{margin-bottom: 0px !important;}&#8221; el_class=&#8221;no-accent&#8221;][vc_column_text]Max Gabriel Gil[\/vc_column_text][\/vc_column][vc_column width=&#8221;1\/4&#8243;][vc_single_image image=&#8221;9842&#8243;][vc_custom_heading text=&#8221;Comunica\u00e7\u00f5es&#8221; font_container=&#8221;tag:h6|text_align:left|color:%236fa317&#8243; use_theme_fonts=&#8221;yes&#8221; css=&#8221;.vc_custom_1634094354598{margin-bottom: 0px !important;}&#8221; el_class=&#8221;no-accent&#8221;][vc_column_text]Mitchelle Mora[\/vc_column_text][\/vc_column][\/vc_row][vc_row css=&#8221;.vc_custom_1541453965737{margin-bottom: 30px !important;}&#8221;][vc_column][vc_empty_space][vc_custom_heading source=&#8221;post_title&#8221; use_theme_fonts=&#8221;yes&#8221;][\/vc_column][\/vc_row][vc_row][vc_column width=&#8221;1\/3&#8243;][vc_column_text]7077 Avenue du Parc, suite 2043<br \/>\nMontr\u00e9al, Qu\u00e9bec, Canada<br \/>\nH3N\u00a01X7<\/p>\n<p>(+1) 514-343-2235<\/p>\n<p class=\"p1\"><a href=\"mailto:info@oui-iohe.org\">info@oui-iohe.org<\/a><\/p>\n<p>[\/vc_column_text][\/vc_column][vc_column width=&#8221;2\/3&#8243;]\n<div class=\"wpcf7 no-js\" id=\"wpcf7-f896-o1\" lang=\"fr-FR\" dir=\"ltr\" data-wpcf7-id=\"896\">\n<div class=\"screen-reader-response\"><p role=\"status\" aria-live=\"polite\" aria-atomic=\"true\"><\/p> <ul><\/ul><\/div>\n<form action=\"\/pt-br\/wp-json\/wp\/v2\/pages\/882#wpcf7-f896-o1\" method=\"post\" class=\"wpcf7-form init\" aria-label=\"Formulaire de contact\" novalidate=\"novalidate\" data-status=\"init\">\n<fieldset class=\"hidden-fields-container\"><input type=\"hidden\" name=\"_wpcf7\" value=\"896\" \/><input type=\"hidden\" name=\"_wpcf7_version\" value=\"6.1.4\" \/><input type=\"hidden\" name=\"_wpcf7_locale\" value=\"fr_FR\" \/><input type=\"hidden\" name=\"_wpcf7_unit_tag\" value=\"wpcf7-f896-o1\" \/><input type=\"hidden\" name=\"_wpcf7_container_post\" value=\"0\" \/><input type=\"hidden\" name=\"_wpcf7_posted_data_hash\" value=\"\" \/>\n<\/fieldset>\n<p><span id=\"wpcf7-69fddb4ea2edb-wrapper\" class=\"wpcf7-form-control-wrap verification-wrap\" style=\"display:none !important; visibility:hidden !important;\"><label for=\"wpcf7-69fddb4ea2edb-field\" class=\"hp-message\">Veuillez laisser ce champ vide.<\/label><input id=\"wpcf7-69fddb4ea2edb-field\"  class=\"wpcf7-form-control wpcf7-text\" type=\"text\" name=\"verification\" value=\"\" size=\"40\" tabindex=\"-1\" autocomplete=\"new-password\" \/><\/span>\n<\/p>\n<div class=\"vc_row wpb_row vc_row-fluid\">\n<div class=\"wpcf7-response-output\" aria-hidden=\"true\"><\/div>\n<\/div>\n<div class=\"vc_row wpb_row vc_row-fluid\">\n\t<div class=\"wpb_column vc_column_container vc_col-sm-6\">\n\t\t<div class=\"vc_column-inner\">\n\t\t\t<p><label>Sobrenome<span class=\"required\">*<\/span><span class=\"wpcf7-form-control-wrap\" data-name=\"nom\"><input size=\"40\" maxlength=\"400\" class=\"wpcf7-form-control wpcf7-text wpcf7-validates-as-required\" aria-required=\"true\" aria-invalid=\"false\" value=\"\" type=\"text\" name=\"nom\" \/><\/span><\/label>\n\t\t\t<\/p>\n\t\t<\/div>\n\t<\/div>\n\t<div class=\"wpb_column vc_column_container vc_col-sm-6\">\n\t\t<div class=\"vc_column-inner\">\n\t\t\t<p><label>Nome<span class=\"required\">*<\/span><span class=\"wpcf7-form-control-wrap\" data-name=\"prenom\"><input size=\"40\" maxlength=\"400\" class=\"wpcf7-form-control wpcf7-text wpcf7-validates-as-required\" aria-required=\"true\" aria-invalid=\"false\" value=\"\" type=\"text\" name=\"prenom\" \/><\/span><\/label>\n\t\t\t<\/p>\n\t\t<\/div>\n\t<\/div>\n<\/div>\n<div class=\"vc_row wpb_row vc_row-fluid\">\n\t<div class=\"wpb_column vc_column_container vc_col-sm-6\">\n\t\t<div class=\"vc_column-inner\">\n\t\t\t<p><label>Institui\u00e7\u00e3o\/Organiza\u00e7\u00e3o<span class=\"wpcf7-form-control-wrap\" data-name=\"institution\"><input size=\"40\" maxlength=\"400\" class=\"wpcf7-form-control wpcf7-text\" aria-invalid=\"false\" value=\"\" type=\"text\" name=\"institution\" \/><\/span><\/label>\n\t\t\t<\/p>\n\t\t<\/div>\n\t<\/div>\n\t<div class=\"wpb_column vc_column_container vc_col-sm-6\">\n\t\t<div class=\"vc_column-inner\">\n\t\t\t<p><label>Email<span class=\"required\">*<\/span><span class=\"wpcf7-form-control-wrap\" data-name=\"courriel\"><input size=\"40\" maxlength=\"400\" class=\"wpcf7-form-control wpcf7-email wpcf7-validates-as-required wpcf7-text wpcf7-validates-as-email\" aria-required=\"true\" aria-invalid=\"false\" value=\"\" type=\"email\" name=\"courriel\" \/><\/span><\/label>\n\t\t\t<\/p>\n\t\t<\/div>\n\t<\/div>\n<\/div>\n<div class=\"vc_row wpb_row vc_row-fluid\">\n\t<div class=\"wpb_column vc_column_container vc_col-sm-12\">\n\t\t<div class=\"vc_column-inner\">\n\t\t\t<p><label>Para informa\u00e7\u00f5es sobre:<span class=\"required\">*<\/span><br \/>\n<span class=\"wpcf7-form-control-wrap\" data-name=\"sujet\"><select class=\"wpcf7-form-control wpcf7-select wpcf7-validates-as-required\" aria-required=\"true\" aria-invalid=\"false\" name=\"sujet\"><option value=\"\">Escolher um assunto<\/option><option value=\"Presid\u00eancia da OUI\">Presid\u00eancia da OUI<\/option><option value=\"Ades\u00e3o a OUI\">Ades\u00e3o a OUI<\/option><option value=\"Programas da OUI\">Programas da OUI<\/option><option value=\"Informa\u00e7\u00f5es gerais\">Informa\u00e7\u00f5es gerais<\/option><\/select><\/span><\/label>\n\t\t\t<\/p>\n\t\t<\/div>\n\t<\/div>\n<\/div>\n<div class=\"vc_row wpb_row vc_row-fluid\">\n\t<div class=\"wpb_column vc_column_container vc_col-sm-12\">\n\t\t<div class=\"vc_column-inner\">\n\t\t\t<p><label>Mensagem<span class=\"required\">*<\/span><span class=\"wpcf7-form-control-wrap\" data-name=\"message\"><textarea cols=\"40\" rows=\"10\" maxlength=\"2000\" class=\"wpcf7-form-control wpcf7-textarea wpcf7-validates-as-required\" aria-required=\"true\" aria-invalid=\"false\" name=\"message\"><\/textarea><\/span><\/label>\n\t\t\t<\/p>\n\t\t<\/div>\n\t<\/div>\n<\/div>\n<div class=\"vc_row wpb_row vc_row-fluid\">\n\t<div class=\"wpb_column vc_column_container vc_col-sm-9\">\n\t\t<div class=\"vc_column-inner\">\n\t\t\t<p><small><span class=\"required\">*<\/span> Campo necess\u00e1rio<\/small>\n\t\t\t<\/p>\n\t\t<\/div>\n\t<\/div>\n\t<div class=\"wpb_column vc_column_container vc_col-sm-3\">\n\t\t<div class=\"vc_column-inner medium-text-right\">\n\t\t\t<p><button class=\"button\" type=\"submit\">Enviar<\/button>\n\t\t\t<\/p>\n\t\t<\/div>\n\t<\/div>\n<\/div>\n<div class=\"cf7-cf-turnstile\" style=\"margin-top: 0px; margin-bottom: -15px;\"> <div id=\"cf-turnstile-cf7-4114087805\" class=\"cf-turnstile\" data-sitekey=\"0x4AAAAAAA1Ix-L3GQHQzU6p\" data-theme=\"light\" data-language=\"auto\" data-size=\"normal\" data-retry=\"auto\" data-retry-interval=\"1000\" data-refresh-expired=\"auto\" data-action=\"contact-form-7\" data-appearance=\"always\"><\/div> <script>document.addEventListener(\"DOMContentLoaded\", function() { setTimeout(function(){ var e=document.getElementById(\"cf-turnstile-cf7-4114087805\"); e&&!e.innerHTML.trim()&&(turnstile.remove(\"#cf-turnstile-cf7-4114087805\"), turnstile.render(\"#cf-turnstile-cf7-4114087805\", {sitekey:\"0x4AAAAAAA1Ix-L3GQHQzU6p\"})); }, 100); });<\/script> <br class=\"cf-turnstile-br cf-turnstile-br-cf7-4114087805\"> <style>#cf-turnstile-cf7-4114087805 { margin-left: -15px; }<\/style> <script>document.addEventListener(\"DOMContentLoaded\",function(){document.querySelectorAll('.wpcf7-form').forEach(function(e){e.addEventListener('submit',function(){if(document.getElementById('cf-turnstile-cf7-4114087805')){setTimeout(function(){turnstile.reset('#cf-turnstile-cf7-4114087805');},1000)}})})});<\/script> <\/div>\n<\/form>\n<\/div>\n[\/vc_column][\/vc_row]<\/p>\n<\/div>","protected":false},"excerpt":{"rendered":"<p>[vc_row css=&#8221;.vc_custom_1541513814645{margin-top: 20px !important;margin-bottom: 30px !important;}&#8221;][vc_column][vc_custom_heading text=&#8221;Equipe&#8221; use_theme_fonts=&#8221;yes&#8221;][vc_custom_heading text=&#8221;Secretaria executiva&#8221; font_container=&#8221;tag:h4|text_align:left&#8221; use_theme_fonts=&#8221;yes&#8221; el_class=&#8221;no-accent&#8221;][\/vc_column][\/vc_row][vc_row][vc_column width=&#8221;1\/4&#8243;][vc_single_image image=&#8221;9752&#8243;][vc_custom_heading text=&#8221;Secret\u00e1rio geral executivo&#8221; font_container=&#8221;tag:h6|text_align:left|color:%236fa317&#8243; use_theme_fonts=&#8221;yes&#8221; [&hellip;]<\/p>\n","protected":false},"author":4,"featured_media":866,"parent":0,"menu_order":0,"comment_status":"closed","ping_status":"closed","template":"","meta":{"_acf_changed":false,"_monsterinsights_skip_tracking":false,"_monsterinsights_sitenote_active":false,"_monsterinsights_sitenote_note":"","_monsterinsights_sitenote_category":0,"footnotes":""},"class_list":["post-882","page","type-page","status-publish","has-post-thumbnail","hentry"],"acf":[],"aioseo_notices":[],"_links":{"self":[{"href":"https:\/\/oui-iohe.org\/pt-br\/wp-json\/wp\/v2\/pages\/882","targetHints":{"allow":["GET"]}}],"collection":[{"href":"https:\/\/oui-iohe.org\/pt-br\/wp-json\/wp\/v2\/pages"}],"about":[{"href":"https:\/\/oui-iohe.org\/pt-br\/wp-json\/wp\/v2\/types\/page"}],"author":[{"embeddable":true,"href":"https:\/\/oui-iohe.org\/pt-br\/wp-json\/wp\/v2\/users\/4"}],"replies":[{"embeddable":true,"href":"https:\/\/oui-iohe.org\/pt-br\/wp-json\/wp\/v2\/comments?post=882"}],"version-history":[{"count":26,"href":"https:\/\/oui-iohe.org\/pt-br\/wp-json\/wp\/v2\/pages\/882\/revisions"}],"predecessor-version":[{"id":18332,"href":"https:\/\/oui-iohe.org\/pt-br\/wp-json\/wp\/v2\/pages\/882\/revisions\/18332"}],"wp:featuredmedia":[{"embeddable":true,"href":"https:\/\/oui-iohe.org\/pt-br\/wp-json\/wp\/v2\/media\/866"}],"wp:attachment":[{"href":"https:\/\/oui-iohe.org\/pt-br\/wp-json\/wp\/v2\/media?parent=882"}],"curies":[{"name":"wp","href":"https:\/\/api.w.org\/{rel}","templated":true}]}}